{"id":165,"date":"2017-09-04T21:15:32","date_gmt":"2017-09-04T21:15:32","guid":{"rendered":"https:\/\/glowlinguistics.org\/41\/?page_id=165"},"modified":"2018-05-17T22:46:21","modified_gmt":"2018-05-17T22:46:21","slug":"sem","status":"publish","type":"page","link":"https:\/\/glowlinguistics.org\/41\/sem\/","title":{"rendered":"semantics workshop"},"content":{"rendered":"<h1>The grammar and pragmatics of interrogatives and their (special) uses<\/h1>\n<p>organized by Hans-Martin Gaertner and Be\u00e1ta Gyuris<\/p>\n<p>invited speaker: Manfred Krifka (Berlin)<\/p>\n<p>time: Saturday, 14 April 2018<br \/>\nplace: <a href=\"https:\/\/www.google.hu\/maps\/place\/Budapest,+R%C3%A1k%C3%B3czi+%C3%BAt+5,+1088\/@47.4944681,19.059434,17z\/data=!3m1!4b1!4m5!3m4!1s0x4741dc4323e29233:0xbc8e5a1393721d0b!8m2!3d47.4944681!4d19.0616227\">R\u00e1k\u00f3czi \u00fat 5, 1088 Budapest<\/a>, R414<\/p>\n<h2>programme [<a href=\"http:\/\/seas3.elte.hu\/tmp\/glowabstracts\/glow41semantics-abstracts.pdf\">abstracts<\/a>]<\/h2>\n<dl>\n<dt>9:00\u20139:35<\/dt>\n<dd>Hans-Martin Gaertner &amp; Be\u00e1ta Gyuris: Introduction<\/dd>\n<dt>9:35\u201310:10<\/dt>\n<dd>Aritz Irurtzun. Deriving the lack of verbal wh-words from LF legibility conditions [<a href=\"http:\/\/seas3.elte.hu\/tmp\/glowabstracts\/glow41sem-Irurtzun.pdf\">abstract<\/a>]<\/dd>\n<dt>10:10\u201310:45<\/dt>\n<dd>Elena Castroviejo. On question tags and confirmation requests [<a href=\"http:\/\/seas3.elte.hu\/tmp\/glowabstracts\/glow41sem-Castroviejo.pdf\">abstract<\/a>] [<a target=\"base\" href=\"https:\/\/drive.google.com\/open?id=1Iy_TeI7YbuC_kddqqsW0JR6f7kFEryzw\">slides<\/a>]<\/dd>\n<dt>10:45\u201311:00<\/dt>\n<dd>break<\/dd>\n<dt>11:00\u201311:35<\/dt>\n<dd>Rebecca Woods and Tom Roeper. Non-adult questions in child language: manipulating bias and Questions Under Discussion [<a href=\"http:\/\/seas3.elte.hu\/tmp\/glowabstracts\/glow41sem-Woods-Roeper.pdf\">abstract<\/a>]<\/dd>\n<dt>11:35\u201312:10<\/dt>\n<dd>Maria Biezma, Miriam Butt and Farhat Jabeen. Polar Questions vs Kya Questions in Hindi\/Urdu [<a href=\"http:\/\/seas3.elte.hu\/tmp\/glowabstracts\/glow41sem-Biezma-Butt-Jabeen.pdf\">abstract<\/a>]<\/dd>\n<dt>12:10\u201312:45<\/dt>\n<dd>Bernhard Schwarz and Alexandra Simonenko. Wh-restrictor plurality and question pragmatics [<a href=\"http:\/\/seas3.elte.hu\/tmp\/glowabstracts\/glow41sem-Schwarz-Simonenko.pdf\">abstract<\/a>]<\/dd>\n<dt>12:45\u201314:10<\/dt>\n<dd>break<\/dd>\n<dt>14:10\u201315:10<\/dt>\n<dd>Manfred Krifka. Questions in Commitment Spaces<\/dd>\n<dt>15:10\u201315:45<\/dt>\n<dd>Andreas Haida and Tue Trinh. Questioning and time [<a href=\"http:\/\/seas3.elte.hu\/tmp\/glowabstracts\/glow41sem-Haida-Trinh.pdf\">abstract<\/a>]<\/dd>\n<dt>15:45\u201316:00<\/dt>\n<dd>break<\/dd>\n<dt>16:00\u201316:35<\/dt>\n<dd>Alessandra Giorgi and Chiara Dal Farra. Towards an integrated model of adversative questions: the case of Italian ma (but) [<a href=\"http:\/\/seas3.elte.hu\/tmp\/glowabstracts\/glow41sem-Giorgi-DalFarra.pdf\">abstract<\/a>]<\/dd>\n<dt>16:35\u201317:10<\/dt>\n<dd>Andreas Pankau. Why &#8216;n is not denn &#8211; Evidence from Special Questions [<a href=\"http:\/\/seas3.elte.hu\/tmp\/glowabstracts\/glow41sem-Pankau.pdf\">abstract<\/a>] [<a target=\"base\" href=\"http:\/\/seas3.elte.hu\/tmp\/glowstuff\/glow41sem-Pankau-handout.pdf\">handout<\/a>]<\/dd>\n<dt>17:10\u201317:45<\/dt>\n<dd>Josef Bayer. Particles ex-situ in Emphatic Wh-Questions [<a href=\"http:\/\/seas3.elte.hu\/tmp\/glowabstracts\/glow41sem-Bayer.pdf\">abstract<\/a>]<\/dd>\n<\/dl>\n<h2>description<\/h2>\n<p>It is well-known that beyond their default association with standard questions acts (Searle 1969), interrogative clauses can be employed for a wide variety of \u201cspecial\u201d uses.  These have been classified, among others, as rhetorical, expository, reflective, surprise-and-disapproval, reprise, exam and quiz questions (cf., e.g., Truckenbrodt 2004).  It is also well-known that such special uses can be signaled by special grammatical means\u00a0\u2212 prosody, word order, particles etc.\u00a0\u2212 giving rise to \u201cspecial interrogatives\u201d in many languages (cf., e.g., Obenauer 2006).  Our workshop is intended to bring together researchers interested in contributing to deeper and more systematic descriptions and theoretical modelings of \u201cthe grammar and pragmatics of interrogatives and their (special) uses.\u201d  Topics that may be addressed at the workshop include but are by no means exhausted by:<\/p>\n<ul>\n<li>prosody, e.g., (use-related) shifts\/modulations of falling and rising contours\n<li>lexicon, e.g., the behavior of specialized pronouns like why-like-what\n<li>morphosyntax, e.g., the structure of clausal peripheries\n<li>semantics, e.g., the role of standard and non-standard question denotations\n<li>pragmatics, e.g., the impact of special question acts on commitments\n<li>typology, e.g., inventories of (interrogative) clause types\n<\/ul>\n<p>We particularly welcome contributions tackling interrelations among the above domains.<\/p>\n<p><font size=\"-1\"><\/p>\n<ul>\n<li>Obenauer, Hans-Georg. 2006. \u201cSpecial Interrogatives, Left Periphery, Wh-Doubling, and (Apparently) Optional Elements.\u201d Pp. 247-73 in Romance Language and Linguistic Theory 2004, edited by Jenny Doetjes and Paz Gonz\u00e1lez. Amsterdam: John Benjamins.\n<li>Searle, John. 1969. Speech Acts. Cambridge: CUP.\n<li>Truckenbrodt, Hubert. 2004. \u201eZur Strukturbedeutung von Interrogativs\u00e4tzen.\u201c  Linguistische Berichte 199:313-50.\n<\/ul>\n<p><\/font><\/p>\n<h2>abstract submission<\/h2>\n<p>The same abstract may not be submitted to both the main colloquium and a workshop.<\/p>\n<p>No abstract may be longer than 2 pages (A4 or letter size) with 1in margins, set single spaced in a 12pt font. Abstracts must be anonymous, self references should be avoided. Please make sure that there is no indication of the authors\u2019 identity in the file submitted. (Files uploaded to Easychair are renamed by the system, but a PDF file may contain hidden information about its author or creator.)<\/p>\n<p>You can submit an abstract to the workshop via Easychair: <a href=\"https:\/\/easychair.org\/conferences\/?conf=glow41sem\">https:\/\/easychair.org\/conferences\/?conf=glow41sem<\/a><\/p>\n<p>The deadline for submitting abstracts is 15 November.<\/p>\n<p><img loading=\"lazy\" decoding=\"async\" src=\"https:\/\/glowlinguistics.org\/41\/wp-content\/uploads\/sites\/2\/2017\/09\/bok-choy-1922455_640-300x200.jpg\" alt=\"\" width=\"300\" height=\"200\" class=\"alignnone size-medium wp-image-184\" srcset=\"https:\/\/glowlinguistics.org\/41\/wp-content\/uploads\/sites\/2\/2017\/09\/bok-choy-1922455_640-300x200.jpg 300w, https:\/\/glowlinguistics.org\/41\/wp-content\/uploads\/sites\/2\/2017\/09\/bok-choy-1922455_640.jpg 640w\" sizes=\"auto, (max-width: 300px) 100vw, 300px\" \/><\/p>\n","protected":false},"excerpt":{"rendered":"<p>The grammar and pragmatics of interrogatives and their (special) uses organized by Hans-Martin Gaertner and Be\u00e1ta Gyuris invited speaker: Manfred Krifka (Berlin) time: Saturday, 14 April 2018 place: R\u00e1k\u00f3czi \u00fat 5, 1088 Budapest, R414 programme [abstracts] 9:00\u20139:35 Hans-Martin Gaertner &amp; Be\u00e1ta Gyuris: Introduction 9:35\u201310:10 Aritz Irurtzun. Deriving the lack of verbal wh-words from LF legibility &hellip; <\/p>\n<p class=\"link-more\"><a href=\"https:\/\/glowlinguistics.org\/41\/sem\/\" class=\"more-link\">Continue reading<span class=\"screen-reader-text\"> &#8220;semantics workshop&#8221;<\/span><\/a><\/p>\n","protected":false},"author":4,"featured_media":0,"parent":0,"menu_order":0,"comment_status":"closed","ping_status":"closed","template":"","meta":{"footnotes":""},"class_list":["post-165","page","type-page","status-publish","hentry"],"_links":{"self":[{"href":"https:\/\/glowlinguistics.org\/41\/wp-json\/wp\/v2\/pages\/165","targetHints":{"allow":["GET"]}}],"collection":[{"href":"https:\/\/glowlinguistics.org\/41\/wp-json\/wp\/v2\/pages"}],"about":[{"href":"https:\/\/glowlinguistics.org\/41\/wp-json\/wp\/v2\/types\/page"}],"author":[{"embeddable":true,"href":"https:\/\/glowlinguistics.org\/41\/wp-json\/wp\/v2\/users\/4"}],"replies":[{"embeddable":true,"href":"https:\/\/glowlinguistics.org\/41\/wp-json\/wp\/v2\/comments?post=165"}],"version-history":[{"count":28,"href":"https:\/\/glowlinguistics.org\/41\/wp-json\/wp\/v2\/pages\/165\/revisions"}],"predecessor-version":[{"id":654,"href":"https:\/\/glowlinguistics.org\/41\/wp-json\/wp\/v2\/pages\/165\/revisions\/654"}],"wp:attachment":[{"href":"https:\/\/glowlinguistics.org\/41\/wp-json\/wp\/v2\/media?parent=165"}],"curies":[{"name":"wp","href":"https:\/\/api.w.org\/{rel}","templated":true}]}}