{"id":172,"date":"2017-09-04T21:22:13","date_gmt":"2017-09-04T21:22:13","guid":{"rendered":"https:\/\/glowlinguistics.org\/41\/?page_id=172"},"modified":"2018-05-30T13:51:51","modified_gmt":"2018-05-30T13:51:51","slug":"sign","status":"publish","type":"page","link":"https:\/\/glowlinguistics.org\/41\/sign\/","title":{"rendered":"sign language workshop"},"content":{"rendered":"<h1>Sign Language Syntax and Linguistic Theory<\/h1>\n<p><b>a workshop dedicated to the memory of <a target=\"base\" href=\"http:\/\/signlab.haifa.ac.il\/index.php\/2013-01-16-09-49-17\/irit-meir\">Irit Meir<\/a><\/b><\/p>\n<p>organized by Bal\u00e1zs Sur\u00e1nyi, Tam\u00e1s Halm, and Veronika Heged\u0171s<\/p>\n<p>invited speaker: Markus Steinbach (University of G\u00f6ttingen)<\/p>\n<p>time: Saturday, 14 April 2018<br \/>\nplace: <a href=\"https:\/\/www.google.hu\/maps\/place\/Budapest,+R%C3%A1k%C3%B3czi+%C3%BAt+5,+1088\/@47.4944681,19.059434,17z\/data=!3m1!4b1!4m5!3m4!1s0x4741dc4323e29233:0xbc8e5a1393721d0b!8m2!3d47.4944681!4d19.0616227\">R\u00e1k\u00f3czi \u00fat 5, 1088 Budapest<\/a>, R423<br \/>\nnote: interpretation will be provided into Hungarian Sign Language during oral presentations<\/p>\n<div style=\"width: 525px;\" class=\"wp-video\"><video class=\"wp-video-shortcode\" id=\"video-172-1\" width=\"525\" height=\"295\" preload=\"metadata\" controls=\"controls\"><source type=\"video\/mp4\" src=\"http:\/\/www.nytud.hu\/conf\/glow2018.mp4?_=1\" \/><a href=\"http:\/\/www.nytud.hu\/conf\/glow2018.mp4\">http:\/\/www.nytud.hu\/conf\/glow2018.mp4<\/a><\/video><\/div>\n<h2>programme [<a target=\"base\" href=\"http:\/\/seas3.elte.hu\/tmp\/glowabstracts\/glow41signlanguage-abstracts.pdf\">abstracts<\/a>]<\/h2>\n<dt>8:50\u20139:00<\/dt>\n<dd>opening<\/dd>\n<dt>9:00\u20139:35<\/dt>\n<dd>Carlo Cecchetto and Caterina Donati: On the realization of wh-features in sign languages: a step into LIS [<a target=\"base\" href=\"http:\/\/seas3.elte.hu\/tmp\/glowabstracts\/glow41sign-Cecchettio-Donati.pdf\">abstract<\/a>]<\/dd>\n<dt>9:35\u201310:10<\/dt>\n<dd>Sara Ca\u00f1as: Nonmanual marking of polar interrogatives in Catalan Sign Language (LSC): Approaching the puzzle through a feature-based theory of biases [<a target=\"base\" href=\"http:\/\/seas3.elte.hu\/tmp\/glowabstracts\/glow41sign-Canas.pdf\">abstract<\/a>]<\/dd>\n<dt>10:10\u201310:45<\/dt>\n<dd>Judy Kegl and Conor Quinn: Role Prominence in American Sign Language and the Proximate\/Obviative Contrast in Algonquian Languages [<a target=\"base\" href=\"http:\/\/seas3.elte.hu\/tmp\/glowabstracts\/glow41sign-Kegl-Quinn.pdf\">abstract<\/a>] [<a target=\"base\" href=\"http:\/\/seas3.elte.hu\/tmp\/glowstuff\/glow41sign-Kegl-Quinn-slides.pdf\">slides<\/a>]<\/dd>\n<dt>10:45\u201311:00<\/dt>\n<dd>coffee break<\/dd>\n<dt>11:00\u201311:35<\/dt>\n<dd>Julia Krebs and Ronnie B. Wilbur: Are agreement markers in Austrian Sign Language (\u00d6GS) really AUX? [<a target=\"base\" href=\"http:\/\/seas3.elte.hu\/tmp\/glowabstracts\/glow41sign-Krebs-Wilbur.pdf\">abstract<\/a>] [<a target=\"base\" href=\"http:\/\/seas3.elte.hu\/tmp\/glowstuff\/glow41sign-Krebs-Wilbur-slides.pdf\">slides<\/a>]<\/dd>\n<dt>11:35\u201312:10<\/dt>\n<dd>Isaac Gomes, Cilene Rodrigues and Josep Quer: An experimental study on the time window for acquisition of verb agreement in Brazilian Sign Language [<a target=\"base\" href=\"http:\/\/seas3.elte.hu\/tmp\/glowabstracts\/glow41sign-Gomes-Rodrigues-Quer.pdf\">abstract<\/a>] [<a target=\"base\" href=\"https:\/\/drive.google.com\/file\/d\/1FSZmsGOD-PPxayxZDZSI4ngGVyJB3FTb\/view?usp=drive_web\">slides<\/a>]<\/dd>\n<dt>12:10\u201312:45<\/dt>\n<dd>Vadim Kimmelman and Evgeniia Khristoforova: On the nature of classifiers in Russian Sign Language [<a target=\"base\" href=\"http:\/\/seas3.elte.hu\/tmp\/glowabstracts\/glow41sign-Kimmelman-Khristoforova.pdf\">abstract<\/a>] [<a target=\"base\" href=\"http:\/\/seas3.elte.hu\/tmp\/glowstuff\/glow41sign-Kimmelman-Khristoforova-slides.pdf\">slides<\/a>]<\/dd>\n<dt>12:45\u201314:00<\/dt>\n<dd>lunch break<\/dd>\n<dt>14:00\u201314:35<\/dt>\n<dd>Josep Quer: Reduplication revisited: verbal plurality and exhaustivity in the visual-gestural modality [<a target=\"base\" href=\"http:\/\/seas3.elte.hu\/tmp\/glowabstracts\/glow41sign-Quer.pdf\">abstract<\/a>] [<a target=\"base\" href=\"http:\/\/seas3.elte.hu\/tmp\/glowstuff\/glow41sign-Quer-slides.pdf\">slides<\/a>]<\/dd>\n<dt>14:35\u201315:10<\/dt>\n<dd>Mojm\u00edr Do\u010dekal, Hana Stracho\u0148ov\u00e1, Ond\u0159ej Klof\u00e1\u010d, Mirka Tylov\u00e1 and Ivana Kup\u010d\u00edkov\u00e1: Semantics of distributivity in Czech Sign Language [<a target=\"base\" href=\"http:\/\/seas3.elte.hu\/tmp\/glowabstracts\/glow41sign-Docekal-Strachanova-Klofac-Tylova-Kupcikova.pdf\">abstract<\/a>] [<a target=\"base\" href=\"https:\/\/owncloud.cesnet.cz\/index.php\/s\/5qHj6GTawoU4FnQ\">handout<\/a>, you can get links to the videos from Mojm\u00edr]<\/dd>\n<dt>15:10\u201315:45<\/dt>\n<dd>Helen Koulidobrova: The Mass Problem: A Classifier Solution [<a target=\"base\" href=\"http:\/\/seas3.elte.hu\/tmp\/glowabstracts\/glow41sign-Koulidobrova.pdf\">abstract<\/a>]<\/dd>\n<dt>15:45\u201316:00<\/dt>\n<dd>coffee break<\/dd>\n<dt>16:00\u201317:00<\/dt>\n<dd>poster session<\/p>\n<ul>\n<li>Elena Benedicto: Verbal Classifiers (vCLSF) and Agreement: a formal matter [<a target=\"base\" href=\"http:\/\/seas3.elte.hu\/tmp\/glowabstracts\/glow41sign-Benedicto.pdf\">abstract<\/a>] [<a target=\"base\" href=\"http:\/\/seas3.elte.hu\/tmp\/glowstuff\/glow41sign-Benedicto-poster.pdf\">poster<\/a>] [<a target=\"base\" href=\"http:\/\/seas3.elte.hu\/tmp\/glowstuff\/glow41sign-Benedicto-paper.pdf\">paper<\/a>]<\/li>\n<li>Fabian Bross: More Evidence for an Iconic Mapping of Clausal Categories Onto the Body in German Sign Language (Deutsche Geb\u00e4rdensprache) [<a target=\"base\" href=\"http:\/\/seas3.elte.hu\/tmp\/glowabstracts\/glow41sign-Bross.pdf\">abstract<\/a>] [<a target=\"base\" href=\"http:\/\/seas3.elte.hu\/tmp\/glowstuff\/glow41sign-Bross-poster.pdf\">poster<\/a>]<\/li>\n<li>Chiara Calderone: Prosody and Syntax of sentence topics in Italian Sign Language [<a target=\"base\" href=\"http:\/\/seas3.elte.hu\/tmp\/glowabstracts\/glow41sign-Calderone.pdf\">abstract<\/a>] [<a target=\"base\" href=\"https:\/\/drive.google.com\/file\/d\/1q0IEa7bz0H9xRQocGerkZ2rEz5lq6_47\/view?usp=sharing\">poster<\/a>] [<a target=\"base\" href=\"https:\/\/drive.google.com\/file\/d\/16CbQzDiz6GKW7DUtag7k6cQD4zVe18Gr\/view?usp=sharing\">handout<\/a>]<\/li>\n<li>Elena Fornasiero: Understanding Size and Shape Classifiers in Italian Sign Language [<a target=\"base\" href=\"http:\/\/seas3.elte.hu\/tmp\/glowabstracts\/glow41sign-Fornasiero.pdf\">abstract<\/a>] [<a target=\"base\" href=\"http:\/\/seas3.elte.hu\/tmp\/glowstuff\/glow41sign-Fornasiero-poster.pdf\">poster<\/a>]<\/li>\n<li>Marloes Oomen: Iconic variables and null subjects in German Sign Language (DGS) [<a target=\"base\" href=\"http:\/\/seas3.elte.hu\/tmp\/glowabstracts\/glow41sign-Oomen.pdf\">abstract<\/a>] [<a target=\"base\" href=\"http:\/\/seas3.elte.hu\/tmp\/glowstuff\/glow41sign-Oomen-poster.pdf\">poster<\/a>]<\/li>\n<li>Matic Pavli\u010d: Spatial terms and conditions of Sign Language Agreement [<a target=\"base\" href=\"http:\/\/seas3.elte.hu\/tmp\/glowabstracts\/glow41sign-Pavlic.pdf\">abstract<\/a>]<\/li>\n<li>Giorgia Zorzi: Mismatch in gapping: \u03c6-features in Catalan Sign Language (LSC) [<a target=\"base\" href=\"http:\/\/seas3.elte.hu\/tmp\/glowabstracts\/glow41sign-Zorzi.pdf\">abstract<\/a>] [<a target=\"base\" href=\"http:\/\/seas3.elte.hu\/tmp\/glowstuff\/glow41sign-Zorzi-poster.pdf\">poster<\/a>]<\/li>\n<\/ul>\n<\/dd>\n<dt>17:00\u201318:00<\/dt>\n<dd>Markus Steinbach: Spatial features\u00a0\u2014 The Syntax and Semantics of R-loci in German Sign Language<\/dd>\n<h2>description<\/h2>\n<p>Linguistic research on typologically different sign languages (SLs) over the past fifty years has demonstrated vividly that SL grammars incorporate grammatical systems of pronominal reference, quantification, agreement, subordination, mood, aspect, and rules of sign order that are comparable to that found in spoken languages, including their historical development, acquisition, processing and variation. Taking this general conclusion to be well-established, a prominent trend of research focuses on those aspects of SL grammar that nevertheless appear to make SLs different from spoken languages. Such apparently SL-specific grammatical properties pose potentially fruitful challenges to the study of Universal Grammar (UG), and they offer illuminating perspectives on the ways sign languages are shaped by the gestural-visual nature of their modality (including the use of space, non-manuals, simultaneity, the interaction with gesture, etc).<\/p>\n<p>This workshop provides a forum for the discussion of theoretical, and theoretically oriented typological and psycholinguistic aspects of SL syntax whose analysis contributes to a better understanding of UG, as well as the ways in which UG interacts with the properties of the gestural-visual modality to yield apparently SL-specific linguistic structures and phenomena.<\/p>\n<p>Possible topics include, but are not limited to, the grammatical systems of:<\/p>\n<ul>\n<li>syntactic categories<\/li>\n<li>agreement (incl. verbal agreement, classifier constructions, role shift)<\/li>\n<li>anaphor binding<\/li>\n<li>coordination and subordination<\/li>\n<li>syntactic displacement<\/li>\n<li>sentence types<\/li>\n<li>information structure<\/li>\n<li>ellipsis<\/li>\n<\/ul>\n<h2>abstract submission<\/h2>\n<p>The same abstract may not be submitted to both the main colloquium and a workshop.<\/p>\n<p>No abstract may be longer than 2 pages (A4 or letter size) with 1in margins, set single spaced in a 12pt font. Abstracts must be anonymous, self references should be avoided. Please make sure that there is no indication of the authors\u2019 identity in the file submitted. (Files uploaded to Easychair are renamed by the system, but a PDF file may contain hidden information about its author or creator.)<\/p>\n<p>You can submit an abstract to the workshop via Easychair: <a href=\"https:\/\/easychair.org\/conferences\/?conf=glow41sign\">https:\/\/easychair.org\/conferences\/?conf=glow41sign<\/a><\/p>\n<p>The deadline for submitting abstracts is 15 November.<\/p>\n<p><img loading=\"lazy\" decoding=\"async\" class=\"alignnone  wp-image-190\" src=\"https:\/\/glowlinguistics.org\/41\/wp-content\/uploads\/sites\/2\/2017\/09\/agricultural-1239425_640-300x200.jpg\" alt=\"\" width=\"293\" height=\"195\" srcset=\"https:\/\/glowlinguistics.org\/41\/wp-content\/uploads\/sites\/2\/2017\/09\/agricultural-1239425_640-300x200.jpg 300w, https:\/\/glowlinguistics.org\/41\/wp-content\/uploads\/sites\/2\/2017\/09\/agricultural-1239425_640.jpg 640w\" sizes=\"auto, (max-width: 293px) 100vw, 293px\" \/><\/p>\n","protected":false},"excerpt":{"rendered":"<p>Sign Language Syntax and Linguistic Theory a workshop dedicated to the memory of Irit Meir organized by Bal\u00e1zs Sur\u00e1nyi, Tam\u00e1s Halm, and Veronika Heged\u0171s invited speaker: Markus Steinbach (University of G\u00f6ttingen) time: Saturday, 14 April 2018 place: R\u00e1k\u00f3czi \u00fat 5, 1088 Budapest, R423 note: interpretation will be provided into Hungarian Sign Language during oral presentations &hellip; <\/p>\n<p class=\"link-more\"><a href=\"https:\/\/glowlinguistics.org\/41\/sign\/\" class=\"more-link\">Continue reading<span class=\"screen-reader-text\"> &#8220;sign language workshop&#8221;<\/span><\/a><\/p>\n","protected":false},"author":4,"featured_media":0,"parent":0,"menu_order":0,"comment_status":"closed","ping_status":"closed","template":"","meta":{"footnotes":""},"class_list":["post-172","page","type-page","status-publish","hentry"],"_links":{"self":[{"href":"https:\/\/glowlinguistics.org\/41\/wp-json\/wp\/v2\/pages\/172","targetHints":{"allow":["GET"]}}],"collection":[{"href":"https:\/\/glowlinguistics.org\/41\/wp-json\/wp\/v2\/pages"}],"about":[{"href":"https:\/\/glowlinguistics.org\/41\/wp-json\/wp\/v2\/types\/page"}],"author":[{"embeddable":true,"href":"https:\/\/glowlinguistics.org\/41\/wp-json\/wp\/v2\/users\/4"}],"replies":[{"embeddable":true,"href":"https:\/\/glowlinguistics.org\/41\/wp-json\/wp\/v2\/comments?post=172"}],"version-history":[{"count":58,"href":"https:\/\/glowlinguistics.org\/41\/wp-json\/wp\/v2\/pages\/172\/revisions"}],"predecessor-version":[{"id":659,"href":"https:\/\/glowlinguistics.org\/41\/wp-json\/wp\/v2\/pages\/172\/revisions\/659"}],"wp:attachment":[{"href":"https:\/\/glowlinguistics.org\/41\/wp-json\/wp\/v2\/media?parent=172"}],"curies":[{"name":"wp","href":"https:\/\/api.w.org\/{rel}","templated":true}]}}