{"id":195,"date":"2017-09-04T21:46:06","date_gmt":"2017-09-04T21:46:06","guid":{"rendered":"https:\/\/glowlinguistics.org\/41\/?page_id=195"},"modified":"2018-04-30T09:57:59","modified_gmt":"2018-04-30T09:57:59","slug":"mc","status":"publish","type":"page","link":"https:\/\/glowlinguistics.org\/41\/mc\/","title":{"rendered":"main colloquium"},"content":{"rendered":"<h1>main colloquium<\/h1>\n<p>organized by Veronika Heged\u0171s and P\u00e9ter Szigetv\u00e1ri<\/p>\n<p>time: Wednesday\u2013Friday, 11\u201313 April 2018<br \/>\nplace: <a target=\"base\" href=\"https:\/\/www.google.hu\/maps\/place\/Budapest,+Sz%C3%A9chenyi+Istv%C3%A1n+t%C3%A9r+9,+1051\/@47.501014,19.0443537,17z\/data=!3m1!4b1!4m5!3m4!1s0x4741dc15e9\">Sz\u00e9chenyi Istv\u00e1n t\u00e9r 9, 1051 Budapest, Nagyterem<\/a><br \/>\n(events marked <font color=\"red\">*<\/font> take place elsewhere)<\/p>\n<h2>full programme<\/h2>\n<dl>\n<h4>Tuesday 10 April: syntax and phonology workshops<\/h4>\n<p><font color=\"gray\"><\/p>\n<dt><font color=\"red\">*<\/font>Tue 10 Apr, 0830\u20130900 (offsite!)<\/dt>\n<dd>registration<\/dd>\n<dt><font color=\"red\">*<\/font>Tue 10 Apr, 0830\u20131830 (offsite!)<\/dt>\n<dd><a href=\"\/41\/syn\/\" \/>workshop on predication in relation to propositions and properties<\/a><\/dd>\n<dt><font color=\"red\">*<\/font>Tue 10 Apr, 0830\u20131800 (offsite!)<\/dt>\n<dd><a href=\"\/41\/phon\/\" \/>workshop on long-distance segmental phenomena<\/a><\/dd>\n<p><\/font><\/p>\n<dt><font color=\"red\">*<\/font>Tue 10 Apr, 1900\u20132100<\/dt>\n<dd>welcome reception (Kr\u00fady-terem)<\/dd>\n<h3>main colloquium begins [<a href=\"http:\/\/seas3.elte.hu\/tmp\/glowabstracts\/glow41main-abstracts.pdf\">abstracts<\/a>]<\/h3>\n<h4>Wednesday 11 April: main colloquium, day 1<\/h4>\n<dt>Wed 11 Apr, 0800\u20130845<\/dt>\n<dd>registration<\/dd>\n<dt>Wed 11 Apr, 0845\u20130900<\/dt>\n<dd>introduction<\/dd>\n<dt>Wed 11 Apr, 0900\u20131000<\/dt>\n<dd>Gary Thoms, David Adger, Caroline Heycock and Jennifer Smith. The curious development of &#8216;have&#8217;-raising [<a target=\"base\" href=\"http:\/\/seas3.elte.hu\/tmp\/glowabstracts\/glow41-Thoms-Adger-Heycock-Smith.pdf\">abstract<\/a>] [<a target=\"base\" href=\"https:\/\/bit.ly\/2ECT2t7\">slides<\/a>]<\/dd>\n<dt>Wed 11 Apr, 1000\u20131100<\/dt>\n<dd>Guillaume Enguehard. French Liaison and Vowel Elision are symmetrical OCP effects [<a target=\"base\" href=\"http:\/\/seas3.elte.hu\/tmp\/glowabstracts\/glow41-Enguehard.pdf\">abstract<\/a>]<\/dd>\n<dt>Wed 11 Apr, 1100\u20131130<\/dt>\n<dd>coffee<\/dd>\n<dt>Wed 11 Apr, 1130\u20131230<\/dt>\n<dd>Stanislao Zomp\u00ec. Ergative is not inherent: Evidence from *ABA in suppletion and syncretism [<a target=\"base\" href=\"http:\/\/seas3.elte.hu\/tmp\/glowabstracts\/glow41-Zompi.pdf\">abstract<\/a>] [<a target=\"base\" href=\"http:\/\/seas3.elte.hu\/tmp\/glowstuff\/glow41-Zompi-handout.pdf\">handout<\/a>]<\/dd>\n<dt>Wed 11 Apr, 1230\u20131400<\/dt>\n<dd>lunch<\/dd>\n<dt>Wed 11 Apr, 1400\u20131500<\/dt>\n<dd>Christine Marquardt. Opacity in Moje\u00f1o Trinitario Reduplication: A Harmonic Serialism Account [<a target=\"base\" href=\"http:\/\/seas3.elte.hu\/tmp\/glowabstracts\/glow41-Marquardt.pdf\">abstract<\/a>]<\/dd>\n<dt>Wed 11 Apr, 1505\u20131550<\/dt>\n<dd>poster lightning talks<\/dd>\n<dt><font color=\"red\">*<\/font>Wed 11 Apr, 1550\u20131700<\/dt>\n<dd>posters &amp; coffee (Kr\u00fady-terem)<\/p>\n<ul>\n<li>Johanna Benz. Affix order and the availability of phonological information [<a target=\"base\" href=\"http:\/\/seas3.elte.hu\/tmp\/glowabstracts\/glow41-Benz.pdf\">abstract<\/a>]<\/li>\n<li>Tamas Biro. From Harmonic Grammar to Optimality Theory: Production and maturation in q-HG [<a target=\"base\" href=\"http:\/\/seas3.elte.hu\/tmp\/glowabstracts\/glow41-Biro.pdf\">abstract<\/a>] [<a target=\"_blank\" href=\"http:\/\/birot.web.elte.hu\/files\/GLOW41-poster.pdf\">poster<\/a>]<\/li>\n<li>Jan Casalicchio, Francesco Maria Ciconte and Roberta D&#8217;Alessandro. On phasal domains and the difference between subject and object clitics [<a target=\"base\" href=\"http:\/\/seas3.elte.hu\/tmp\/glowabstracts\/glow41-Casalicchio-Ciconte-DAlessandro.pdf\">abstract<\/a>] [<a target=\"base\" href=\"http:\/\/seas3.elte.hu\/tmp\/glowstuff\/glow41-Casalicchio-Ciconte-DAlessandro-poster.pdf\">poster<\/a>]<\/li>\n<li>Tingchun Chen. Multiple case assignment and case-stacking in Amis [<a target=\"base\" href=\"http:\/\/seas3.elte.hu\/tmp\/glowabstracts\/glow41-Chen.pdf\">abstract<\/a>] [<a target=\"base\" href=\"https:\/\/www.dropbox.com\/s\/0v9lzuk5xki32z8\/\nChenT_2018_GLOW41_handout_Amis_casestacking.pdf?dl=0\">handout<\/a>]<\/li>\n<li>Emily Clem. Disharmony and the Final-Over-Final Condition in Amahuaca [<a target=\"base\" href=\"http:\/\/seas3.elte.hu\/tmp\/glowabstracts\/glow41-Clem.pdf\">abstract<\/a>] [<a target=\"base\" href=\"http:\/\/linguistics.berkeley.edu\/~eclem\/clem-2018-fofc-glow41.pdf\">handout<\/a>]<\/li>\n<li>Karen De Clercq. The internal syntax of Q-words [<a target=\"base\" href=\"http:\/\/seas3.elte.hu\/tmp\/glowabstracts\/glow41-DeClercq.pdf\">abstract<\/a>] [<a target=\"base\" href=\"http:\/\/seas3.elte.hu\/tmp\/glowstuff\/glow41-DeClercq-poster.pdf\">poster<\/a>]<\/li>\n<li>Lieven Danckaert. Rethinking the origins of Old Romance V-to-C movement [<a target=\"base\" href=\"http:\/\/seas3.elte.hu\/tmp\/glowabstracts\/glow41-Danckaert.pdf\">abstract<\/a>] [<a target=\"base\" href=\"http:\/\/seas3.elte.hu\/tmp\/glowstuff\/glow41-Danckaert-poster.pdf\">poster<\/a>]<\/li>\n<li>Julianne Doner. The Anchoring Domain and the EPP [<a target=\"base\" href=\"http:\/\/seas3.elte.hu\/tmp\/glowabstracts\/glow41-Doner.pdf\">abstract<\/a>] [<a target=\"base\" href=\"https:\/\/www.dropbox.com\/s\/321vz2t16iq9ka2\/\nDoner%20GLOW%20anchoring%20handout%202018.pdf?dl=0\">handout<\/a>]<\/li>\n<li>Naomi Francis. On even in presupposition denials [<a target=\"base\" href=\"http:\/\/seas3.elte.hu\/tmp\/glowabstracts\/glow41-Francis.pdf\">abstract<\/a>] [<a target=\"base\" href=\"http:\/\/web.mit.edu\/nfrancis\/www\/GLOW41%20NFrancis.pdf\">poster<\/a>]<\/li>\n<li><s>John Grinstead, Morgan Oates, Melissa Nieves-Rivera and Ram\u00f3n Padilla-Reyes. Quantifier Relationships in the Lexicon: Scalar Competence and Performance [<a target=\"base\" href=\"http:\/\/seas3.elte.hu\/tmp\/glowabstracts\/glow41-PadillaReyes-Grinstead-NievesRivera-Oats.pdf\">abstract<\/a>]<\/s> (cancelled)<\/li>\n<li>James Griffiths, G\u00fcliz G\u00fcne\u015f and Anik\u00f3 Lipt\u00e1k. Reprise Fragments in Minimalism: an in-situ analysis [<a target=\"base\" href=\"http:\/\/seas3.elte.hu\/tmp\/glowabstracts\/glow41-Griffiths-Gunes-Liptak.pdf\">abstract<\/a>]<\/li>\n<li>Tamas Halm. Grammaticalization without Feature Economy: Evidence from the Voice Cycle in Hungarian [<a target=\"base\" href=\"http:\/\/seas3.elte.hu\/tmp\/glowabstracts\/glow41-Halm.pdf\">abstract<\/a>] [<a target=\"base\" href=\"http:\/\/seas3.elte.hu\/tmp\/glowstuff\/glow41-Halm-poster.pdf\">poster<\/a>] [<a target=\"base\" href=\"http:\/\/seas3.elte.hu\/tmp\/glowstuff\/glow41-Halm-handout.pdf\">handout<\/a>]<\/li>\n<li>Paloma Jeretic. Structured Questions in Turkish [<a target=\"base\" href=\"http:\/\/seas3.elte.hu\/tmp\/glowabstracts\/glow41-Jeretic.pdf\">abstract<\/a>] [<a target=\"base\" href=\"http:\/\/seas3.elte.hu\/tmp\/glowstuff\/glow41-Jeretic-poster.pdf\">poster<\/a>]<\/li>\n<li>Carina Kauf and Hedde Zeijlstra. Explaining the Ambiguity of Embedded Past Tense Morphology [<a target=\"base\" href=\"http:\/\/seas3.elte.hu\/tmp\/glowabstracts\/glow41-Kauf-Zeijlstra.pdf\">abstract<\/a>]<\/li>\n<li>Maria Kouneli. Adjectival modification in Kipsigis [<a target=\"base\" href=\"http:\/\/seas3.elte.hu\/tmp\/glowabstracts\/glow41-Kouneli.pdf\">abstract<\/a>]<\/li>\n<li>Kuniya Nasukawa and Phillip Backley. Vowel weakening reveals hierarchical segment structure [<a target=\"base\" href=\"http:\/\/seas3.elte.hu\/tmp\/glowabstracts\/glow41-Nasukawa-Backley.pdf\">abstract<\/a>]<\/li>\n<li>Heather Newell. There are no Bracketing Paradoxes, or How to be a Modular Grammarian [<a target=\"base\" href=\"http:\/\/seas3.elte.hu\/tmp\/glowabstracts\/glow41-Newell.pdf\">abstract<\/a>] [<a target=\"base\" href=\"http:\/\/seas3.elte.hu\/tmp\/glowstuff\/glow41-Newell-poster.pdf\">poster<\/a>]<\/li>\n<li>Arthur Santana. Is there reduction via laxing in northern dialects of Brazilian Portuguese? [<a target=\"base\" href=\"http:\/\/seas3.elte.hu\/tmp\/glowabstracts\/glow41-Santana.pdf\">abstract<\/a>] [<a target=\"base\" href=\"\/\/arthurpsantana.github.io\/docs\/poster-glow.pdf\">poster<\/a>]<\/li>\n<li>Sandhya Sundaresan. Modelling selectional variation for indexical shift [<a target=\"base\" href=\"http:\/\/seas3.elte.hu\/tmp\/glowabstracts\/glow41-Sundaresan.pdf\">abstract<\/a>]<\/li>\n<li>Neda Todorovic. Licensing future [<a target=\"base\" href=\"http:\/\/seas3.elte.hu\/tmp\/glowabstracts\/glow41-Todorovic.pdf\">abstract<\/a>] [<a target=\"base\" href=\"http:\/\/seas3.elte.hu\/tmp\/glowstuff\/glow41-Todorovic-poster.pdf\">poster<\/a>] [<a target=\"base\" href=\"http:\/\/seas3.elte.hu\/tmp\/glowstuff\/glow41-Todorovic-handout.pdf\">handout<\/a>]<\/li>\n<li>Laurence Voeltzel. The Faroese Rhotic and OL Clusters [<a target=\"base\" href=\"http:\/\/seas3.elte.hu\/tmp\/glowabstracts\/glow41-Voeltzel.pdf\">abstract<\/a>]<\/li>\n<li>Joanna Zaleska. Coalescence as autosegmental spreading and delinking [<a target=\"base\" href=\"http:\/\/seas3.elte.hu\/tmp\/glowabstracts\/glow41-Zaleska.pdf\">abstract<\/a>]<\/li>\n<\/ul>\n<\/dd>\n<dt>Wed 11 Apr, 1600\u20131700<\/dt>\n<dd>coffee<\/dd>\n<dt>Wed 11 Apr, 1700\u20131800<\/dt>\n<dd>Alejo Alcaraz. Deep and Surface clitics in Northern Castilian Spanish [<a target=\"base\" href=\"http:\/\/seas3.elte.hu\/tmp\/glowabstracts\/glow41-Alcaraz.pdf\">abstract<\/a>]<\/dd>\n<dt>Wed 11 Apr, 1800\u20131900<\/dt>\n<dd>Yuriy Kushnir. Accent Strength in Lithuanian Prosody [<a target=\"base\" href=\"http:\/\/seas3.elte.hu\/tmp\/glowabstracts\/glow41-Kushnir.pdf\">abstract<\/a>] [<a href=\"http:\/\/home.uni-leipzig.de\/~yuriykushnir\/uploads\/GLOW_41_Yuriy_Kushnir_handout.pdf\" target=\"_blank\">handout<\/a>]<\/dd>\n<h4>Thursday 12 April: main colloquium, day 2<\/h4>\n<dt>Thu 12 Apr, 0830\u20130900<\/dt>\n<dd>registration<\/dd>\n<dt>Thu 12 Apr, 0900\u20131000<\/dt>\n<dd>Christopher Green and Abbie Hantgan-Sonko. Word-level ATR asymmetry: Insights from Bondu-so vowel harmony [<a target=\"base\" href=\"http:\/\/seas3.elte.hu\/tmp\/glowabstracts\/glow41-Green-HantganSonko.pdf\">abstract<\/a>]<\/dd>\n<dt>Thu 12 Apr, 1000\u20131100<\/dt>\n<dd>Imke Driemel and Jude Nformi. On pure focus movement in Syntax &#8212; Observations from Limbum [<a target=\"base\" href=\"http:\/\/seas3.elte.hu\/tmp\/glowabstracts\/glow41-Driemel-Nformi.pdf\">abstract<\/a>] [<a target=\"base\" href=\"http:\/\/seas3.elte.hu\/tmp\/glowstuff\/glow41-Driemel-Nformi-handout.pdf\">handout<\/a>]<\/dd>\n<dt>Thu 12 Apr, 1100\u20131130<\/dt>\n<dd>coffee<\/dd>\n<dt>Thu 12 Apr, 1130\u20131230<\/dt>\n<dd>Thomas McFadden. Tamil allocutive agreement and the syntax of the SpeechAct Phrase [<a target=\"base\" href=\"http:\/\/seas3.elte.hu\/tmp\/glowabstracts\/glow41-McFadden.pdf\">abstract<\/a>] [<a target=\"base\" href=\"http:\/\/seas3.elte.hu\/tmp\/glowstuff\/glow41-McFadden-handout.pdf\">handout<\/a>]<\/dd>\n<dt>Thu 12 Apr, 1230\u20131400<\/dt>\n<dd>lunch<\/dd>\n<dt>Thu 12 Apr, 1400\u20131500<\/dt>\n<dd>Hadas Kotek and Matthew Barros. Which QuD? [<a target=\"base\" href=\"http:\/\/seas3.elte.hu\/tmp\/glowabstracts\/glow41-Kotek-Barros.pdf\">abstract<\/a>] [<a target=\"base\" href=\"http:\/\/seas3.elte.hu\/tmp\/glowstuff\/glow41-Kotek-Barros-handout.pdf\">handout<\/a>]<\/dd>\n<dt>Thu 12 Apr, 1505\u20131550<\/dt>\n<dd>poster lightning talks<\/dd>\n<dt><font color=\"red\">*<\/font>Thu 12 Apr, 1550\u20131700<\/dt>\n<dd>posters &amp; coffee (Kr\u00fady-terem)<\/p>\n<ul>\n<li>Bronwyn M. Bjorkman, Elizabeth Cowper and Daniel Siddiqi. Unifying -ing without &#8220;participles&#8221; [<a target=\"base\" href=\"http:\/\/seas3.elte.hu\/tmp\/glowabstracts\/glow41-Bjorkman-Cowper-Siddiqi.pdf\">abstract<\/a>] [<a target=\"base\" href=\"https:\/\/www.dropbox.com\/s\/9keggagzktgaa2c\/Bjorkman-Cowper-Siddiqi-handout.pdf?dl=0\">handout<\/a>]<\/li>\n<li>Kenyon Branan and Abdul-Razak Sulemana. Covert movement licenses parasitic gaps [<a target=\"base\" href=\"http:\/\/seas3.elte.hu\/tmp\/glowabstracts\/glow41-Branan-Sulemana.pdf\">abstract<\/a>]<\/li>\n<li>Pietro Cerrone and Hiromune Oda. Reinterpreting ne-cliticization as split-topicalization [<a target=\"base\" href=\"http:\/\/seas3.elte.hu\/tmp\/glowabstracts\/glow41-Cerrone-Oda.pdf\">abstract<\/a>]<\/li>\n<li>Karen De Clercq and Liliane Haegeman. DIE second root clauses in the Ghent dialect (2nd alternate syntax talk) [<a target=\"base\" href=\"http:\/\/seas3.elte.hu\/tmp\/glowabstracts\/glow41-DeClercq-Haegeman.pdf\">abstract<\/a>] [<a target=\"base\" href=\"http:\/\/seas3.elte.hu\/tmp\/glowstuff\/glow41-DeClercq-Haegeman-poster.pdf\">poster<\/a>]<\/li>\n<li>Noam Faust, Nicola Lampitelli and Shanti Ulfsbjorninn. Prepositions of Italian unite! A non-allomorphic account of preposition-article sequences [<a target=\"base\" href=\"http:\/\/seas3.elte.hu\/tmp\/glowabstracts\/glow41-Faust-Lampitelli-Ulfsbjorninn.pdf\">abstract<\/a>] [<a target=\"base\" href=\"https:\/\/noamfaust.files.wordpress.com\/2018\/04\/prepart_poster.pdf\">poster<\/a>]<\/li>\n<li>Guilherme D. Garcia. Regulating the interaction between lexical statistics and the grammar: a naturalness bias in learning weight [<a target=\"base\" href=\"http:\/\/seas3.elte.hu\/tmp\/glowabstracts\/glow41-Garcia.pdf\">abstract<\/a>] [<a target=\"base\" href=\"https:\/\/www.dropbox.com\/s\/adpr23n28dvxpri\/glow41_garcia.pdf?raw=1\">poster<\/a>]<\/li>\n<li>Melanie Hobich. What do you want for a drink? The structure of the German was f\u00fcr-construction in light of historic data [<a target=\"base\" href=\"http:\/\/seas3.elte.hu\/tmp\/glowabstracts\/glow41-Hobich.pdf\">abstract<\/a>]<\/li>\n<li><s>Lisa Hofmann. German Sentential Stress Reconsidered (1st alternate phonology talk) [<a target=\"base\" href=\"http:\/\/seas3.elte.hu\/tmp\/glowabstracts\/glow41-Hofmann.pdf\">abstract<\/a>]<\/s><\/li>\n<li>Kanako Ikeda, Tomohiro Fujii and Kyoko Yamakoshi. Position of Why in Children&#8217;s Clause Structure: Evidence from English and Japanese [<a target=\"base\" href=\"http:\/\/seas3.elte.hu\/tmp\/glowabstracts\/glow41-Ikeda-Fujii-Yamakoshi.pdf\">abstract<\/a>] [<a target=\"base\" href=\"http:\/\/seas3.elte.hu\/tmp\/glowstuff\/glow41-Ikeda-Fujii-Yamakoshi-poster.pdf\">poster<\/a>]<\/li>\n<li>Sampson Korsah and Andrew Murphy. Clausal determiners and DP shells in Kwa [<a target=\"base\" href=\"http:\/\/seas3.elte.hu\/tmp\/glowabstracts\/glow41-Korsah-Murphy.pdf\">abstract<\/a>]<\/li>\n<li>Jeremy Kuhn, Lara Mantovan and Carlo Geraci. Low referentiality in LSF and LIS [<a target=\"base\" href=\"http:\/\/seas3.elte.hu\/tmp\/glowabstracts\/glow41-Kuhn-Mantovan-Geraci.pdf\">abstract<\/a>]<\/li>\n<li>Ora Matushansky and Joost Zwarts. Axes to grind [<a target=\"base\" href=\"http:\/\/seas3.elte.hu\/tmp\/glowabstracts\/glow41-Matushansky-Zwarts.pdf\">abstract<\/a>] [<a target=\"base\" href=\"http:\/\/seas3.elte.hu\/tmp\/glowstuff\/glow41-Matushansky-Zwarts-poster.pdf\">poster<\/a>] [<a target=\"base\" href=\"http:\/\/seas3.elte.hu\/tmp\/glowstuff\/glow41-Matushansky-Zwarts-handout.pdf\">handout<\/a>]<\/li>\n<li>Ivan Ortega-Santos. What Deictic Gestures Tell Us about the Syntax-Gesture Interface: Gestural Pronouns in an Oral Language [<a target=\"base\" href=\"http:\/\/seas3.elte.hu\/tmp\/glowabstracts\/glow41-Ortega-Santos.pdf\">abstract<\/a>]<\/li>\n<li>Marcel Pitteroff and Marika Lekakou. In the event of a disposition [<a target=\"base\" href=\"http:\/\/seas3.elte.hu\/tmp\/glowabstracts\/glow41-Pitteroff-Lekakou.pdf\">abstract<\/a>] [<a target=\"base\" href=\"http:\/\/seas3.elte.hu\/tmp\/glowstuff\/glow41-Pitteroff-Lekakou-poster.pdf\">poster<\/a>]<\/li>\n<li>Radek \u0160im\u00edk. On wh-questions, wh-relatives, and their kin [<a target=\"base\" href=\"http:\/\/seas3.elte.hu\/tmp\/glowabstracts\/glow41-Simik.pdf\">abstract<\/a>] [<a target=\"base\" href=\"https:\/\/amor.cms.hu-berlin.de\/~simikrad\/pdf\/simik-GLOW41_poster.pdf\">poster<\/a>]<\/li>\n<li>Kensuke Takita. Voice-Mismatches under Japanese N\u2019-Deletion and Syntactic Identity [<a target=\"base\" href=\"http:\/\/seas3.elte.hu\/tmp\/glowabstracts\/glow41-Takita.pdf\">abstract<\/a>] [<a target=\"base\" href=\"https:\/\/drive.google.com\/open?id=1h41vUl-XxXRfn3csS0xKMlCJ4btlkULG\">poster<\/a>] [<a target=\"base\" href=\"https:\/\/drive.google.com\/open?id=1YKTsz1B0T4jUbP4A_OSjc-aKzJQJ0ar5\">handout<\/a>]<\/li>\n<li>Lyn Tieu and Zheng Shen. Interpretive restrictions on superlatives in full vs. fragment answers [<a target=\"base\" href=\"http:\/\/seas3.elte.hu\/tmp\/glowabstracts\/glow41-Tieu-Shen.pdf\">abstract<\/a>]<\/li>\n<li>Jozina Vander Klok. Must the external argument be a topic? Answers from answers in Javanese [<a target=\"base\" href=\"http:\/\/seas3.elte.hu\/tmp\/glowabstracts\/glow41-VanderKlok.pdf\">abstract<\/a>] [<a target=\"base\" href=\"http:\/\/seas3.elte.hu\/tmp\/glowstuff\/glow41-VanderKlok-poster.pdf\">poster<\/a>]<\/li>\n<li>Laura Vela-Plo. Comparative coordination in the nominal domain [<a target=\"base\" href=\"http:\/\/seas3.elte.hu\/tmp\/glowabstracts\/glow41-Vela-Plo.pdf\">abstract<\/a>] [<a target=\"base\" href=\"http:\/\/doi.org\/10.5281\/zenodo.1219196\">poster<\/a>]<\/li>\n<li>Jenneke van der Wal. Bantu flexible argument licensing [<a target=\"base\" href=\"http:\/\/seas3.elte.hu\/tmp\/glowabstracts\/glow41-VanderWal.pdf\">abstract<\/a>]<\/li>\n<li><s>Philipp Weisser. Deriving Allomorphy and Suppletion as PF-Idioms (1st alternate syntax talk) [<a target=\"base\" href=\"http:\/\/seas3.elte.hu\/tmp\/glowabstracts\/glow41-Weisser.pdf\">abstract<\/a>]<\/s> (changed to talk)<\/li>\n<li>S\u0142awomir Zdziebko. Polish \/e\/-Backing and the nature of lexical diacritics (2nd alternate phonology talk) [<a target=\"base\" href=\"http:\/\/seas3.elte.hu\/tmp\/glowabstracts\/glow41-Zdziebko.pdf\">abstract<\/a>]<\/li>\n<\/ul>\n<\/dd>\n<dt>Thu 12 Apr, 1600\u20131700<\/dt>\n<dd>coffee<\/dd>\n<dt>Thu 12 Apr, 1700\u20131800<\/dt>\n<dd><s>Florian Sch\u00e4fer. Revisiting Visser\u2019s Generalization [<a target=\"base\" href=\"http:\/\/seas3.elte.hu\/tmp\/glowabstracts\/glow41-Schaefer.pdf\">abstract<\/a>]<\/s> (cancelled)<\/dd>\n<dd>Philipp Weisser. Deriving Allomorphy and Suppletion as PF-Idioms [<a target=\"base\" href=\"http:\/\/seas3.elte.hu\/tmp\/glowabstracts\/glow41-Weisser.pdf\">abstract<\/a>] [<a target=\"base\" href=\"http:\/\/philippweisser.de\/Glow41Weisser.pdf\">slides<\/a>]<\/dd>\n<dt>Thu 12 Apr, 1800\u20131900<\/dt>\n<dd>Fenna Bergsma. Mismatches in free relatives [<a target=\"base\" href=\"http:\/\/seas3.elte.hu\/tmp\/glowabstracts\/glow41-Bergsma.pdf\">abstract<\/a>] [<a target=\"base\" href=\"http:\/\/user.uni-frankfurt.de\/~bergsma\/glow41-Bergsma-handout.pdf\">handout<\/a>]<\/dd>\n<h4>Friday 13 April: main colloquium, day 3<\/h4>\n<dt>Fri 13 Apr, 0900\u20131000<\/dt>\n<dd>Doreen Georgi. On the nature of ATB-movement: insights from reflexes of movement [<a target=\"base\" href=\"http:\/\/seas3.elte.hu\/tmp\/glowabstracts\/glow41-Georgi.pdf\">abstract<\/a>] [<a target=\"base\" href=\"http:\/\/www.doreengeorgi.com\/handouts\/ATBreflexes_slides_GLOW41.pdf\">slides<\/a>]<\/dd>\n<dt>Fri 13 Apr, 1000\u20131100<\/dt>\n<dd>Daniel Christoph Gleim. Tone does not trigger epenthesis: evidence from Arapaho [<a target=\"base\" href=\"http:\/\/seas3.elte.hu\/tmp\/glowabstracts\/glow41-Gleim.pdf\">abstract<\/a>]<\/dd>\n<dt>Fri 13 Apr, 1100\u20131130<\/dt>\n<dd>coffee<\/dd>\n<dt>Fri 13 Apr, 1130\u20131230<\/dt>\n<dd>Laura Kalin. The Ins and Outs of Allomorphy in Turoyo (Neo-Aramaic) [<a target=\"base\" href=\"http:\/\/seas3.elte.hu\/tmp\/glowabstracts\/glow41-Kalin.pdf\">abstract<\/a>] [<a target=\"base\" href=\"http:\/\/www.laurakalin.com\/s\/GLOW-2018.pdf\">handout<\/a>]<\/dd>\n<dt>Fri 13 Apr, 1230\u20131400<\/dt>\n<dd>lunch<\/dd>\n<dt>Fri 13 Apr, 1400\u20131500<\/dt>\n<dd>Yosuke Sato and Masako Maeda. On Syntactic Head Movement in Japanese and Its Interpretive Consequences: A New Perspective from Verb-Echo Answers and Negative Scope Reversal [<a target=\"base\" href=\"http:\/\/seas3.elte.hu\/tmp\/glowabstracts\/glow41-Sato-Maeda.pdf\">abstract<\/a>] [<a target=\"base\" href=\"http:\/\/seas3.elte.hu\/tmp\/glowstuff\/glow41-Sato-Maeda-handout.pdf\">handout<\/a>]<\/dd>\n<dt>Fri 13 Apr, 1500\u20131600<\/dt>\n<dd>Thuy Bui. Aspectual Asymmetry: Temporal reference in Vietnamese [<a target=\"base\" href=\"http:\/\/seas3.elte.hu\/tmp\/glowabstracts\/glow41-Bui.pdf\">abstract<\/a>] [<a target=\"base\" href=\"http:\/\/seas3.elte.hu\/tmp\/glowstuff\/glow41-Bui-slides.pdf\">slides<\/a>]<\/dd>\n<dt>Fri 13 Apr, 1600\u20131630<\/dt>\n<dd>coffee<\/dd>\n<dt>Fri 13 Apr, 1630\u20131730<\/dt>\n<dd>Jon Ander Mendia. Degree Relatives and their kin [<a target=\"base\" href=\"http:\/\/seas3.elte.hu\/tmp\/glowabstracts\/glow41-Mendia.pdf\">abstract<\/a>] [<a target=\"base\" href=\"http:\/\/seas3.elte.hu\/tmp\/glowstuff\/glow41-Mendia-handout.pdf\">handout<\/a>]<\/dd>\n<dt>Fri 13 Apr, 1730\u20131830<\/dt>\n<dd>Stefan Keine and Ethan Poole. Reconstruction beyond English [<a target=\"base\" href=\"http:\/\/seas3.elte.hu\/tmp\/glowabstracts\/glow41-Keine-Poole.pdf\">abstract<\/a>] [<a target=\"base\" href=\"http:\/\/seas3.elte.hu\/tmp\/glowstuff\/glow41-Keine-Poole-handout.pdf\">handout<\/a>]<\/dd>\n<dt>Fri 13 Apr, 1830\u20131900<\/dt>\n<dd>business meeting<\/dd>\n<h3>main colloquium ends<\/h3>\n<dt><font color=\"red\">*<\/font>Fri 13 Apr, 1930\u20132230<\/dt>\n<dd>conference dinner, <a target=\"base\" href=\"http:\/\/venhajo-etterem.hu\/en\/ven-hajo-restaurant\/\">V\u00e9n Haj\u00f3<\/a><\/dd>\n<p><font color=\"gray\"><\/p>\n<h4>Saturday 14 April: semantics, sign language, and PTA workshops<\/h4>\n<dt><font color=\"red\">*<\/font>Sat 14 Apr, 0900\u20131745 (offsite!)<\/dt>\n<dd><a href=\"\/41\/sem\/\" \/>workshop on the grammar and pragmatics of interrogatives and their (special) uses<\/a><\/dd>\n<dt><font color=\"red\">*<\/font>Sat 14 Apr, 0900\u20131800 (offsite!)<\/dt>\n<dd><a href=\"\/41\/sign\/\" \/>workshop on sign language syntax and linguistic theory<\/a><\/dd>\n<dt><font color=\"red\">*<\/font>Sat 14 Apr, 1000\u20131600 (offsite!)<\/dt>\n<dd><a href=\"\/41\/pta\/\" \/>workshop on the importance of formalization in phonology<\/a><\/dd>\n<p><\/font>\n<\/dl>\n<p><img loading=\"lazy\" decoding=\"async\" src=\"https:\/\/glowlinguistics.org\/41\/wp-content\/uploads\/sites\/2\/2017\/09\/background-1239436_640-300x199.jpg\" alt=\"\" width=\"300\" height=\"199\" class=\"alignnone size-medium wp-image-187\" srcset=\"https:\/\/glowlinguistics.org\/41\/wp-content\/uploads\/sites\/2\/2017\/09\/background-1239436_640-300x199.jpg 300w, https:\/\/glowlinguistics.org\/41\/wp-content\/uploads\/sites\/2\/2017\/09\/background-1239436_640.jpg 640w\" sizes=\"auto, (max-width: 300px) 100vw, 300px\" \/><\/p>\n","protected":false},"excerpt":{"rendered":"<p>main colloquium organized by Veronika Heged\u0171s and P\u00e9ter Szigetv\u00e1ri time: Wednesday\u2013Friday, 11\u201313 April 2018 place: Sz\u00e9chenyi Istv\u00e1n t\u00e9r 9, 1051 Budapest, Nagyterem (events marked * take place elsewhere) full programme Tuesday 10 April: syntax and phonology workshops *Tue 10 Apr, 0830\u20130900 (offsite!) registration *Tue 10 Apr, 0830\u20131830 (offsite!) workshop on predication in relation to propositions &hellip; <\/p>\n<p class=\"link-more\"><a href=\"https:\/\/glowlinguistics.org\/41\/mc\/\" class=\"more-link\">Continue reading<span class=\"screen-reader-text\"> &#8220;main colloquium&#8221;<\/span><\/a><\/p>\n","protected":false},"author":4,"featured_media":0,"parent":0,"menu_order":0,"comment_status":"closed","ping_status":"closed","template":"","meta":{"footnotes":""},"class_list":["post-195","page","type-page","status-publish","hentry"],"_links":{"self":[{"href":"https:\/\/glowlinguistics.org\/41\/wp-json\/wp\/v2\/pages\/195","targetHints":{"allow":["GET"]}}],"collection":[{"href":"https:\/\/glowlinguistics.org\/41\/wp-json\/wp\/v2\/pages"}],"about":[{"href":"https:\/\/glowlinguistics.org\/41\/wp-json\/wp\/v2\/types\/page"}],"author":[{"embeddable":true,"href":"https:\/\/glowlinguistics.org\/41\/wp-json\/wp\/v2\/users\/4"}],"replies":[{"embeddable":true,"href":"https:\/\/glowlinguistics.org\/41\/wp-json\/wp\/v2\/comments?post=195"}],"version-history":[{"count":84,"href":"https:\/\/glowlinguistics.org\/41\/wp-json\/wp\/v2\/pages\/195\/revisions"}],"predecessor-version":[{"id":649,"href":"https:\/\/glowlinguistics.org\/41\/wp-json\/wp\/v2\/pages\/195\/revisions\/649"}],"wp:attachment":[{"href":"https:\/\/glowlinguistics.org\/41\/wp-json\/wp\/v2\/media?parent=195"}],"curies":[{"name":"wp","href":"https:\/\/api.w.org\/{rel}","templated":true}]}}