{"id":208,"date":"2017-09-04T22:09:37","date_gmt":"2017-09-04T22:09:37","guid":{"rendered":"https:\/\/glowlinguistics.org\/41\/?page_id=208"},"modified":"2018-04-15T20:14:07","modified_gmt":"2018-04-15T20:14:07","slug":"pta","status":"publish","type":"page","link":"https:\/\/glowlinguistics.org\/41\/pta\/","title":{"rendered":"pta workshop"},"content":{"rendered":"<h1>The importance of formalization in phonology<\/h1>\n<p>invited speaker: Charles Reiss<\/p>\n<p>time: Saturday, 14 April 2018<br \/>\nplace: <a href=\"https:\/\/www.google.hu\/maps\/place\/Budapest,+R%C3%A1k%C3%B3czi+%C3%BAt+5,+1088\/@47.4944681,19.059434,17z\/data=!3m1!4b1!4m5!3m4!1s0x4741dc4323e29233:0xbc8e5a1393721d0b!8m2!3d47.4944681!4d19.0616227\">R\u00e1k\u00f3czi \u00fat 5, 1088 Budapest<\/a>, R356<\/p>\n<h2>programme [<a href=\"http:\/\/seas3.elte.hu\/tmp\/glowabstracts\/glow41PTA-abstracts.pdf\">abstracts<\/a>]<\/h2>\n<dl>\n<dt>1000\u20131100<\/dt>\n<dd>Charles Reiss, tba<\/dd>\n<dt>1100\u20131130<\/dt>\n<dd>break<\/dd>\n<dt>1130\u20131200<\/dt>\n<dd>Johanna Benz and Shanti Ulfsbjorninn, Improving the Formalism of Phonological Parameter Hierarchies [<a href=\"http:\/\/seas3.elte.hu\/tmp\/glowabstracts\/glow41pta-Benz-Ulfsbjorninn.pdf\">abstract<\/a>]<\/dd>\n<dt>1200\u20131230<\/dt>\n<dd>Tam\u00e1s Bir\u00f3, What can we learn from implementing Optimality Theory? [<a href=\"http:\/\/seas3.elte.hu\/tmp\/glowabstracts\/glow41pta-Biro.pdf\">abstract<\/a>] [<a href=\"http:\/\/birot.web.elte.hu\/files\/glow41-pta-slides.pdf\" target=\"_blank\">slides<\/a>]<\/dd>\n<dt>1230\u20131400<\/dt>\n<dd>lunch<\/dd>\n<dt>1400\u20131430<\/dt>\n<dd>Daniel Currie Hall, Formalizing contrast and redundancy in phonological representations [<a href=\"http:\/\/seas3.elte.hu\/tmp\/glowabstracts\/glow41pta-Hall.pdf\">abstract<\/a>] [<a href=\"http:\/\/smu-facweb.smu.ca\/~s0949176\/D-C-Hall-PTA-workshop-slides-GLOW-41.pdf\">slides<\/a>]<\/dd>\n<dt>1430\u20131500<\/dt>\n<dd>Maxime Papillon, One-Relation Representation for a Simpler-Than-Strings Phonology [<a href=\"http:\/\/seas3.elte.hu\/tmp\/glowabstracts\/glow41pta-Papillon.pdf\">abstract<\/a>]<\/dd>\n<dt>1500\u20131530<\/dt>\n<dd>Joe Collins, Unifying digital phonology with an analogue brain [<a href=\"http:\/\/seas3.elte.hu\/tmp\/glowabstracts\/glow41pta-Collins.pdf\">abstract<\/a>]<\/dd>\n<dt>1530\u20131600<\/dt>\n<dd>business meeting<\/dd>\n<\/dl>\n<h2>description<\/h2>\n<p>Theoretical phonology has always had a rather ambiguous relation with formalisation of our analyses in mathematical notation systems. On the one hand, the field often self-identifies as \u2018formal linguistics\u2019 and uses tools that are taken from formal logic and mathematics, such as graphs, algebraic notations, etc. At the same time, complete formalisations are sometimes seen as outside of the goal of the field and more typical of computational phonology.  This raises the question where we stand\u00a0\u2014 and that is the issue we aim to address in this workshop.<\/p>\n<p>The advantages of formalisation are known and manifold. They potentially bring to light gaps in the argumentation that would be too easily covered, and they force us to make all underlying assumptions explicit. They allow us to implement our analysis on a computer which may not just lead to practical applications, but also help us calculate the consequences of our theories that are too difficult to predict with pencil and paper. They can help us see the formal structure of our theories and compare it to theories in completely different domains (e.g., in other branches of cognitive science but also in seemingly unrelated fields).<\/p>\n<p>But there clearly are also disadvantages. One might argue that given our current rather primitive understanding of many basic notions, formalisation is premature. Trying to formalise every aspect of our analysis at any moment in time is a waste of resources. Formalisation also requires a training in mathematical techniques that not every linguist is willing to invest. And finally, some doubt that the metaphor of the digital computer that is underlying a lot of formalisms is applicable to the working of human cognition.<\/p>\n<p>In this workshop, we aim to bring together scholars working on various aspects of phonological theory\u00a0\u2014 computation and representation, universals and variation, phonology on its own or in interaction with other modules of grammar\u00a0\u2014 who are interested in formalisation. We invite papers that show the advantages of formalisms as well as those that aim to show the limits of (certain types of) formalisation.<\/p>\n<p>Anonymous abstracts of approximately 2 pages (we are not very strict) can be submitted until <b>15\u00a0December<\/b> as PDF attachment to pta-abstractATseas3DOTelteDOThu.  The body of the message should contain authors name(s), affiliation(s), and corresponding authors email address(es).  Notification of acceptance: 20\u00a0January.  The workshop will take place immediately after GLOW Budapest.<\/p>\n<p><img loading=\"lazy\" decoding=\"async\" src=\"https:\/\/glowlinguistics.org\/41\/wp-content\/uploads\/sites\/2\/2017\/09\/fruit-2138407_640-300x200.jpg\" alt=\"\" width=\"300\" height=\"200\" class=\"alignnone size-medium wp-image-192\" srcset=\"https:\/\/glowlinguistics.org\/41\/wp-content\/uploads\/sites\/2\/2017\/09\/fruit-2138407_640-300x200.jpg 300w, https:\/\/glowlinguistics.org\/41\/wp-content\/uploads\/sites\/2\/2017\/09\/fruit-2138407_640.jpg 640w\" sizes=\"auto, (max-width: 300px) 100vw, 300px\" \/><\/p>\n","protected":false},"excerpt":{"rendered":"<p>The importance of formalization in phonology invited speaker: Charles Reiss time: Saturday, 14 April 2018 place: R\u00e1k\u00f3czi \u00fat 5, 1088 Budapest, R356 programme [abstracts] 1000\u20131100 Charles Reiss, tba 1100\u20131130 break 1130\u20131200 Johanna Benz and Shanti Ulfsbjorninn, Improving the Formalism of Phonological Parameter Hierarchies [abstract] 1200\u20131230 Tam\u00e1s Bir\u00f3, What can we learn from implementing Optimality Theory? &hellip; <\/p>\n<p class=\"link-more\"><a href=\"https:\/\/glowlinguistics.org\/41\/pta\/\" class=\"more-link\">Continue reading<span class=\"screen-reader-text\"> &#8220;pta workshop&#8221;<\/span><\/a><\/p>\n","protected":false},"author":4,"featured_media":0,"parent":0,"menu_order":0,"comment_status":"closed","ping_status":"closed","template":"","meta":{"footnotes":""},"class_list":["post-208","page","type-page","status-publish","hentry"],"_links":{"self":[{"href":"https:\/\/glowlinguistics.org\/41\/wp-json\/wp\/v2\/pages\/208","targetHints":{"allow":["GET"]}}],"collection":[{"href":"https:\/\/glowlinguistics.org\/41\/wp-json\/wp\/v2\/pages"}],"about":[{"href":"https:\/\/glowlinguistics.org\/41\/wp-json\/wp\/v2\/types\/page"}],"author":[{"embeddable":true,"href":"https:\/\/glowlinguistics.org\/41\/wp-json\/wp\/v2\/users\/4"}],"replies":[{"embeddable":true,"href":"https:\/\/glowlinguistics.org\/41\/wp-json\/wp\/v2\/comments?post=208"}],"version-history":[{"count":22,"href":"https:\/\/glowlinguistics.org\/41\/wp-json\/wp\/v2\/pages\/208\/revisions"}],"predecessor-version":[{"id":618,"href":"https:\/\/glowlinguistics.org\/41\/wp-json\/wp\/v2\/pages\/208\/revisions\/618"}],"wp:attachment":[{"href":"https:\/\/glowlinguistics.org\/41\/wp-json\/wp\/v2\/media?parent=208"}],"curies":[{"name":"wp","href":"https:\/\/api.w.org\/{rel}","templated":true}]}}