{"id":4,"date":"2017-07-19T15:04:06","date_gmt":"2017-07-19T15:04:06","guid":{"rendered":"https:\/\/glowlinguistics.org\/41\/?page_id=4"},"modified":"2018-03-12T14:44:24","modified_gmt":"2018-03-12T14:44:24","slug":"top-page","status":"publish","type":"page","link":"https:\/\/glowlinguistics.org\/41\/","title":{"rendered":"about"},"content":{"rendered":"<p>The 41st <a href=\"https:\/\/glowlinguistics.org\/\" \/>GLOW<\/a> conference (GLOW41) will take place between 10 and 14 April 2018 in Budapest.  It is organized in honour of <a target=\"base\" href=\"http:\/\/henk.villasalmi.it\/\" \/>Henk van Riemsdijk<\/a>, the septuagenarian father of the forty-year-old GLOW.  The current conference is under the auspices of the <a target=\"base\" href=\"http:\/\/www.nytud.hu\/eng\/index.html\">Research Institute for Linguistics<\/a> of the Hungarian Academy of Sciences.<\/p>\n<p>There will be several events: the <a href=\"mc\/\" \/>main colloquium<\/a> featuring 19 talks and 40+ posters (Wed 11 Apr to Fri 13 Apr), four thematic workshops on <a href=\"phon\/\" \/>phonology<\/a>, <a href=\"syn\/\" \/>syntax<\/a> (both on Tue 10 Apr), <a href=\"sem\/\" \/>semantics<\/a>, <a href=\"sign\/\" \/>sign language<\/a> (both on Sat 14 Apr), and a <a href=\"pta\/\" \/>satellite workshop of the Phonological Theory Agora<\/a> (PTA) on Sat 14 Apr.<\/p>\n<p>Looking forward to seeing you around,<br \/>\nP\u00e9ter Szigetv\u00e1ri, president<br \/>\nVeronika Heged\u0171s, vice-president<br \/>\nglow41bud-AT-gmail-DOT-com<\/p>\n<h3>organized with support from<\/h3>\n<p><img loading=\"lazy\" decoding=\"async\" src=\"https:\/\/glowlinguistics.org\/41\/wp-content\/uploads\/sites\/2\/2018\/03\/ujlogohunyit_450-300x64.gif\" alt=\"\" width=\"300\" height=\"64\" class=\"alignnone size-medium wp-image-525\" \/><br \/>\nResearch Institute for Linguistics, MTA<\/p>\n<table border=\"0\">\n<tr>\n<td><img loading=\"lazy\" decoding=\"async\" src=\"https:\/\/glowlinguistics.org\/41\/wp-content\/uploads\/sites\/2\/2018\/03\/seas.gif\" alt=\"\" width=\"60\" height=\"60\" class=\"alignnone size-full wp-image-532\" \/><\/td>\n<td>School of English and American Studies,<br \/>E\u00f6tv\u00f6s Lor\u00e1nd University<\/td>\n<\/tr>\n<\/table>\n<table border=\"0\">\n<tr>\n<td><img loading=\"lazy\" decoding=\"async\" src=\"https:\/\/glowlinguistics.org\/41\/wp-content\/uploads\/sites\/2\/2018\/03\/mtalogo_color2014_RGB-226x300.png\" alt=\"\" width=\"53\" height=\"70\" class=\"alignnone size-medium wp-image-524\" srcset=\"https:\/\/glowlinguistics.org\/41\/wp-content\/uploads\/sites\/2\/2018\/03\/mtalogo_color2014_RGB-226x300.png 226w, https:\/\/glowlinguistics.org\/41\/wp-content\/uploads\/sites\/2\/2018\/03\/mtalogo_color2014_RGB.png 713w\" sizes=\"auto, (max-width: 53px) 100vw, 53px\" \/><\/td>\n<td>Hungarian Academy of Sciences (MTA)<\/td>\n<\/tr>\n<\/table>\n<p>Trefort-kert Alap\u00edtv\u00e1ny<\/p>\n<p><img loading=\"lazy\" decoding=\"async\" src=\"https:\/\/glowlinguistics.org\/41\/wp-content\/uploads\/sites\/2\/2018\/03\/emet-300x60.png\" alt=\"\" width=\"300\" height=\"60\" class=\"alignnone size-medium wp-image-527\" srcset=\"https:\/\/glowlinguistics.org\/41\/wp-content\/uploads\/sites\/2\/2018\/03\/emet-300x60.png 300w, https:\/\/glowlinguistics.org\/41\/wp-content\/uploads\/sites\/2\/2018\/03\/emet.png 419w\" sizes=\"auto, (max-width: 300px) 100vw, 300px\" \/><br \/>\nHuman Capacities Grant Management<\/p>\n<p>and an anonymous benefactor<\/p>\n<p><img loading=\"lazy\" decoding=\"async\" src=\"https:\/\/glowlinguistics.org\/41\/wp-content\/uploads\/sites\/2\/2017\/07\/blueberries-894839_640-300x204.jpg\" alt=\"\" width=\"300\" height=\"204\" class=\"alignnone size-medium wp-image-99\" srcset=\"https:\/\/glowlinguistics.org\/41\/wp-content\/uploads\/sites\/2\/2017\/07\/blueberries-894839_640-300x204.jpg 300w, https:\/\/glowlinguistics.org\/41\/wp-content\/uploads\/sites\/2\/2017\/07\/blueberries-894839_640.jpg 640w\" sizes=\"auto, (max-width: 300px) 100vw, 300px\" \/><\/p>\n","protected":false},"excerpt":{"rendered":"<p>The 41st GLOW conference (GLOW41) will take place between 10 and 14 April 2018 in Budapest. It is organized in honour of Henk van Riemsdijk, the septuagenarian father of the forty-year-old GLOW. The current conference is under the auspices of the Research Institute for Linguistics of the Hungarian Academy of Sciences. There will be several &hellip; <\/p>\n<p class=\"link-more\"><a href=\"https:\/\/glowlinguistics.org\/41\/\" class=\"more-link\">Continue reading<span class=\"screen-reader-text\"> &#8220;about&#8221;<\/span><\/a><\/p>\n","protected":false},"author":1,"featured_media":0,"parent":0,"menu_order":0,"comment_status":"closed","ping_status":"closed","template":"","meta":{"footnotes":""},"class_list":["post-4","page","type-page","status-publish","hentry"],"_links":{"self":[{"href":"https:\/\/glowlinguistics.org\/41\/wp-json\/wp\/v2\/pages\/4","targetHints":{"allow":["GET"]}}],"collection":[{"href":"https:\/\/glowlinguistics.org\/41\/wp-json\/wp\/v2\/pages"}],"about":[{"href":"https:\/\/glowlinguistics.org\/41\/wp-json\/wp\/v2\/types\/page"}],"author":[{"embeddable":true,"href":"https:\/\/glowlinguistics.org\/41\/wp-json\/wp\/v2\/users\/1"}],"replies":[{"embeddable":true,"href":"https:\/\/glowlinguistics.org\/41\/wp-json\/wp\/v2\/comments?post=4"}],"version-history":[{"count":39,"href":"https:\/\/glowlinguistics.org\/41\/wp-json\/wp\/v2\/pages\/4\/revisions"}],"predecessor-version":[{"id":543,"href":"https:\/\/glowlinguistics.org\/41\/wp-json\/wp\/v2\/pages\/4\/revisions\/543"}],"wp:attachment":[{"href":"https:\/\/glowlinguistics.org\/41\/wp-json\/wp\/v2\/media?parent=4"}],"curies":[{"name":"wp","href":"https:\/\/api.w.org\/{rel}","templated":true}]}}