{"id":517,"date":"2020-03-20T17:57:46","date_gmt":"2020-03-20T17:57:46","guid":{"rendered":"https:\/\/glowlinguistics.org\/43\/?page_id=517"},"modified":"2020-04-23T10:26:05","modified_gmt":"2020-04-23T10:26:05","slug":"prosody","status":"publish","type":"page","link":"https:\/\/glowlinguistics.org\/43\/workshops\/prosody\/","title":{"rendered":"Workshop I: Prosody in Speech Signal, Perception and Gestures"},"content":{"rendered":"\n<hr class=\"wp-block-separator has-text-color has-background has-vivid-red-background-color has-vivid-red-color\" \/>\n\n\n\n<h4 class=\"has-vivid-red-color has-text-color has-text-align-center wp-block-heading\">Invited speaker: <br>Prof. Amalia Arvaniti (University of Kent)<br><br>Organizers: <br>Marzena Zygis and Stefanie Jannedy (ZAS Berlin)<br><br>OSF Prefix: WORKSHOP1-<br>OSF Tag: glow43-workshop1<\/h4>\n\n\n\n<hr class=\"wp-block-separator has-text-color has-background has-vivid-red-background-color has-vivid-red-color\" \/>\n\n\n\n<h1 class=\"has-vivid-red-color has-text-color has-text-align-center wp-block-heading\">Talks<\/h1>\n\n\n\n<blockquote class=\"wp-block-quote has-text-align-center is-style-large is-layout-flow wp-block-quote-is-layout-flow\"><p> <strong>All times are in CEST (UTC+2). Check the projects&#8217; WIKI pages for updates.<\/strong> <\/p><\/blockquote>\n\n\n\n<figure class=\"wp-block-table alignwide is-style-stripes\"><table><thead><tr><th><em><strong>Project<\/strong><\/em><\/th><th class=\"has-text-align-center\" data-align=\"center\"> <em><strong>Time slots<\/strong><\/em><strong> <\/strong><em><strong>for live interaction<\/strong><\/em><\/th><\/tr><\/thead><tbody><tr><td><strong>Invited speaker: Amalia Arvaniti (University of Kent)   <\/strong><br><strong><em>The phonetics and phonology of intonation in the light of cross-linguistic evidence<\/em><\/strong><br><strong>(<a rel=\"noreferrer noopener\" aria-label=\"abstract (opens in a new tab)\" href=\"https:\/\/glowlinguistics.org\/43\/wp-content\/uploads\/sites\/5\/2020\/02\/Glow43-abstract-Arvaniti.pdf\" target=\"_blank\">abstract<\/a>) (<a href=\"https:\/\/osf.io\/cbr9n\/\" target=\"_blank\" rel=\"noreferrer noopener\" aria-label=\"project page (opens in a new tab)\">project page<\/a>)<\/strong><\/td><td class=\"has-text-align-center\" data-align=\"center\">\u2014<\/td><\/tr><tr><td><strong>Jelena Krivokapic<sup>1,2<\/sup>, Mark Tiede<sup>2<\/sup> &amp; Martha Tyrone<sup>2,3 <\/sup>(University of Michigan<sup>1<\/sup>, Haskins Laboratories<sup>2<\/sup>, Long Island University Brooklyn<sup>3<\/sup>)    <br><em>Body gestures at prosodic boundaries<\/em><\/strong><br><strong>(<a rel=\"noreferrer noopener\" aria-label=\" (opens in a new tab)\" href=\"https:\/\/glowlinguistics.org\/43\/wp-content\/uploads\/sites\/5\/2020\/02\/GLOW_43Pros_paper_8-Krivokapic.pdf\" target=\"_blank\">abstract<\/a>)  <\/strong><\/td><td class=\"has-text-align-center\" data-align=\"center\">\u2014<\/td><\/tr><tr><td><strong>Wim Pouw<sup>1,2,3<\/sup>, Steven Harrison<sup>1<\/sup>, N\u00faria Esteve-Gibert<sup>4<\/sup> &amp; James Dixon<sup>1<\/sup> <\/strong><br><strong>(University of Connecticut<sup>1<\/sup>, Radboud University Nijmegen<sup>2<\/sup>, Max Planck Institute Nijmegen<sup>3<\/sup>, Universitat Oberta de Catalunya<sup>4<\/sup>)   <br><em>Energy flows in gesture-speech physics: The respiratory-vocal system and its coupling with hand gestures<\/em><\/strong><br><strong>(<a rel=\"noreferrer noopener\" aria-label=\" (opens in a new tab)\" href=\"https:\/\/glowlinguistics.org\/43\/wp-content\/uploads\/sites\/5\/2020\/02\/GLOW_43Pros_paper_1-Pouw.pdf\" target=\"_blank\">abstract<\/a>) (<a href=\"https:\/\/osf.io\/9p3ky\/\" target=\"_blank\" rel=\"noreferrer noopener\" aria-label=\"project page (opens in a new tab)\">project page<\/a>)<\/strong><\/td><td class=\"has-text-align-center\" data-align=\"center\"><strong>Apr 17, <\/strong><br><strong><em>16:00-17:00<\/em><\/strong><\/td><\/tr><tr><td><strong>Patrick Louis Rohrer<sup>1,2<\/sup>, Pilar Prieto<sup>2,3<\/sup> &amp; Elisabeth Delais-Roussarie<sup>1<\/sup> <\/strong><br><strong>(Universit\u00e9 de Nantes<sup>1<\/sup>, Universitat Pompeu Fabra, Catalonia<sup>2<\/sup>, Instituci\u00f3 Catalana de Recerca i Estudis Avan\u00e7ats (ICREA), Catalonia<sup>3<\/sup>)    <br><em>Beat gestures and prosodic phrasing in French<\/em><\/strong><br><strong>(<a rel=\"noreferrer noopener\" aria-label=\" (opens in a new tab)\" href=\"https:\/\/glowlinguistics.org\/43\/wp-content\/uploads\/sites\/5\/2020\/02\/GLOW_43Pros_paper_19-rohrer.pdf\" target=\"_blank\">abstract<\/a>)<\/strong> <strong><a href=\"https:\/\/osf.io\/e539k\/\" target=\"_blank\" rel=\"noreferrer noopener\" aria-label=\"(project page (opens in a new tab)\">(project page<\/a>)<\/strong><\/td><td class=\"has-text-align-center\" data-align=\"center\"><strong><br>Apr 17, <em>17:00-18:00<\/em> <\/strong><\/td><\/tr><tr><td><strong>Caterina Petrone &amp; Maud Champagne-Lavau (CNRS, Aix-en-Provence)   <br><em>Effects of affective touch on emotional prosody perception: A study of electrodermal activity<\/em>  <\/strong><\/td><td class=\"has-text-align-center\" data-align=\"center\">\u2014<\/td><\/tr><tr><td><strong>Francesca  Panzeri<sup>1<\/sup>, Beatrice Giustolisi<sup>1<\/sup>, Chiara Calderone<sup>2<\/sup> &amp; Lara Mantovan<sup>2<\/sup> (University of Milan \u2013 Bicocca<sup>1<\/sup>, Ca&#8217; Foscari University of Venice<sup>2<\/sup>)   <br><em>Recognizing irony through gestural cues in spoken and signed language<\/em><\/strong><br><strong>(<a rel=\"noreferrer noopener\" aria-label=\" (opens in a new tab)\" href=\"https:\/\/glowlinguistics.org\/43\/wp-content\/uploads\/sites\/5\/2020\/02\/GLOW_43Pros_paper_17-Panzeri.pdf\" target=\"_blank\">abstract<\/a>) (<a rel=\"noreferrer noopener\" aria-label=\"project page (opens in a new tab)\" href=\"https:\/\/osf.io\/amscu\/\" target=\"_blank\">project page<\/a>)<\/strong><\/td><td class=\"has-text-align-center\" data-align=\"center\">\u2014<\/td><\/tr><tr><td><strong>Johannes  Heim (Universit\u00e4t Greifswald)   <br><em>Prosodic Encoding of Speaker Attitude<\/em><\/strong><br><strong>(<a rel=\"noreferrer noopener\" aria-label=\" (opens in a new tab)\" href=\"https:\/\/glowlinguistics.org\/43\/wp-content\/uploads\/sites\/5\/2020\/02\/GLOW_43Pros_paper_22-Heim.pdf\" target=\"_blank\">abstract<\/a>) (<a href=\"https:\/\/osf.io\/tpgbw\/\" target=\"_blank\" rel=\"noreferrer noopener\" aria-label=\"project page (opens in a new tab)\">project page<\/a>)<\/strong><\/td><td class=\"has-text-align-center\" data-align=\"center\"><strong>Apr 15, <\/strong><br><strong><em>15:00-16:00<\/em><\/strong><\/td><\/tr><tr><td><strong>Nicole Gotzner (ZAS Berlin)   <br><em>The dual function of L+H* pitch accents<\/em><\/strong><br><strong>(<a rel=\"noreferrer noopener\" aria-label=\" (opens in a new tab)\" href=\"https:\/\/glowlinguistics.org\/43\/wp-content\/uploads\/sites\/5\/2020\/02\/GLOW_43Pros_paper_3-Gotzner.pdf\" target=\"_blank\">abstract<\/a>) (<a rel=\"noreferrer noopener\" aria-label=\"project page (opens in a new tab)\" href=\"https:\/\/osf.io\/wvxcs\/\" target=\"_blank\">project page<\/a>)<\/strong><\/td><td class=\"has-text-align-center\" data-align=\"center\">\u2014<\/td><\/tr><tr><td><strong>Marcel Schlechtweg (Carl von Ossietzky Universit\u00e4t Oldenburg) &amp; Holden H\u00e4rtl (Universit\u00e4t Kassel)   <br><em>The acoustics of name-informing quotation<\/em><\/strong><br><strong>(<a rel=\"noreferrer noopener\" aria-label=\" (opens in a new tab)\" href=\"https:\/\/glowlinguistics.org\/43\/wp-content\/uploads\/sites\/5\/2020\/02\/GLOW_43Pros_paper_7-Schlechtweg.pdf\" target=\"_blank\">abstract<\/a>)  (<a rel=\"noreferrer noopener\" aria-label=\"project page (opens in a new tab)\" href=\"https:\/\/osf.io\/ws8cz\/\" target=\"_blank\">project page<\/a>)<\/strong><\/td><td class=\"has-text-align-center\" data-align=\"center\">\u2014<\/td><\/tr><tr><td><strong>Marzena Zygis &amp; Susanne Fuchs (ZAS Berlin)   <br><em>At the margins of speech: orofacial expressions and acoustic cues in whispering<\/em><\/strong><br><strong>(<a rel=\"noreferrer noopener\" aria-label=\" (opens in a new tab)\" href=\"https:\/\/glowlinguistics.org\/43\/wp-content\/uploads\/sites\/5\/2020\/02\/GLOW_43Pros_paper_11-zygis.pdf\" target=\"_blank\">abstract<\/a>) (<a href=\"https:\/\/osf.io\/rxwat\/\" target=\"_blank\" rel=\"noreferrer noopener\" aria-label=\"project page (opens in a new tab)\">project page<\/a>)<\/strong><\/td><td class=\"has-text-align-center\" data-align=\"center\"><strong>Apr 9, <\/strong><br><strong><em>15:30-16:30<\/em><br>Apr 15, <\/strong><br><strong><em>15:30-16:30<\/em><\/strong><\/td><\/tr><tr><td><strong>Danfeng Wu &amp; Yadav Gowda (MIT)    <br><em>Focus and penultimate vowel lengthening in Zulu<\/em><\/strong><br><strong>(<a rel=\"noreferrer noopener\" aria-label=\"project page (opens in a new tab)\" href=\"https:\/\/osf.io\/j5vnq\/\" target=\"_blank\">project page<\/a>)<\/strong><\/td><td class=\"has-text-align-center\" data-align=\"center\"><strong>Apr 8,<br><em>17:00-18:00<\/em><br>Apr 20,<br><em>17:00-18:00<\/em><\/strong><\/td><\/tr><\/tbody><\/table><\/figure>\n\n\n\n<hr class=\"wp-block-separator has-text-color has-background has-vivid-red-background-color has-vivid-red-color\" \/>\n\n\n\n<h1 class=\"has-vivid-red-color has-text-color has-text-align-center wp-block-heading\">Call for Papers<\/h1>\n\n\n\n<p><strong>Prosody<\/strong> plays a critical role in communication of all types. First, by structuring speech flow, it helps to identify the boundaries of words and sentences, thereby making a vital contribution to speech comprehension. Furthermore, by means of prosodic cues, speakers are not only able to produce the intended sentence type, e.g. question or statement, but they can also highlight the most <em>important piece of information<\/em> in a given phrase. Individual characteristics of speakers\u2019 emotions, attitudes or intentions are also encoded in prosodic cues (Ladd 1996) which are not only acoustic but also gestural. However, even though there is voluminous evidence that visual signals including oro-facial expressions (Krahmer &amp; Swerts 2007), head movement (Cvejic et al. 2010) and hand gestures (Guella\u00ef, Langus &amp; Nespor 2014) contribute essentially to the execution of prosody, the exact nature of the gestural-acoustic relationship is far from being well understood (see also Wagner et al. 2014 for an overview). Similarly, our understanding of articulatory gestures and their role in executing prosody is still very limited.<br><br>This workshop sets out to further explore the complex nature of prosody from a multivariate perspective. We invite papers revealing the role it plays in:<\/p>\n\n\n\n<ul class=\"wp-block-list\"><li>language systems at different levels, e.g. syllable, prosodic word, phrase, utterance;<\/li><li>language acquisition, bi- and multilingualism, language interference and code switching;<\/li><li>sign language;<\/li><li>sociolinguistics (social markers, identity, sociolects).<\/li><\/ul>\n\n\n\n<p>Of particular interest are experimentally oriented studies.<\/p>\n\n\n\n<hr class=\"wp-block-separator has-text-color has-background has-vivid-red-background-color has-vivid-red-color\" \/>\n\n\n\n<p><\/p>\n","protected":false},"excerpt":{"rendered":"<p>Invited speaker: Prof. Amalia Arvaniti (University of Kent) Organizers: Marzena Zygis and Stefanie Jannedy (ZAS Berlin) OSF Prefix: WORKSHOP1-OSF Tag: glow43-workshop1 Talks All times are in CEST (UTC+2). Check the projects&#8217; WIKI pages for updates. Project Time slots for live interaction Invited speaker: Amalia Arvaniti (University of Kent) The phonetics and phonology of intonation in [&hellip;]<\/p>\n","protected":false},"author":12,"featured_media":0,"parent":44,"menu_order":1,"comment_status":"closed","ping_status":"closed","template":"","meta":{"footnotes":""},"class_list":["post-517","page","type-page","status-publish","hentry","entry"],"jetpack_sharing_enabled":true,"_links":{"self":[{"href":"https:\/\/glowlinguistics.org\/43\/wp-json\/wp\/v2\/pages\/517","targetHints":{"allow":["GET"]}}],"collection":[{"href":"https:\/\/glowlinguistics.org\/43\/wp-json\/wp\/v2\/pages"}],"about":[{"href":"https:\/\/glowlinguistics.org\/43\/wp-json\/wp\/v2\/types\/page"}],"author":[{"embeddable":true,"href":"https:\/\/glowlinguistics.org\/43\/wp-json\/wp\/v2\/users\/12"}],"replies":[{"embeddable":true,"href":"https:\/\/glowlinguistics.org\/43\/wp-json\/wp\/v2\/comments?post=517"}],"version-history":[{"count":38,"href":"https:\/\/glowlinguistics.org\/43\/wp-json\/wp\/v2\/pages\/517\/revisions"}],"predecessor-version":[{"id":822,"href":"https:\/\/glowlinguistics.org\/43\/wp-json\/wp\/v2\/pages\/517\/revisions\/822"}],"up":[{"embeddable":true,"href":"https:\/\/glowlinguistics.org\/43\/wp-json\/wp\/v2\/pages\/44"}],"wp:attachment":[{"href":"https:\/\/glowlinguistics.org\/43\/wp-json\/wp\/v2\/media?parent=517"}],"curies":[{"name":"wp","href":"https:\/\/api.w.org\/{rel}","templated":true}]}}