{"id":79,"date":"2021-02-15T09:12:48","date_gmt":"2021-02-15T09:12:48","guid":{"rendered":"https:\/\/glowlinguistics.org\/44\/?page_id=79"},"modified":"2021-04-17T10:04:53","modified_gmt":"2021-04-17T10:04:53","slug":"program","status":"publish","type":"page","link":"https:\/\/glowlinguistics.org\/44\/program\/","title":{"rendered":"Program"},"content":{"rendered":"\n<p>The 44th <a href=\"https:\/\/glowlinguistics.org\/\">GLOW<\/a> Colloquium <a href=\"https:\/\/glowlinguistics.org\/44\/format\/\" data-type=\"page\" data-id=\"20\">will be held fully online and free for all.<\/a> <strong>Please <a href=\"https:\/\/glowlinguistics.org\/44\/registration\/\">register<\/a><\/strong> to receive meeting information, including Zoom links for each session. <a href=\"https:\/\/discord.gg\/7syVMnsW8B\">Join our Discord server<\/a> where the conversation continues, with separate channels for all talks and debates!<\/p>\n\n\n\n<br>\nChoose your timezone: <div id=\"timezonewidget\" class=\"selectivity-input\"><\/div><br>\n\n\n\n<h3 class=\"wp-block-heading\">Day 1: Thursday, April 15<\/h3>\n\n\n\n<figure class=\"wp-block-table\"><table><tbody>\n<tr><td>[ccj id=&#8221;time&#8221; time=&#8221;2021-04-15 13:45&#8243;]<\/td><td><strong>Welcoming remarks<\/strong><\/td><\/tr>\n<tr><td>[ccj id=&#8221;time&#8221; time=&#8221;2021-04-15 14:00&#8243;]<\/td><td><strong>Targeted Collaborative Debate 1:<\/strong><br><small>Chair: Martina Wiltschko (Barcelona)<\/small><br>\nThomas McFadden (A), Sandhya Sundaresan (A), and Hedde Zeijlstra (B)<br>&#8220;On certain crosslinguistic variations: Universal\u200b fseq vs Gricean reasoning&#8221;\n<br><a href=\"https:\/\/glowlinguistics.org\/44\/wp-content\/uploads\/sites\/8\/2021\/02\/abstract-debate-variation.pdf\">abstract<\/a> <a href=\"https:\/\/youtu.be\/7OMKAlfADDw\">YouTube<\/a>\n<a href=\"https:\/\/glowlinguistics.org\/44\/wp-content\/uploads\/sites\/8\/2021\/04\/slides-debate-variation.pdf\">slides<\/a>\n<a href=\"https:\/\/glowlinguistics.org\/44\/wp-content\/uploads\/sites\/8\/2021\/04\/handout-debate-variation.pdf\">handout<\/a>\n<\/td><\/tr>\n<tr><td>[ccj id=&#8221;time&#8221; time=&#8221;2021-04-15 15:00&#8243;]<\/td><td><em>break<\/em><\/td><\/tr>\n<tr><td><\/td><td><strong>Day 1 Main Session:<\/strong> (see list below)<\/td><\/tr>\n<tr><td>[ccj id=&#8221;time&#8221; time=&#8221;2021-04-15 15:15&#8243;]<\/td><td>Flash talks<\/td><\/tr>\n<tr><td>[ccj id=&#8221;time&#8221; time=&#8221;2021-04-15 15:45&#8243;]<\/td><td>Discussion in breakout rooms<\/td><\/tr>\n<tr><td colspan=\"2\">\n<ul>\n<li>Karlos Arregi and Andrew Murphy. &#8220;Antilocality and argument-internal parasitic gaps&#8221;\n<br>\n<a href=\"https:\/\/glowlinguistics.org\/44\/wp-content\/uploads\/sites\/8\/2021\/02\/abstract-arregi-murphy.pdf\">abstract<\/a>\n<a href=\"https:\/\/glowlinguistics.org\/44\/wp-content\/uploads\/sites\/8\/2021\/04\/slides-arregi-murphy.pdf\">slides<\/a><\/li>\n<li>\u00c9va D\u00e9k\u00e1ny. &#8220;Classifiers for nouns, classifiers for numerals&#8221;\n<br>\n<a href=\"https:\/\/glowlinguistics.org\/44\/wp-content\/uploads\/sites\/8\/2021\/02\/abstract-dekany.pdf\">abstract<\/a>\n<a href=\"https:\/\/glowlinguistics.org\/44\/wp-content\/uploads\/sites\/8\/2021\/04\/slides-dekany.pdf\">slides<\/a><\/li>\n<li>Laura Kalin. &#8220;Infixes really are (underlyingly) prefixes\/suffixes: Evidence from allomorphy on the fine timing of infixation&#8221;\n<br>\n<a href=\"https:\/\/glowlinguistics.org\/44\/wp-content\/uploads\/sites\/8\/2021\/02\/abstract-kalin.pdf\">abstract<\/a>\n<a href=\"https:\/\/glowlinguistics.org\/44\/wp-content\/uploads\/sites\/8\/2021\/04\/slides-kalin.pdf\">slides<\/a>\n<a href=\"https:\/\/glowlinguistics.org\/44\/wp-content\/uploads\/sites\/8\/2021\/04\/handout-kalin.pdf\">handout<\/a><\/li>\n<li>Dean McHugh. &#8220;&#8216;Because&#8217; lexicalizes a focus-sensitive exh operator that violates Economy&#8221;\n<br>\n<a href=\"https:\/\/glowlinguistics.org\/44\/wp-content\/uploads\/sites\/8\/2021\/02\/abstract-mchugh.pdf\">abstract<\/a>\n<a href=\"https:\/\/glowlinguistics.org\/44\/wp-content\/uploads\/sites\/8\/2021\/04\/slides-mchugh.pdf\">slides<\/a>\n<a href=\"https:\/\/glowlinguistics.org\/44\/wp-content\/uploads\/sites\/8\/2021\/04\/handout-mchugh.pdf\">handout<\/a>\n<\/li>\n<li>Deniz Satik. &#8220;A reanalysis of the de re blocking effect&#8221;\n<br>\n<a href=\"https:\/\/glowlinguistics.org\/44\/wp-content\/uploads\/sites\/8\/2021\/02\/abstract-satik.pdf\">abstract<\/a>\n<a href=\"https:\/\/glowlinguistics.org\/44\/wp-content\/uploads\/sites\/8\/2021\/04\/slides-satik.pdf\">slides<\/a><\/li>\n<li>Tamisha L. Tan. &#8220;&#8216;Having&#8217; and &#8216;Being&#8217; <em>ma-<\/em>: Athematic Licensing and the Balinese Middle Voice&#8221;\n<br>\n<a href=\"https:\/\/glowlinguistics.org\/44\/wp-content\/uploads\/sites\/8\/2021\/03\/abstract-tan.pdf\">abstract<\/a>\n<a href=\"https:\/\/glowlinguistics.org\/44\/wp-content\/uploads\/sites\/8\/2021\/04\/handout-tan.pdf\">handout<\/a><\/li>\n<li>Silvia Terenghi. &#8220;A person-rooted spatial analysis of demonstratives&#8221;\n<br>\n<a href=\"https:\/\/glowlinguistics.org\/44\/wp-content\/uploads\/sites\/8\/2021\/02\/abstract-terenghi.pdf\">abstract<\/a>\n<a href=\"https:\/\/glowlinguistics.org\/44\/wp-content\/uploads\/sites\/8\/2021\/04\/poster-terenghi.pdf\">poster<\/a>\n<a href=\"https:\/\/glowlinguistics.org\/44\/wp-content\/uploads\/sites\/8\/2021\/04\/slides-terenghi.pdf\">slides<\/a><\/li>\n<\/ul>\n<\/td><\/tr>\n<tr><td>[ccj id=&#8221;time&#8221; time=&#8221;2021-04-15 16:45&#8243;]<\/td><td><em>break<\/em><\/td><\/tr>\n<tr><td>[ccj id=&#8221;time&#8221; time=&#8221;2021-04-15 17:00&#8243;]<\/td><td><strong>Targeted Collaborative Debate 2:<\/strong><br><small>Chair: Artemis Alexiadou (Berlin)<\/small><br>\nCora Cavirani-Pots (B), Marijke De Belder (B), and Heidi Klockmann (A)<br>&#8220;Semi-lexicality: syntax or lexicon?&#8221;\n<br>\n<a href=\"https:\/\/glowlinguistics.org\/44\/wp-content\/uploads\/sites\/8\/2021\/02\/abstract-debate-semilexicality.pdf\">abstract<\/a> <a href=\"https:\/\/youtu.be\/UEPs6mkWlhQ\">YouTube<\/a>\n<a href=\"https:\/\/glowlinguistics.org\/44\/wp-content\/uploads\/sites\/8\/2021\/04\/handout-debate-semilexicality.pdf\">handout<\/a><\/td><\/tr>\n<tr><td>[ccj id=&#8221;time&#8221; time=&#8221;2021-04-15 18:00&#8243;]<\/td><td><em>end of Day 1 \/ social hour<\/em><\/td><\/tr>\n<\/tbody><\/table><\/figure>\n\n\n\n<h3 class=\"wp-block-heading\">Day 2: Friday, April 16<\/h3>\n\n\n\n<figure class=\"wp-block-table\"><table><tbody>\n<tr><td>[ccj id=&#8221;time&#8221; time=&#8221;2021-04-16 14:00&#8243;]<\/td><td><strong>Targeted Collaborative Debate 3:<\/strong><br>\nNicola Lampitelli (A) and Francesc Torres-Tamarit (B)<br><small>Chair: Claudia Pons Moll (Barcelona)<\/small><br>\n&#8220;Stress in Romance verbs&#8221;\n<br>\n<a href=\"https:\/\/glowlinguistics.org\/44\/wp-content\/uploads\/sites\/8\/2021\/02\/abstract-debate-stress.pdf\">abstract<\/a> <a href=\"https:\/\/youtu.be\/9FmEDw7c11o\">YouTube<\/a>\n<a href=\"https:\/\/glowlinguistics.org\/44\/wp-content\/uploads\/sites\/8\/2021\/04\/slides-debate-stress.pdf\">slides<\/a><\/td><\/tr>\n<tr><td>[ccj id=&#8221;time&#8221; time=&#8221;2021-04-16 15:00&#8243;]<\/td><td><em>break<\/em><\/td><\/tr>\n<tr><td><\/td><td><strong>Day 2 Main Session:<\/strong> (see list below)<\/td><\/tr>\n<tr><td>[ccj id=&#8221;time&#8221; time=&#8221;2021-04-16 15:15&#8243;]<\/td><td>Flash talks<\/td><\/tr>\n<tr><td>[ccj id=&#8221;time&#8221; time=&#8221;2021-04-16 15:45&#8243;]<\/td><td>Discussion in breakout rooms<\/td><\/tr>\n<tr><td colspan=\"2\">\n<ul>\n<li>Irene Amato. &#8220;Auxiliary selection by Nested Agree&#8221;\n<br>\n<a href=\"https:\/\/glowlinguistics.org\/44\/wp-content\/uploads\/sites\/8\/2021\/02\/abstract-amato.pdf\">abstract<\/a>\n<a href=\"https:\/\/glowlinguistics.org\/44\/wp-content\/uploads\/sites\/8\/2021\/04\/slides-amato.pdf\">slides<\/a><\/li>\n<li>Lena Borise and Ekaterina Georgieva. &#8220;Acoustic correlates of stress in Udmurt verbs: variation and theoretical implications&#8221;\n<br>\n<a href=\"https:\/\/glowlinguistics.org\/44\/wp-content\/uploads\/sites\/8\/2021\/02\/abstract-borise-georgieva.pdf\">abstract<\/a>\n<a href=\"https:\/\/glowlinguistics.org\/44\/wp-content\/uploads\/sites\/8\/2021\/04\/slides-borise-georgieva.pdf\">slides<\/a><\/li>\n<li>Imke Driemel and Maria Kouneli. &#8220;C-Agree is local subject-verb agreement in Kipsigis&#8221;\n<br>\n<a href=\"https:\/\/glowlinguistics.org\/44\/wp-content\/uploads\/sites\/8\/2021\/02\/abstract-driemel-kouneli.pdf\">abstract<\/a>\n<a href=\"https:\/\/glowlinguistics.org\/44\/wp-content\/uploads\/sites\/8\/2021\/04\/slides-driemelkouneli.pdf\">slides<\/a>\n<a href=\"https:\/\/glowlinguistics.org\/44\/wp-content\/uploads\/sites\/8\/2021\/04\/handout-driemelkouneli.pdf\">handout<\/a><\/li>\n<li>Julie Goncharov and Lavi Wolf. &#8220;Polarity and granularity properties of &#8216;some&#8217; polarity items and minimizers&#8221;\n<br>\n<a href=\"https:\/\/glowlinguistics.org\/44\/wp-content\/uploads\/sites\/8\/2021\/02\/abstract-goncharov-wolf.pdf\">abstract<\/a>\n<a href=\"https:\/\/glowlinguistics.org\/44\/wp-content\/uploads\/sites\/8\/2021\/04\/slides-goncharov-wolf.pdf\">slides<\/a><\/li>\n<li>James Griffiths, G\u00fcliz G\u00fcne\u015f, Anik\u00f3 Lipt\u00e1k and Jason Merchant. &#8220;P-stranding out of Place: The bleeding effect of ellipsis on Dutch P-stranding&#8221;\n<br>\n<a href=\"https:\/\/glowlinguistics.org\/44\/wp-content\/uploads\/sites\/8\/2021\/02\/abstract-griffiths-etal.pdf\">abstract<\/a>\n<a href=\"https:\/\/glowlinguistics.org\/44\/wp-content\/uploads\/sites\/8\/2021\/04\/handout-griffiths-etal.pdf\">handout<\/a>\n<\/li>\n<li>Teodora Mihoc. &#8220;Aspectual operators and polarity sensitivity&#8221;\n<br>\n<a href=\"https:\/\/glowlinguistics.org\/44\/wp-content\/uploads\/sites\/8\/2021\/02\/abstract-mihoc.pdf\">abstract<\/a>\n<a href=\"https:\/\/glowlinguistics.org\/44\/wp-content\/uploads\/sites\/8\/2021\/04\/slides-mihoc.pdf\">slides<\/a><\/li>\n<li>Marcin W\u0105giel. &#8220;Quantifying over hidden (parts of) events&#8221;\n<br>\n<a href=\"https:\/\/glowlinguistics.org\/44\/wp-content\/uploads\/sites\/8\/2021\/02\/abstract-wagiel.pdf\">abstract<\/a>\n<a href=\"https:\/\/glowlinguistics.org\/44\/wp-content\/uploads\/sites\/8\/2021\/04\/slides-wagiel.pdf\">slides<\/a><\/li>\n<\/ul>\n<\/td><\/tr>\n<tr><td>[ccj id=&#8221;time&#8221; time=&#8221;2021-04-16 16:45&#8243;]<\/td><td><em>break<\/em><\/td><\/tr>\n<tr><td>[ccj id=&#8221;time&#8221; time=&#8221;2021-04-16 17:00&#8243;]<\/td><td><strong>Targeted Collaborative Debate 4:<\/strong><br><small>Chair: Andrew Weir (Trondheim)<\/small><br>\nArto Anttila (B) and Michael Wagner (A)<br>&#8220;What is deaccentuation?&#8221;\n<br>\n<a href=\"https:\/\/glowlinguistics.org\/44\/wp-content\/uploads\/sites\/8\/2021\/02\/abstract-debate-deaccentuation.pdf\">abstract<\/a> <a href=\"https:\/\/youtu.be\/bDhOQZdgo2E\">YouTube<\/a>\n<a href=\"https:\/\/glowlinguistics.org\/44\/wp-content\/uploads\/sites\/8\/2021\/04\/slides-debate-deaccentuation.pdf\">slides<\/a><\/td><\/tr>\n\n<tr><td>[ccj id=&#8221;time&#8221; time=&#8221;2021-04-16 18:00&#8243;]<\/td><td><em>end of Day 2 \/ social hour<\/em><\/td><\/tr>\n<\/tbody><\/table><\/figure>\n\n\n\n<h3 class=\"wp-block-heading\">Day 3: Saturday, April 17<\/h3>\n\n\n\n<figure class=\"wp-block-table\"><table><tbody>\n<tr><td>[ccj id=&#8221;time&#8221; time=&#8221;2021-04-17 14:00&#8243;]<\/td><td><strong>Targeted Collaborative Debate 5:<\/strong><br><small>Chair: Kriszta Szendroi (London)<\/small><br>\nKenyon Branan (B) and Michael Yoshitaka Erlewine (A)<br>&#8220;Is there focus-marking in the syntax?&#8221;\n<br>\n<a href=\"https:\/\/glowlinguistics.org\/44\/wp-content\/uploads\/sites\/8\/2021\/02\/abstract-debate-focus.pdf\">abstract<\/a> <a href=\"https:\/\/youtu.be\/96TVzTWiolQ\">YouTube<\/a> <a href=\"https:\/\/glowlinguistics.org\/44\/wp-content\/uploads\/sites\/8\/2021\/04\/handout-debate-focus.pdf\">handout<\/a> <a href=\"https:\/\/glowlinguistics.org\/44\/wp-content\/uploads\/sites\/8\/2021\/04\/slides-debate-focus.pdf\">slides<\/a><\/td><\/tr>\n<tr><td>[ccj id=&#8221;time&#8221; time=&#8221;2021-04-17 15:00&#8243;]<\/td><td><em>break<\/em><\/td><\/tr>\n<tr><td><\/td><td><strong>Day 3 Main Session:<\/strong> (see list below)<\/td><\/tr>\n<tr><td>[ccj id=&#8221;time&#8221; time=&#8221;2021-04-17 15:15&#8243;]<\/td><td>Flash talks<\/td><\/tr>\n<tr><td>[ccj id=&#8221;time&#8221; time=&#8221;2021-04-17 15:45&#8243;]<\/td><td>Discussion in breakout rooms<\/td><\/tr>\n<tr><td colspan=\"2\">\n<ul>\n<li>Neil Banerjee. &#8220;Indivisible portmanteaux and the timing of ellipsis&#8221;\n<br>\n<a href=\"https:\/\/glowlinguistics.org\/44\/wp-content\/uploads\/sites\/8\/2021\/02\/abstract-banerjee.pdf\">abstract<\/a>\n<a href=\"https:\/\/glowlinguistics.org\/44\/wp-content\/uploads\/sites\/8\/2021\/04\/slides-banerjee.pdf\">slides<\/a><\/li>\n<li>Aurore Gonzalez. &#8220;Two types of presuppositions in polar questions&#8221;\n<br>\n<a href=\"https:\/\/glowlinguistics.org\/44\/wp-content\/uploads\/sites\/8\/2021\/02\/abstract-gonzalez.pdf\">abstract<\/a><\/li>\n<li>Jens Hopperdietzel. &#8220;Talmy&#8217;s typology in serializing languages: Variations on a vP&#8221;\n<br>\n<a href=\"https:\/\/glowlinguistics.org\/44\/wp-content\/uploads\/sites\/8\/2021\/02\/abstract-hopperdietzel.pdf\">abstract<\/a>\n<a href=\"https:\/\/glowlinguistics.org\/44\/wp-content\/uploads\/sites\/8\/2021\/04\/slides-hopperdietzel.pdf\">slides<\/a><\/li>\n<li>Si Kai Lee. &#8220;No agreement: Singlish subjects are Topics&#8221;\n<br>\n<a href=\"https:\/\/glowlinguistics.org\/44\/wp-content\/uploads\/sites\/8\/2021\/02\/abstract-lee.pdf\">abstract<\/a>\n<a href=\"https:\/\/glowlinguistics.org\/44\/wp-content\/uploads\/sites\/8\/2021\/04\/poster-lee.pdf\">poster<\/a>\n<a href=\"https:\/\/glowlinguistics.org\/44\/wp-content\/uploads\/sites\/8\/2021\/04\/slides-lee.pdf\">slides<\/a><\/li>\n<li>Ezra Keshet and Steven Abney. &#8220;Multithreading Semantics: A static plural semantics&#8221;\n<br>\n<a href=\"https:\/\/glowlinguistics.org\/44\/wp-content\/uploads\/sites\/8\/2021\/02\/abstract-keshet-abney.pdf\">abstract<\/a>\n<a href=\"https:\/\/glowlinguistics.org\/44\/wp-content\/uploads\/sites\/8\/2021\/04\/slides-abney-keshet.pdf\">slides<\/a><\/li>\n<li>Rita Manzini and Diego Pescarini. &#8220;Clitics: Head-movement vs linearization&#8221; (debate alternate)\n<br>\n<a href=\"https:\/\/glowlinguistics.org\/44\/wp-content\/uploads\/sites\/8\/2021\/02\/abstract-debate-clitics.pdf\">abstract<\/a>\n<a href=\"https:\/\/glowlinguistics.org\/44\/wp-content\/uploads\/sites\/8\/2021\/04\/slides-debate-clitics.pdf\">slides<\/a>\n<\/li><li>Lefteris Paparounas and Martin Salzmann. &#8220;First conjunct clitic doubling in Modern Greek &#8211; Implications for the theory of clitic doubling, the PCC, and the syntax of \ufb01rst conjunct agreement&#8221;\n<br>\n<a href=\"https:\/\/glowlinguistics.org\/44\/wp-content\/uploads\/sites\/8\/2021\/02\/abstract-paparounas-salzmann.pdf\">abstract<\/a>\n<a href=\"https:\/\/glowlinguistics.org\/44\/wp-content\/uploads\/sites\/8\/2021\/04\/slides-paparounas-salzmann.pdf\">slides<\/a><\/li>\n<\/ul>\n<\/td><\/tr>\n<tr><td>[ccj id=&#8221;time&#8221; time=&#8221;2021-04-17 16:45&#8243;]<\/td><td><em>break<\/em><\/td><\/tr>\n<tr><td>[ccj id=&#8221;time&#8221; time=&#8221;2021-04-17 17:00&#8243;]<\/td><td><strong>Targeted Collaborative Debate 6:<\/strong><br><small>Chair: Tanja Temmerman (Leuven)<\/small><br>\nJames Griffiths (A) and Volker Struckmeier (B)<br>&#8220;What does a plausible &#8216;in-situ&#8217; theory of ellipsis look like?&#8221;\n<br>\n<a href=\"https:\/\/glowlinguistics.org\/44\/wp-content\/uploads\/sites\/8\/2021\/02\/abstract-debate-ellipsis.pdf\">abstract<\/a> <a href=\"https:\/\/youtu.be\/GOamW8w4Kqw\">YouTube<\/a>\n<a href=\"https:\/\/glowlinguistics.org\/44\/wp-content\/uploads\/sites\/8\/2021\/04\/slides-debate-ellipsis.pdf\">slides<\/a><\/td><\/tr>\n\n\n<tr><td>[ccj id=&#8221;time&#8221; time=&#8221;2021-04-17 18:00&#8243;]<\/td><td><em>end of Day 3 \/ social hour<\/em><\/td><\/tr>\n<\/tbody><\/table><\/figure>\n","protected":false},"excerpt":{"rendered":"<p>The 44th GLOW Colloquium will be held fully online and free for all. Please register to receive meeting information, including Zoom links for each session. Join our Discord server where the conversation continues, with separate channels for all talks and debates! Choose your timezone: Day 1: Thursday, April 15 [ccj id=&#8221;time&#8221; time=&#8221;2021-04-15 13:45&#8243;] Welcoming remarks &hellip; <a href=\"https:\/\/glowlinguistics.org\/44\/program\/\" class=\"more-link\">Continue reading <span class=\"screen-reader-text\">Program<\/span><\/a><\/p>\n","protected":false},"author":1,"featured_media":0,"parent":0,"menu_order":0,"comment_status":"closed","ping_status":"closed","template":"","meta":{"footnotes":""},"class_list":["post-79","page","type-page","status-publish","hentry"],"jetpack_sharing_enabled":true,"_links":{"self":[{"href":"https:\/\/glowlinguistics.org\/44\/wp-json\/wp\/v2\/pages\/79","targetHints":{"allow":["GET"]}}],"collection":[{"href":"https:\/\/glowlinguistics.org\/44\/wp-json\/wp\/v2\/pages"}],"about":[{"href":"https:\/\/glowlinguistics.org\/44\/wp-json\/wp\/v2\/types\/page"}],"author":[{"embeddable":true,"href":"https:\/\/glowlinguistics.org\/44\/wp-json\/wp\/v2\/users\/1"}],"replies":[{"embeddable":true,"href":"https:\/\/glowlinguistics.org\/44\/wp-json\/wp\/v2\/comments?post=79"}],"version-history":[{"count":40,"href":"https:\/\/glowlinguistics.org\/44\/wp-json\/wp\/v2\/pages\/79\/revisions"}],"predecessor-version":[{"id":245,"href":"https:\/\/glowlinguistics.org\/44\/wp-json\/wp\/v2\/pages\/79\/revisions\/245"}],"wp:attachment":[{"href":"https:\/\/glowlinguistics.org\/44\/wp-json\/wp\/v2\/media?parent=79"}],"curies":[{"name":"wp","href":"https:\/\/api.w.org\/{rel}","templated":true}]}}