{"id":137,"date":"2022-03-22T16:07:29","date_gmt":"2022-03-22T16:07:29","guid":{"rendered":"https:\/\/glowlinguistics.org\/45\/?page_id=137"},"modified":"2022-04-22T17:37:05","modified_gmt":"2022-04-22T17:37:05","slug":"28-april-day-2-main-colloquium","status":"publish","type":"page","link":"https:\/\/glowlinguistics.org\/45\/28-april-day-2-main-colloquium\/","title":{"rendered":"28 April &#8211; Day 2 Main Colloquium"},"content":{"rendered":"\n<h3 class=\"wp-block-heading\">Thursday 28 April: <\/h3>\n\n\n\n<div class=\"wp-block-columns is-layout-flex wp-container-core-columns-is-layout-9d6595d7 wp-block-columns-is-layout-flex\">\n<div class=\"wp-block-column is-layout-flow wp-block-column-is-layout-flow\" style=\"flex-basis:33.33%\">\n<p>08:30-09:30<\/p>\n<\/div>\n\n\n\n<div class=\"wp-block-column is-layout-flow wp-block-column-is-layout-flow\" style=\"flex-basis:66.66%\">\n<p class=\"has-text-align-center\"><em>Lexical Accent and the illusion of complexity<\/em> [<a href=\"https:\/\/glowlinguistics.org\/45\/wp-content\/uploads\/sites\/9\/2022\/04\/GLOW_45_abstract_151.pdf\" data-type=\"URL\" data-id=\"https:\/\/glowlinguistics.org\/45\/wp-content\/uploads\/sites\/9\/2022\/04\/GLOW_45_abstract_151.pdf\" target=\"_blank\" rel=\"noreferrer noopener\">abstract<\/a>]<\/p>\n\n\n\n<p class=\"has-text-align-center\"><strong>Ksenia Bogomolets<\/strong> (University of Auckland)<\/p>\n<\/div>\n<\/div>\n\n\n\n<div class=\"wp-block-columns is-layout-flex wp-container-core-columns-is-layout-9d6595d7 wp-block-columns-is-layout-flex\">\n<div class=\"wp-block-column is-layout-flow wp-block-column-is-layout-flow\" style=\"flex-basis:33.33%\">\n<p>09:30-10:30<\/p>\n<\/div>\n\n\n\n<div class=\"wp-block-column is-layout-flow wp-block-column-is-layout-flow\" style=\"flex-basis:66.66%\">\n<p class=\"has-text-align-center\"><em>The Prolepsis\u2013Hyperraising scale: Evidence for a hierarchy of composite probes<\/em> [<a href=\"https:\/\/glowlinguistics.org\/45\/wp-content\/uploads\/sites\/9\/2022\/04\/GLOW_45_abstract_116.pdf\" data-type=\"URL\" data-id=\"https:\/\/glowlinguistics.org\/45\/wp-content\/uploads\/sites\/9\/2022\/04\/GLOW_45_abstract_116.pdf\" target=\"_blank\" rel=\"noreferrer noopener\">abstract<\/a>]<\/p>\n\n\n\n<p class=\"has-text-align-center\"><strong>Magdalena Lohninger, Iva Kova\u010d and Susanne Wurmbrand<\/strong> (Universit\u00e4t Wien)<\/p>\n<\/div>\n<\/div>\n\n\n\n<div class=\"wp-block-columns is-layout-flex wp-container-core-columns-is-layout-9d6595d7 wp-block-columns-is-layout-flex\">\n<div class=\"wp-block-column is-layout-flow wp-block-column-is-layout-flow\" style=\"flex-basis:33.33%\">\n<p>10:30-10:45<\/p>\n<\/div>\n\n\n\n<div class=\"wp-block-column is-layout-flow wp-block-column-is-layout-flow\" style=\"flex-basis:66.66%\">\n<p class=\"has-text-align-center\">Coffee break<\/p>\n<\/div>\n<\/div>\n\n\n\n<div class=\"wp-block-columns is-layout-flex wp-container-core-columns-is-layout-9d6595d7 wp-block-columns-is-layout-flex\">\n<div class=\"wp-block-column is-layout-flow wp-block-column-is-layout-flow\" style=\"flex-basis:33.33%\">\n<p>10:45-11:45<\/p>\n<\/div>\n\n\n\n<div class=\"wp-block-column is-layout-flow wp-block-column-is-layout-flow\" style=\"flex-basis:66.66%\">\n<p class=\"has-text-align-center\"><em>It\u2019s tough to be pretty: semantic relatedness between tough and pretty predicates<\/em> [<a href=\"https:\/\/glowlinguistics.org\/45\/wp-content\/uploads\/sites\/9\/2022\/04\/GLOW_45_abstract_147.pdf\" data-type=\"URL\" data-id=\"https:\/\/glowlinguistics.org\/45\/wp-content\/uploads\/sites\/9\/2022\/04\/GLOW_45_abstract_147.pdf\" target=\"_blank\" rel=\"noreferrer noopener\">abstract<\/a>]<\/p>\n\n\n\n<p class=\"has-text-align-center\"><strong>Ad\u00e8le Mortier<\/strong> (Massachusetts Institute of Technology)<\/p>\n<\/div>\n<\/div>\n\n\n\n<div class=\"wp-block-columns is-layout-flex wp-container-core-columns-is-layout-9d6595d7 wp-block-columns-is-layout-flex\">\n<div class=\"wp-block-column is-layout-flow wp-block-column-is-layout-flow\" style=\"flex-basis:33.33%\">\n<p>11:45-13:15<\/p>\n<\/div>\n\n\n\n<div class=\"wp-block-column is-layout-flow wp-block-column-is-layout-flow\" style=\"flex-basis:66.66%\">\n<p class=\"has-text-align-center\">Catered lunch, and Pop-Up Mentoring Program (PUMP) session<\/p>\n<\/div>\n<\/div>\n\n\n\n<div class=\"wp-block-columns is-layout-flex wp-container-core-columns-is-layout-9d6595d7 wp-block-columns-is-layout-flex\">\n<div class=\"wp-block-column is-layout-flow wp-block-column-is-layout-flow\" style=\"flex-basis:33.33%\">\n<p>13:15-15:15<\/p>\n<\/div>\n\n\n\n<div class=\"wp-block-column is-layout-flow wp-block-column-is-layout-flow\" style=\"flex-basis:66.66%\">\n<p class=\"has-text-align-center\">Lightning talks and poster session with co\ufb00ee<\/p>\n\n\n\n<p class=\"has-text-align-center\"><em>Raised and in-situ preverbal foci: a uni\ufb01ed prosodic account<\/em> [<a href=\"https:\/\/glowlinguistics.org\/45\/wp-content\/uploads\/sites\/9\/2022\/04\/GLOW_45_abstract_165.pdf\" data-type=\"URL\" data-id=\"https:\/\/glowlinguistics.org\/45\/wp-content\/uploads\/sites\/9\/2022\/04\/GLOW_45_abstract_165.pdf\" target=\"_blank\" rel=\"noreferrer noopener\">abstract<\/a>]<\/p>\n\n\n\n<p class=\"has-text-align-center\"><strong>Lena Borise <\/strong>(Hungarian Research Centre for Linguistics)<strong>, Andreas Schmidt <\/strong>(University of Potsdam),<strong> and Bal\u00e1zs Sur\u00e1nyi <\/strong> (Hungarian Research Centre for Linguistics) <\/p>\n\n\n\n<p class=\"has-text-align-center\"><em>What is a sentence? Problem solved!<\/em> [<a href=\"https:\/\/glowlinguistics.org\/45\/wp-content\/uploads\/sites\/9\/2022\/04\/GLOW_45_abstract_15.pdf\" data-type=\"URL\" data-id=\"https:\/\/glowlinguistics.org\/45\/wp-content\/uploads\/sites\/9\/2022\/04\/GLOW_45_abstract_15.pdf\" target=\"_blank\" rel=\"noreferrer noopener\">abstract<\/a>]<\/p>\n\n\n\n<p class=\"has-text-align-center\"><strong>Caterina Donati and Carlo Cecchetto<\/strong> (CNRS)<\/p>\n\n\n\n<p class=\"has-text-align-center\"><em>Typology of modi\ufb01cation by depictives: A binding-based account<\/em> [<a href=\"https:\/\/glowlinguistics.org\/45\/wp-content\/uploads\/sites\/9\/2022\/04\/GLOW_45_abstract_82.pdf\" data-type=\"URL\" data-id=\"https:\/\/glowlinguistics.org\/45\/wp-content\/uploads\/sites\/9\/2022\/04\/GLOW_45_abstract_82.pdf\" target=\"_blank\" rel=\"noreferrer noopener\">abstract<\/a>]<\/p>\n\n\n\n<p class=\"has-text-align-center\"><strong>David Erschler<\/strong> (Ben-Gurion University)<\/p>\n\n\n\n<p class=\"has-text-align-center\"><em>Fake possessives, partitives and de\ufb01nites sharing the same D<\/em> [<a href=\"https:\/\/glowlinguistics.org\/45\/wp-content\/uploads\/sites\/9\/2022\/04\/GLOW_45_abstract_148.pdf\" data-type=\"URL\" data-id=\"https:\/\/glowlinguistics.org\/45\/wp-content\/uploads\/sites\/9\/2022\/04\/GLOW_45_abstract_148.pdf\" target=\"_blank\" rel=\"noreferrer noopener\">abstract<\/a>]<\/p>\n\n\n\n<p class=\"has-text-align-center\"><strong>Ekaterina Georgieva<\/strong> (Hungarian Research Centre for Linguistics)<\/p>\n\n\n\n<p class=\"has-text-align-center\"><em>Event plurality and quanti\ufb01er scope across clause boundaries<\/em> [<a href=\"https:\/\/glowlinguistics.org\/45\/wp-content\/uploads\/sites\/9\/2022\/04\/GLOW_45_abstract_207.pdf\" data-type=\"URL\" data-id=\"https:\/\/glowlinguistics.org\/45\/wp-content\/uploads\/sites\/9\/2022\/04\/GLOW_45_abstract_207.pdf\" target=\"_blank\" rel=\"noreferrer noopener\">abstract<\/a>]<\/p>\n\n\n\n<p class=\"has-text-align-center\"><strong>Morwenna Hoeks <\/strong>(University of California, Santa Cruz)<strong>, Deniz \u00d6zy\u0131ld\u0131z <\/strong>(University of Konstanz)<strong>, Jonathan Pesetsky<\/strong> (University of Massachusetts, Amherst), <strong>and Tom Roberts<\/strong> (University of Amsterdam)<\/p>\n\n\n\n<p class=\"has-text-align-center\"><em>Soft intervention e\ufb00ects in sociolinguistic variation<\/em> [<a href=\"https:\/\/glowlinguistics.org\/45\/wp-content\/uploads\/sites\/9\/2022\/04\/GLOW_45_abstract_96.pdf\" data-type=\"URL\" data-id=\"https:\/\/glowlinguistics.org\/45\/wp-content\/uploads\/sites\/9\/2022\/04\/GLOW_45_abstract_96.pdf\" target=\"_blank\" rel=\"noreferrer noopener\">abstract<\/a>]<\/p>\n\n\n\n<p class=\"has-text-align-center\"><strong>Yiming Liang, Julie Abbou, Pascal Amsili, Quentin D\u00e9nigot, Alexander Martin and Heather Burnett<\/strong> (CNRS)<\/p>\n\n\n\n<p class=\"has-text-align-center\"><em><em>Is anything possible in Murrinhpatha morphotactics? Not with phonology<\/em> [<a rel=\"noreferrer noopener\" href=\"https:\/\/glowlinguistics.org\/45\/wp-content\/uploads\/sites\/9\/2022\/04\/GLOW_45_abstract_153.pdf\" target=\"_blank\">abstract<\/a>]<\/em><\/p>\n\n\n\n<p class=\"has-text-align-center\"><strong>Marie-Luise Popp<\/strong> (University of Leipzig)<\/p>\n\n\n\n<p class=\"has-text-align-center\"><em>Possession without possessives (but with verbs): The view from \u00c4iwoo<\/em> [<a rel=\"noreferrer noopener\" href=\"https:\/\/glowlinguistics.org\/45\/wp-content\/uploads\/sites\/9\/2022\/04\/GLOW_45_abstract_190.pdf\" data-type=\"URL\" data-id=\"https:\/\/glowlinguistics.org\/45\/wp-content\/uploads\/sites\/9\/2022\/04\/GLOW_45_abstract_190.pdf\" target=\"_blank\">abstract<\/a>]<\/p>\n\n\n\n<p class=\"has-text-align-center\"><strong>Giovanni Roversi<\/strong> (Massachusetts Institute of Technology)<\/p>\n\n\n\n<p class=\"has-text-align-center\"><em>Ellipsis in a modular perspective<\/em> [<a href=\"https:\/\/glowlinguistics.org\/45\/wp-content\/uploads\/sites\/9\/2022\/04\/GLOW_45_abstract_201.pdf\" data-type=\"URL\" data-id=\"https:\/\/glowlinguistics.org\/45\/wp-content\/uploads\/sites\/9\/2022\/04\/GLOW_45_abstract_201.pdf\" target=\"_blank\" rel=\"noreferrer noopener\">abstract<\/a>]<\/p>\n\n\n\n<p class=\"has-text-align-center\"><strong>Craig Sailor<\/strong> (University of Edinburgh)<\/p>\n\n\n\n<p class=\"has-text-align-center\"><em>Anticausatives in transitive guise<\/em> [<a href=\"https:\/\/glowlinguistics.org\/45\/wp-content\/uploads\/sites\/9\/2022\/04\/GLOW_45_abstract_30.pdf\" data-type=\"URL\" data-id=\"https:\/\/glowlinguistics.org\/45\/wp-content\/uploads\/sites\/9\/2022\/04\/GLOW_45_abstract_30.pdf\" target=\"_blank\" rel=\"noreferrer noopener\">abstract<\/a>]<\/p>\n\n\n\n<p class=\"has-text-align-center\"><strong>Florian Sch\u00e4fer<\/strong> (Humboldt-University Berlin)<\/p>\n\n\n\n<p class=\"has-text-align-center\"><em>An argument for Move-And-Delete from German determiner sharing<\/em> [<a href=\"https:\/\/glowlinguistics.org\/45\/wp-content\/uploads\/sites\/9\/2022\/04\/GLOW_45_abstract_97.pdf\" data-type=\"URL\" data-id=\"https:\/\/glowlinguistics.org\/45\/wp-content\/uploads\/sites\/9\/2022\/04\/GLOW_45_abstract_97.pdf\" target=\"_blank\" rel=\"noreferrer noopener\">abstract<\/a>]<\/p>\n\n\n\n<p class=\"has-text-align-center\"><strong>Marie-Luise Schwarzer<\/strong> (University of Leipzig)<\/p>\n\n\n\n<p class=\"has-text-align-center\"><em>Reconstruction phenomena in Chinese relative clauses: Even gapless relatives involve a gap!<\/em> [<a href=\"https:\/\/glowlinguistics.org\/45\/wp-content\/uploads\/sites\/9\/2022\/04\/GLOW_45_abstract_21.pdf\" data-type=\"URL\" data-id=\"https:\/\/glowlinguistics.org\/45\/wp-content\/uploads\/sites\/9\/2022\/04\/GLOW_45_abstract_21.pdf\" target=\"_blank\" rel=\"noreferrer noopener\">abstract<\/a>]<\/p>\n\n\n\n<p class=\"has-text-align-center\"><strong>Peijia Su and Caterina Donati<\/strong> (CNRS)<\/p>\n\n\n\n<p class=\"has-text-align-center\"><em>The productive status of Canadian French liaison: Variation across words and grammar<\/em> [<a href=\"https:\/\/glowlinguistics.org\/45\/wp-content\/uploads\/sites\/9\/2022\/04\/GLOW_45_abstract_180.pdf\" data-type=\"URL\" data-id=\"https:\/\/glowlinguistics.org\/45\/wp-content\/uploads\/sites\/9\/2022\/04\/GLOW_45_abstract_180.pdf\" target=\"_blank\" rel=\"noreferrer noopener\">abstract<\/a>]<\/p>\n\n\n\n<p class=\"has-text-align-center\"><strong>Anne-Michelle Tessier <\/strong>(University of British Columbia)<strong>, Karen Jesney <\/strong>(Carleton University)<strong>, Kaili Vesik, Roger Lo, and Marie-Eve Bouchard<\/strong> (University of British Columbia)<\/p>\n\n\n\n<p class=\"has-text-align-center\"><em>Preserving the locality of selection with layering derivations<\/em> [<a href=\"https:\/\/glowlinguistics.org\/45\/wp-content\/uploads\/sites\/9\/2022\/04\/GLOW_45_abstract_205.pdf\" data-type=\"URL\" data-id=\"https:\/\/glowlinguistics.org\/45\/wp-content\/uploads\/sites\/9\/2022\/04\/GLOW_45_abstract_205.pdf\" target=\"_blank\" rel=\"noreferrer noopener\">abstract<\/a>]<\/p>\n\n\n\n<p class=\"has-text-align-center\"><strong>Gary Thoms<\/strong> (New York University)<\/p>\n\n\n\n<p class=\"has-text-align-center\"><em>Excursive questions<\/em> [<a href=\"https:\/\/glowlinguistics.org\/45\/wp-content\/uploads\/sites\/9\/2022\/04\/GLOW_45_abstract_43.pdf\" data-type=\"URL\" data-id=\"https:\/\/glowlinguistics.org\/45\/wp-content\/uploads\/sites\/9\/2022\/04\/GLOW_45_abstract_43.pdf\" target=\"_blank\" rel=\"noreferrer noopener\">abstract<\/a>]<\/p>\n\n\n\n<p class=\"has-text-align-center\"><strong>Tue Trinh and Itai Bassi<\/strong> (Leibniz-ZAS)<\/p>\n\n\n\n<p class=\"has-text-align-center\"><em>Discontinuous noun phrases in Iquito: Evidence for distributed deletion<\/em> [<a href=\"https:\/\/glowlinguistics.org\/45\/wp-content\/uploads\/sites\/9\/2022\/04\/GLOW_45_abstract_41.pdf\" data-type=\"URL\" data-id=\"https:\/\/glowlinguistics.org\/45\/wp-content\/uploads\/sites\/9\/2022\/04\/GLOW_45_abstract_41.pdf\" target=\"_blank\" rel=\"noreferrer noopener\">abstract<\/a>]<\/p>\n\n\n\n<p class=\"has-text-align-center\"><strong>Brianna Wilson and Andrew Murphy<\/strong> (University of Chicago)<\/p>\n<\/div>\n<\/div>\n\n\n\n<div class=\"wp-block-columns is-layout-flex wp-container-core-columns-is-layout-9d6595d7 wp-block-columns-is-layout-flex\">\n<div class=\"wp-block-column is-layout-flow wp-block-column-is-layout-flow\" style=\"flex-basis:33.33%\">\n<p>15:15-16:15<\/p>\n<\/div>\n\n\n\n<div class=\"wp-block-column is-layout-flow wp-block-column-is-layout-flow\" style=\"flex-basis:66.66%\">\n<p class=\"has-text-align-center\"><em>Voice alternation with SE \ufb01gure re\ufb02exives in Romanian<\/em> [<a href=\"https:\/\/glowlinguistics.org\/45\/wp-content\/uploads\/sites\/9\/2022\/04\/GLOW_45_abstract_119.pdf\" data-type=\"URL\" data-id=\"https:\/\/glowlinguistics.org\/45\/wp-content\/uploads\/sites\/9\/2022\/04\/GLOW_45_abstract_119.pdf\" target=\"_blank\" rel=\"noreferrer noopener\">abstract<\/a>]<\/p>\n\n\n\n<p class=\"has-text-align-center\"><strong>Adina Camelia Bleotu <\/strong>(Leibniz-ZAS)<strong> and Rodica Ivan<\/strong> (University of Toronto Mississauga)<\/p>\n<\/div>\n<\/div>\n\n\n\n<div class=\"wp-block-columns is-layout-flex wp-container-core-columns-is-layout-9d6595d7 wp-block-columns-is-layout-flex\">\n<div class=\"wp-block-column is-layout-flow wp-block-column-is-layout-flow\" style=\"flex-basis:33.33%\">\n<p>16:15-16:30<\/p>\n<\/div>\n\n\n\n<div class=\"wp-block-column is-layout-flow wp-block-column-is-layout-flow\" style=\"flex-basis:66.66%\">\n<p class=\"has-text-align-center\">Break<\/p>\n<\/div>\n<\/div>\n\n\n\n<div class=\"wp-block-columns is-layout-flex wp-container-core-columns-is-layout-9d6595d7 wp-block-columns-is-layout-flex\">\n<div class=\"wp-block-column is-layout-flow wp-block-column-is-layout-flow\" style=\"flex-basis:33.33%\">\n<p>16:30-17:30<\/p>\n<\/div>\n\n\n\n<div class=\"wp-block-column is-layout-flow wp-block-column-is-layout-flow\" style=\"flex-basis:66.66%\">\n<p class=\"has-text-align-center\"><em>Two grammars of A\u2019ingae glottalization: A case for Cophonologies by Phase<\/em> [<a href=\"https:\/\/glowlinguistics.org\/45\/wp-content\/uploads\/sites\/9\/2022\/04\/GLOW_45_abstract_168.pdf\" data-type=\"URL\" data-id=\"https:\/\/glowlinguistics.org\/45\/wp-content\/uploads\/sites\/9\/2022\/04\/GLOW_45_abstract_168.pdf\" target=\"_blank\" rel=\"noreferrer noopener\">abstract<\/a>]<\/p>\n\n\n\n<p class=\"has-text-align-center\"><strong>Maksymilian Dabkowski<\/strong> (University of California, Berkeley)<\/p>\n<\/div>\n<\/div>\n\n\n\n<div class=\"wp-block-columns is-layout-flex wp-container-core-columns-is-layout-9d6595d7 wp-block-columns-is-layout-flex\">\n<div class=\"wp-block-column is-layout-flow wp-block-column-is-layout-flow\" style=\"flex-basis:33.33%\">\n<p>17:30-18:30<\/p>\n<\/div>\n\n\n\n<div class=\"wp-block-column is-layout-flow wp-block-column-is-layout-flow\" style=\"flex-basis:66.66%\">\n<p class=\"has-text-align-center\"><em>Lack of c-command in coordinate structures: Evidence from binding<\/em> [<a href=\"https:\/\/glowlinguistics.org\/45\/wp-content\/uploads\/sites\/9\/2022\/04\/GLOW_45_abstract_36.pdf\" data-type=\"URL\" data-id=\"https:\/\/glowlinguistics.org\/45\/wp-content\/uploads\/sites\/9\/2022\/04\/GLOW_45_abstract_36.pdf\" target=\"_blank\" rel=\"noreferrer noopener\">abstract<\/a>]<\/p>\n\n\n\n<p class=\"has-text-align-center\"><strong>Alan Ke <\/strong>(Michigan State University)<strong>, Andrew McInnerney, and Yushi Sugimoto<\/strong> (University of Michigan)<\/p>\n<\/div>\n<\/div>\n\n\n\n<div class=\"wp-block-columns is-layout-flex wp-container-core-columns-is-layout-9d6595d7 wp-block-columns-is-layout-flex\">\n<div class=\"wp-block-column is-layout-flow wp-block-column-is-layout-flow\" style=\"flex-basis:33.33%\">\n<p>19:30-<\/p>\n<\/div>\n\n\n\n<div class=\"wp-block-column is-layout-flow wp-block-column-is-layout-flow\" style=\"flex-basis:66.66%\">\n<p class=\"has-text-align-center\">Conference dinner at Ariana restaurant, Mile End<\/p>\n<\/div>\n<\/div>\n","protected":false},"excerpt":{"rendered":"<p>Thursday 28 April: 08:30-09:30 Lexical Accent and the illusion of complexity [abstract] Ksenia Bogomolets (University of Auckland) 09:30-10:30 The Prolepsis\u2013Hyperraising scale: Evidence for a hierarchy of composite probes [abstract] Magdalena Lohninger, Iva Kova\u010d and Susanne Wurmbrand (Universit\u00e4t Wien) 10:30-10:45 Coffee break 10:45-11:45 It\u2019s tough to be pretty: semantic relatedness between tough and pretty predicates [abstract] &hellip; <a href=\"https:\/\/glowlinguistics.org\/45\/28-april-day-2-main-colloquium\/\" class=\"more-link\">Continue reading<span class=\"screen-reader-text\"> &#8220;28 April &#8211; Day 2 Main Colloquium&#8221;<\/span><\/a><\/p>\n","protected":false},"author":17,"featured_media":0,"parent":0,"menu_order":0,"comment_status":"closed","ping_status":"closed","template":"","meta":{"footnotes":""},"class_list":["post-137","page","type-page","status-publish","hentry"],"jetpack_sharing_enabled":true,"_links":{"self":[{"href":"https:\/\/glowlinguistics.org\/45\/wp-json\/wp\/v2\/pages\/137","targetHints":{"allow":["GET"]}}],"collection":[{"href":"https:\/\/glowlinguistics.org\/45\/wp-json\/wp\/v2\/pages"}],"about":[{"href":"https:\/\/glowlinguistics.org\/45\/wp-json\/wp\/v2\/types\/page"}],"author":[{"embeddable":true,"href":"https:\/\/glowlinguistics.org\/45\/wp-json\/wp\/v2\/users\/17"}],"replies":[{"embeddable":true,"href":"https:\/\/glowlinguistics.org\/45\/wp-json\/wp\/v2\/comments?post=137"}],"version-history":[{"count":62,"href":"https:\/\/glowlinguistics.org\/45\/wp-json\/wp\/v2\/pages\/137\/revisions"}],"predecessor-version":[{"id":475,"href":"https:\/\/glowlinguistics.org\/45\/wp-json\/wp\/v2\/pages\/137\/revisions\/475"}],"wp:attachment":[{"href":"https:\/\/glowlinguistics.org\/45\/wp-json\/wp\/v2\/media?parent=137"}],"curies":[{"name":"wp","href":"https:\/\/api.w.org\/{rel}","templated":true}]}}