{"id":139,"date":"2022-03-22T16:07:58","date_gmt":"2022-03-22T16:07:58","guid":{"rendered":"https:\/\/glowlinguistics.org\/45\/?page_id=139"},"modified":"2022-04-22T17:38:21","modified_gmt":"2022-04-22T17:38:21","slug":"29-april-day-3-main-colloquium","status":"publish","type":"page","link":"https:\/\/glowlinguistics.org\/45\/29-april-day-3-main-colloquium\/","title":{"rendered":"29 April &#8211; Day 3 Main Colloquium"},"content":{"rendered":"\n<h3 class=\"wp-block-heading\">Friday 29 April: <\/h3>\n\n\n\n<div class=\"wp-block-columns is-layout-flex wp-container-core-columns-is-layout-9d6595d7 wp-block-columns-is-layout-flex\">\n<div class=\"wp-block-column is-layout-flow wp-block-column-is-layout-flow\" style=\"flex-basis:33.33%\">\n<p>08:45-09:45<\/p>\n<\/div>\n\n\n\n<div class=\"wp-block-column is-layout-flow wp-block-column-is-layout-flow\" style=\"flex-basis:66.66%\">\n<p class=\"has-text-align-center\"><em>Reversed polarity sluicing in Japanese and PF-deletion through local contextual licensing<\/em> [<a href=\"https:\/\/glowlinguistics.org\/45\/wp-content\/uploads\/sites\/9\/2022\/04\/GLOW_45_abstract_24.pdf\" data-type=\"URL\" data-id=\"https:\/\/glowlinguistics.org\/45\/wp-content\/uploads\/sites\/9\/2022\/04\/GLOW_45_abstract_24.pdf\" target=\"_blank\" rel=\"noreferrer noopener\">abstract<\/a>]<\/p>\n\n\n\n<p class=\"has-text-align-center\"><strong>Yosuke Sato<\/strong> (Tsuda University)<\/p>\n<\/div>\n<\/div>\n\n\n\n<div class=\"wp-block-columns is-layout-flex wp-container-core-columns-is-layout-9d6595d7 wp-block-columns-is-layout-flex\">\n<div class=\"wp-block-column is-layout-flow wp-block-column-is-layout-flow\" style=\"flex-basis:33.33%\">\n<p>09:45-10:45<\/p>\n<\/div>\n\n\n\n<div class=\"wp-block-column is-layout-flow wp-block-column-is-layout-flow\" style=\"flex-basis:66.66%\">\n<p class=\"has-text-align-center\"><em>Coordination resolution in three-gendered languages<\/em> [<a href=\"https:\/\/glowlinguistics.org\/45\/wp-content\/uploads\/sites\/9\/2022\/04\/GLOW_45_abstract_149.pdf\" data-type=\"URL\" data-id=\"https:\/\/glowlinguistics.org\/45\/wp-content\/uploads\/sites\/9\/2022\/04\/GLOW_45_abstract_149.pdf\" target=\"_blank\" rel=\"noreferrer noopener\">abstract<\/a>]<\/p>\n\n\n\n<p class=\"has-text-align-center\"><strong>Luke Adamson <\/strong>(Harvard University)<strong> and Elena Anagnostopoulou<\/strong> (University of Crete)<\/p>\n<\/div>\n<\/div>\n\n\n\n<div class=\"wp-block-columns is-layout-flex wp-container-core-columns-is-layout-9d6595d7 wp-block-columns-is-layout-flex\">\n<div class=\"wp-block-column is-layout-flow wp-block-column-is-layout-flow\" style=\"flex-basis:33.33%\">\n<p>10:45-11:00<\/p>\n<\/div>\n\n\n\n<div class=\"wp-block-column is-layout-flow wp-block-column-is-layout-flow\" style=\"flex-basis:66.66%\">\n<p class=\"has-text-align-center\">Coffee break<\/p>\n<\/div>\n<\/div>\n\n\n\n<div class=\"wp-block-columns is-layout-flex wp-container-core-columns-is-layout-9d6595d7 wp-block-columns-is-layout-flex\">\n<div class=\"wp-block-column is-layout-flow wp-block-column-is-layout-flow\" style=\"flex-basis:33.33%\">\n<p>11:00-12:00<\/p>\n<\/div>\n\n\n\n<div class=\"wp-block-column is-layout-flow wp-block-column-is-layout-flow\" style=\"flex-basis:66.66%\">\n<p class=\"has-text-align-center\"><em>Present subjunctive in Italian without polarity or class features: A phonological analysis<\/em> [<a href=\"https:\/\/glowlinguistics.org\/45\/wp-content\/uploads\/sites\/9\/2022\/04\/GLOW_45_abstract_136.pdf\" data-type=\"URL\" data-id=\"https:\/\/glowlinguistics.org\/45\/wp-content\/uploads\/sites\/9\/2022\/04\/GLOW_45_abstract_136.pdf\" target=\"_blank\" rel=\"noreferrer noopener\">abstract<\/a>]<\/p>\n\n\n\n<p class=\"has-text-align-center\"><strong>Nicola Lampitelli <\/strong>(CNRS)<strong> and Shanti Ulfsbjorninn<\/strong> (University of Deusto)<\/p>\n<\/div>\n<\/div>\n\n\n\n<div class=\"wp-block-columns is-layout-flex wp-container-core-columns-is-layout-9d6595d7 wp-block-columns-is-layout-flex\">\n<div class=\"wp-block-column is-layout-flow wp-block-column-is-layout-flow\" style=\"flex-basis:33.33%\">\n<p>12:00-13:30<\/p>\n<\/div>\n\n\n\n<div class=\"wp-block-column is-layout-flow wp-block-column-is-layout-flow\" style=\"flex-basis:66.66%\">\n<p class=\"has-text-align-center\">Lunch<\/p>\n<\/div>\n<\/div>\n\n\n\n<div class=\"wp-block-columns is-layout-flex wp-container-core-columns-is-layout-9d6595d7 wp-block-columns-is-layout-flex\">\n<div class=\"wp-block-column is-layout-flow wp-block-column-is-layout-flow\" style=\"flex-basis:33.33%\">\n<p>13:30-14:30<\/p>\n<\/div>\n\n\n\n<div class=\"wp-block-column is-layout-flow wp-block-column-is-layout-flow\" style=\"flex-basis:66.66%\">\n<p class=\"has-text-align-center\"><em>Experimental evidence from German for a short source approach to apparent clausemate condition obviations in multiple sluicing<\/em> [<a href=\"https:\/\/glowlinguistics.org\/45\/wp-content\/uploads\/sites\/9\/2022\/04\/GLOW_45_abstract_144.pdf\" data-type=\"URL\" data-id=\"https:\/\/glowlinguistics.org\/45\/wp-content\/uploads\/sites\/9\/2022\/04\/GLOW_45_abstract_144.pdf\" target=\"_blank\" rel=\"noreferrer noopener\">abstract<\/a>]<\/p>\n\n\n\n<p class=\"has-text-align-center\"><strong>\u00c1lvaro Cort\u00e9s Rodr\u00edguez and James Gri\ufb03ths<\/strong> (University of T\u00fcbingen)<\/p>\n<\/div>\n<\/div>\n\n\n\n<div class=\"wp-block-columns is-layout-flex wp-container-core-columns-is-layout-9d6595d7 wp-block-columns-is-layout-flex\">\n<div class=\"wp-block-column is-layout-flow wp-block-column-is-layout-flow\" style=\"flex-basis:33.33%\">\n<p>14:30-15:30<\/p>\n<\/div>\n\n\n\n<div class=\"wp-block-column is-layout-flow wp-block-column-is-layout-flow\" style=\"flex-basis:66.66%\">\n<p class=\"has-text-align-center\"><em>Strong and weak n<\/em> [<a href=\"https:\/\/glowlinguistics.org\/45\/wp-content\/uploads\/sites\/9\/2022\/04\/GLOW_45_abstract_19.pdf\" data-type=\"URL\" data-id=\"https:\/\/glowlinguistics.org\/45\/wp-content\/uploads\/sites\/9\/2022\/04\/GLOW_45_abstract_19.pdf\" target=\"_blank\" rel=\"noreferrer noopener\">abstract<\/a>]<\/p>\n\n\n\n<p class=\"has-text-align-center\"><strong>Andreas Bl\u00fcmel<\/strong> (University of G\u00f6ttingen)<\/p>\n<\/div>\n<\/div>\n\n\n\n<div class=\"wp-block-columns is-layout-flex wp-container-core-columns-is-layout-9d6595d7 wp-block-columns-is-layout-flex\">\n<div class=\"wp-block-column is-layout-flow wp-block-column-is-layout-flow\" style=\"flex-basis:33.33%\">\n<p>15:30-15:45<\/p>\n<\/div>\n\n\n\n<div class=\"wp-block-column is-layout-flow wp-block-column-is-layout-flow\" style=\"flex-basis:66.66%\">\n<p class=\"has-text-align-center\">Coffee break<\/p>\n<\/div>\n<\/div>\n\n\n\n<div class=\"wp-block-columns is-layout-flex wp-container-core-columns-is-layout-9d6595d7 wp-block-columns-is-layout-flex\">\n<div class=\"wp-block-column is-layout-flow wp-block-column-is-layout-flow\" style=\"flex-basis:33.33%\">\n<p>15:45-16:45<\/p>\n<\/div>\n\n\n\n<div class=\"wp-block-column is-layout-flow wp-block-column-is-layout-flow\" style=\"flex-basis:66.66%\">\n<p class=\"has-text-align-center\"><em>Polarity sensitivity and diagonalization<\/em> [<a href=\"https:\/\/glowlinguistics.org\/45\/wp-content\/uploads\/sites\/9\/2022\/04\/GLOW_45_abstract_83.pdf\" data-type=\"URL\" data-id=\"https:\/\/glowlinguistics.org\/45\/wp-content\/uploads\/sites\/9\/2022\/04\/GLOW_45_abstract_83.pdf\" target=\"_blank\" rel=\"noreferrer noopener\">abstract<\/a>]<\/p>\n\n\n\n<p class=\"has-text-align-center\"><strong>Julie Goncharov and Hedde Zeijlstra<\/strong> (University of G\u00f6ttingen)<\/p>\n<\/div>\n<\/div>\n\n\n\n<div class=\"wp-block-columns is-layout-flex wp-container-core-columns-is-layout-9d6595d7 wp-block-columns-is-layout-flex\">\n<div class=\"wp-block-column is-layout-flow wp-block-column-is-layout-flow\" style=\"flex-basis:33.33%\">\n<p>16:45-17:00<\/p>\n<\/div>\n\n\n\n<div class=\"wp-block-column is-layout-flow wp-block-column-is-layout-flow\" style=\"flex-basis:66.66%\">\n<p class=\"has-text-align-center\">Closing remarks<\/p>\n<\/div>\n<\/div>\n\n\n\n<div class=\"wp-block-columns is-layout-flex wp-container-core-columns-is-layout-9d6595d7 wp-block-columns-is-layout-flex\">\n<div class=\"wp-block-column is-layout-flow wp-block-column-is-layout-flow\" style=\"flex-basis:33.33%\">\n<p>17:00-18:00<\/p>\n<\/div>\n\n\n\n<div class=\"wp-block-column is-layout-flow wp-block-column-is-layout-flow\" style=\"flex-basis:66.66%\">\n<p class=\"has-text-align-center\">Business meeting<\/p>\n<\/div>\n<\/div>\n","protected":false},"excerpt":{"rendered":"<p>Friday 29 April: 08:45-09:45 Reversed polarity sluicing in Japanese and PF-deletion through local contextual licensing [abstract] Yosuke Sato (Tsuda University) 09:45-10:45 Coordination resolution in three-gendered languages [abstract] Luke Adamson (Harvard University) and Elena Anagnostopoulou (University of Crete) 10:45-11:00 Coffee break 11:00-12:00 Present subjunctive in Italian without polarity or class features: A phonological analysis [abstract] Nicola &hellip; <a href=\"https:\/\/glowlinguistics.org\/45\/29-april-day-3-main-colloquium\/\" class=\"more-link\">Continue reading<span class=\"screen-reader-text\"> &#8220;29 April &#8211; Day 3 Main Colloquium&#8221;<\/span><\/a><\/p>\n","protected":false},"author":17,"featured_media":0,"parent":0,"menu_order":0,"comment_status":"closed","ping_status":"closed","template":"","meta":{"footnotes":""},"class_list":["post-139","page","type-page","status-publish","hentry"],"jetpack_sharing_enabled":true,"_links":{"self":[{"href":"https:\/\/glowlinguistics.org\/45\/wp-json\/wp\/v2\/pages\/139","targetHints":{"allow":["GET"]}}],"collection":[{"href":"https:\/\/glowlinguistics.org\/45\/wp-json\/wp\/v2\/pages"}],"about":[{"href":"https:\/\/glowlinguistics.org\/45\/wp-json\/wp\/v2\/types\/page"}],"author":[{"embeddable":true,"href":"https:\/\/glowlinguistics.org\/45\/wp-json\/wp\/v2\/users\/17"}],"replies":[{"embeddable":true,"href":"https:\/\/glowlinguistics.org\/45\/wp-json\/wp\/v2\/comments?post=139"}],"version-history":[{"count":19,"href":"https:\/\/glowlinguistics.org\/45\/wp-json\/wp\/v2\/pages\/139\/revisions"}],"predecessor-version":[{"id":483,"href":"https:\/\/glowlinguistics.org\/45\/wp-json\/wp\/v2\/pages\/139\/revisions\/483"}],"wp:attachment":[{"href":"https:\/\/glowlinguistics.org\/45\/wp-json\/wp\/v2\/media?parent=139"}],"curies":[{"name":"wp","href":"https:\/\/api.w.org\/{rel}","templated":true}]}}