{"id":201,"date":"2022-10-12T08:24:19","date_gmt":"2022-10-12T08:24:19","guid":{"rendered":"https:\/\/glowlinguistics.org\/46\/?page_id=201"},"modified":"2023-03-30T08:23:34","modified_gmt":"2023-03-30T08:23:34","slug":"conference-details","status":"publish","type":"page","link":"https:\/\/glowlinguistics.org\/46\/conference-details\/","title":{"rendered":"Conference details"},"content":{"rendered":"\n<h4 class=\"has-text-align-left wp-block-heading\">General<\/h4>\n\n\n\n<ul class=\"wp-block-list\">\n<li><strong><em>Costs:<\/em><\/strong> <br>&#8211; \u20ac 115 Everything<br>&#8211; \u20ac 65 Main colloqium only<br>&#8211; \u20ac 30 One Workshop only<\/li>\n\n\n\n<li><strong><em>Registration:<\/em><\/strong> registration closed on March 13<\/li>\n\n\n\n<li><strong><em>Hybrid<\/em><\/strong> <em><strong>participation options:<\/strong> <\/em>virtual participation is only possible at the main colloquium<\/li>\n\n\n\n<li>We follow a <a href=\"https:\/\/glowlinguistics.org\/46\/code-of-conduct\/\" data-type=\"URL\" data-id=\"https:\/\/glowlinguistics.org\/46\/code-of-conduct\/\"><strong>Code of Conduct<\/strong><\/a>: everyone participating in GLOW 46 is expected to follow the conference\u2019s instructions and to work to achieve inclusivity and equity.<\/li>\n<\/ul>\n\n\n<div class=\"wp-block-image\">\n<figure class=\"aligncenter size-full is-resized\"><img loading=\"lazy\" decoding=\"async\" src=\"https:\/\/glowlinguistics.org\/46\/wp-content\/uploads\/sites\/10\/2022\/07\/line2.png\" alt=\"\" class=\"wp-image-156\" width=\"400\" height=\"59\" srcset=\"https:\/\/glowlinguistics.org\/46\/wp-content\/uploads\/sites\/10\/2022\/07\/line2.png 512w, https:\/\/glowlinguistics.org\/46\/wp-content\/uploads\/sites\/10\/2022\/07\/line2-300x44.png 300w\" sizes=\"auto, (max-width: 400px) 85vw, 400px\" \/><\/figure>\n<\/div>\n\n\n<h2 class=\"has-text-align-center wp-block-heading\">VIENNA<\/h2>\n\n\n\n<h4 class=\"wp-block-heading\">Location<\/h4>\n\n\n\n<ul class=\"wp-block-list\">\n<li><mark style=\"background-color:rgba(0, 0, 0, 0)\" class=\"has-inline-color has-dark-red-color\">The <strong>main session <\/strong>will take place at the Campus of the <strong>University of Vienna<\/strong><\/mark><br><br><em>Spitalgasse 2<br>1090 Wien<br>Court 2,<strong> <mark style=\"background-color:rgba(0, 0, 0, 0)\" class=\"has-inline-color has-dark-red-color\">Room C1<\/mark><\/strong><\/em><br><a rel=\"noreferrer noopener\" href=\"https:\/\/goo.gl\/maps\/yo9YDLieNUMCzgoCA\" data-type=\"URL\" data-id=\"https:\/\/goo.gl\/maps\/yo9YDLieNUMCzgoCA\" target=\"_blank\">HERE<\/a> you find the exact location on Google Maps.<br><br><\/li>\n\n\n\n<li><mark style=\"background-color:rgba(0, 0, 0, 0)\" class=\"has-inline-color has-dark-red-color\">The <strong>Phonology workshop<\/strong> will take place at the Campus of the <strong>University of Vienna<\/strong><\/mark><strong><br><\/strong><br><em>Spitalgasse 2<br>1090 Wien<br>Court 8,<strong> <mark style=\"background-color:rgba(0, 0, 0, 0)\" class=\"has-inline-color has-dark-red-color\">Room ROM1<\/mark><\/strong><\/em><br><a rel=\"noreferrer noopener\" href=\"https:\/\/goo.gl\/maps\/Hp8TNUmSLsJLXHcn6\" data-type=\"URL\" data-id=\"https:\/\/goo.gl\/maps\/Hp8TNUmSLsJLXHcn6\" target=\"_blank\">HERE<\/a> you find the exact location on Google Maps.<br><br><\/li>\n\n\n\n<li><a rel=\"noreferrer noopener\" href=\"https:\/\/www.univie.ac.at\/uploads\/media\/Campus_Lageplan.pdf\" data-type=\"URL\" data-id=\"https:\/\/www.univie.ac.at\/uploads\/media\/Campus_Lageplan.pdf\" target=\"_blank\">HERE<\/a> you find a map of the Campus (C1 [main session] is listed under 2.6, ROM1 [phonology workshop] under 8.1)<\/li>\n\n\n\n<li>There will be signage to direct you to the room. <\/li>\n\n\n\n<li>Registration will take place at the entrance.<\/li>\n<\/ul>\n\n\n\n<h4 class=\"wp-block-heading\">Directions<\/h4>\n\n\n\n<ul class=\"wp-block-list\">\n<li>The Campus can be accessed from Spitalgasse, W\u00e4hringerstra\u00dfe and Alserstra\u00dfe.<\/li>\n\n\n\n<li>Nearest Metro stop: <strong>Schottentor<\/strong> (<em>U2<\/em>)<\/li>\n\n\n\n<li>Nearest Tramway stops: <br>&#8211; <strong>Lazarettgasse<\/strong> (<em>Tram 5 &amp; 33<\/em>)<br>&#8211; <strong>Lange Gasse<\/strong> (<em>Tram<\/em> <em>5, 33, 43 &amp; 44<\/em>) <br>&#8211; <strong>Schwarzspanierstra\u00dfe<\/strong> (<em>Tram 37, 38, 40, 41 &amp; 42<\/em>)<\/li>\n<\/ul>\n\n\n\n<h4 class=\"wp-block-heading\">Conference Dinner<\/h4>\n\n\n\n<ul class=\"wp-block-list\">\n<li>The conference dinner will take place on  <strong>April 14 <\/strong>at the <strong>Melker Stiftskeller<\/strong>, a traditional authentic Viennese restaurant located in Vienna\u2019s oldest cellar vault. Address: <em>Schottengasse 3, 1010 Wien<\/em> (<a rel=\"noreferrer noopener\" href=\"https:\/\/goo.gl\/maps\/19Ka7FKhBddhPi3n8\" data-type=\"URL\" data-id=\"https:\/\/goo.gl\/maps\/19Ka7FKhBddhPi3n8\" target=\"_blank\">GOOGLE MAPS<\/a>). <\/li>\n\n\n\n<li>The price is <strong>\u20ac30 per person<\/strong> (drinks are not included)<\/li>\n\n\n\n<li>Registration for the dinner is closed on March 13.<\/li>\n\n\n\n<li>There will be vegetarian and vegan options.<br><\/li>\n<\/ul>\n\n\n\n<h4 class=\"wp-block-heading\">Hotels<\/h4>\n\n\n\n<ul class=\"wp-block-list\">\n<li>You can find a list of close-by hotels <a rel=\"noreferrer noopener\" href=\"https:\/\/glowlinguistics.org\/46\/?page_id=282\" data-type=\"URL\" target=\"_blank\">HERE<\/a>. <\/li>\n\n\n\n<li>Note that there are Easter holidays in Austria at the time GLOW takes place (which is quite a touristy season), so please book in advance!<br><\/li>\n<\/ul>\n\n\n<div class=\"wp-block-image\">\n<figure class=\"aligncenter size-full\"><img loading=\"lazy\" decoding=\"async\" width=\"512\" height=\"75\" src=\"https:\/\/glowlinguistics.org\/46\/wp-content\/uploads\/sites\/10\/2022\/07\/line2.png\" alt=\"\" class=\"wp-image-156\" srcset=\"https:\/\/glowlinguistics.org\/46\/wp-content\/uploads\/sites\/10\/2022\/07\/line2.png 512w, https:\/\/glowlinguistics.org\/46\/wp-content\/uploads\/sites\/10\/2022\/07\/line2-300x44.png 300w\" sizes=\"auto, (max-width: 512px) 85vw, 512px\" \/><\/figure>\n<\/div>\n\n\n<h2 class=\"has-text-align-center wp-block-heading\">GRAZ<\/h2>\n\n\n\n<h4 class=\"wp-block-heading\">Location<\/h4>\n\n\n\n<ul class=\"wp-block-list\">\n<li>The <strong>Pronoun workshop<\/strong> will take place at the <strong>University of Graz<\/strong><br><br><em>Universit\u00e4tsstra\u00dfe 15<br>8010 Graz<br>Building E, <strong><mark style=\"background-color:rgba(0, 0, 0, 0)\" class=\"has-inline-color has-dark-red-color\">Room HS 15.04<\/mark><\/strong> (Ground floor)<\/em><br><a rel=\"noreferrer noopener\" href=\"https:\/\/goo.gl\/maps\/dj8Hb7qCsM9HqrMD7\" data-type=\"URL\" data-id=\"https:\/\/goo.gl\/maps\/dj8Hb7qCsM9HqrMD7\" target=\"_blank\">HERE<\/a> you find the exact location on Google Maps<br><\/li>\n\n\n\n<li><a rel=\"noreferrer noopener\" href=\"https:\/\/campusplan.uni-graz.at\/015EEG0039\" data-type=\"URL\" data-id=\"https:\/\/campusplan.uni-graz.at\/015EEG0039\" target=\"_blank\">HERE<\/a> you find a map showing the workshop venue (and public transportation)<br><\/li>\n\n\n\n<li>There will be signage to direct you to the room. <\/li>\n\n\n\n<li>Registration will be at the entrance.<\/li>\n<\/ul>\n\n\n\n<h4 class=\"wp-block-heading\">Directions<\/h4>\n\n\n\n<ul class=\"wp-block-list\">\n<li>From Graz train station:<br>&#8211; <em>Bus 58<\/em> (towards Ragnitz) to <strong>Uni\/Mozartgasse<\/strong><br>&#8211; <em>Bus 63<\/em> (towards Schulzentrum St. Peter) to <strong>Uni\/Mensa<\/strong><\/li>\n<\/ul>\n\n\n\n<ul class=\"wp-block-list\">\n<li><strong>Getting to and from Vienna:<\/strong><br>There are connecting trains every hour from Vienna main station offered by the national railway company \u00d6BB. The journey takes around 2,5 hours. A single-trip ticket costs about 40\u20ac and can be purchased <a rel=\"noreferrer noopener\" href=\"https:\/\/shop.oebbtickets.at\/de\/ticket?cref=oebb-header\" data-type=\"URL\" data-id=\"https:\/\/shop.oebbtickets.at\/de\/ticket?cref=oebb-header\" target=\"_blank\">HERE<\/a>.<br><br>Further information can also be found <a rel=\"noreferrer noopener\" href=\"https:\/\/www.uni-graz.at\/en\/contact-and-arriving\/\" data-type=\"URL\" data-id=\"https:\/\/www.uni-graz.at\/en\/contact-and-arriving\/\" target=\"_blank\">HERE<\/a>.<\/li>\n<\/ul>\n\n\n\n<h4 class=\"wp-block-heading\">Hotels<\/h4>\n\n\n\n<ul class=\"wp-block-list\">\n<li>There is a broad selection of hotels, B&#8217;n&#8217;Bs, and apartments in Graz downtown. You can find a selection <a rel=\"noreferrer noopener\" href=\"https:\/\/www.booking.com\/searchresults.html?ss=Graz&amp;si=ai%2Cco%2Cci%2Cre%2Cdi&amp;label=gen173rf-1FCBcoggI46AdIM1gDaA6IAQGYAQe4ARfIAQ_YAQHoAQH4AQOIAgGYApwBqAIDuAL6-d2QBsACAdICJDNmMTQ4OWJmLTJhODEtNGE0Yi04MzQwLThhZTUzYjEwOWQwMdgCBeACAQ&amp;lang=de&amp;aid=1254779&amp;fp_referrer_aid=1258167&amp;selected_currency=&amp;order=&amp;utm_medium=sp&amp;utm_source=AW_Searchbox&amp;utm_campaign=sb1&amp;dest_id=-1978544&amp;dest_type=city&amp;sp_plprd=UmFuZG9tSVYkc2RlIyh9YVXcKaaJl1ClSHAtMjLtDBnV7Q4GsYAu41eUCqdCDQuz2uL7nz-1oFS1tuJKIGAaSM50rgsoSDVbvWIxIDE2AzsIHDMZsmEyNNwnWmmlcq5iWBLibRvMtpWsqP8UVyIlEg&amp;checkin=2022-02-24&amp;checkout=2022-02-26&amp;submit=Suche\" data-type=\"URL\" data-id=\"https:\/\/www.booking.com\/searchresults.html?ss=Graz&amp;si=ai%2Cco%2Cci%2Cre%2Cdi&amp;label=gen173rf-1FCBcoggI46AdIM1gDaA6IAQGYAQe4ARfIAQ_YAQHoAQH4AQOIAgGYApwBqAIDuAL6-d2QBsACAdICJDNmMTQ4OWJmLTJhODEtNGE0Yi04MzQwLThhZTUzYjEwOWQwMdgCBeACAQ&amp;lang=de&amp;aid=1254779&amp;fp_referrer_aid=1258167&amp;selected_currency=&amp;order=&amp;utm_medium=sp&amp;utm_source=AW_Searchbox&amp;utm_campaign=sb1&amp;dest_id=-1978544&amp;dest_type=city&amp;sp_plprd=UmFuZG9tSVYkc2RlIyh9YVXcKaaJl1ClSHAtMjLtDBnV7Q4GsYAu41eUCqdCDQuz2uL7nz-1oFS1tuJKIGAaSM50rgsoSDVbvWIxIDE2AzsIHDMZsmEyNNwnWmmlcq5iWBLibRvMtpWsqP8UVyIlEg&amp;checkin=2022-02-24&amp;checkout=2022-02-26&amp;submit=Suche\" target=\"_blank\">HERE<\/a>. For low-budget accommodation we also recommend to look for private accommodation (via platforms such as AirBnB).<\/li>\n\n\n\n<li>Note that there are Easter holdiays in Austria at the time GLOW takes place (which is quite a touristy season), so please book in advance!<\/li>\n<\/ul>\n","protected":false},"excerpt":{"rendered":"<p>General VIENNA Location Directions Conference Dinner Hotels GRAZ Location Directions Hotels<\/p>\n","protected":false},"author":19,"featured_media":0,"parent":0,"menu_order":0,"comment_status":"closed","ping_status":"closed","template":"","meta":{"footnotes":""},"class_list":["post-201","page","type-page","status-publish","hentry"],"_links":{"self":[{"href":"https:\/\/glowlinguistics.org\/46\/wp-json\/wp\/v2\/pages\/201","targetHints":{"allow":["GET"]}}],"collection":[{"href":"https:\/\/glowlinguistics.org\/46\/wp-json\/wp\/v2\/pages"}],"about":[{"href":"https:\/\/glowlinguistics.org\/46\/wp-json\/wp\/v2\/types\/page"}],"author":[{"embeddable":true,"href":"https:\/\/glowlinguistics.org\/46\/wp-json\/wp\/v2\/users\/19"}],"replies":[{"embeddable":true,"href":"https:\/\/glowlinguistics.org\/46\/wp-json\/wp\/v2\/comments?post=201"}],"version-history":[{"count":60,"href":"https:\/\/glowlinguistics.org\/46\/wp-json\/wp\/v2\/pages\/201\/revisions"}],"predecessor-version":[{"id":795,"href":"https:\/\/glowlinguistics.org\/46\/wp-json\/wp\/v2\/pages\/201\/revisions\/795"}],"wp:attachment":[{"href":"https:\/\/glowlinguistics.org\/46\/wp-json\/wp\/v2\/media?parent=201"}],"curies":[{"name":"wp","href":"https:\/\/api.w.org\/{rel}","templated":true}]}}