{"id":515,"date":"2023-02-27T07:05:14","date_gmt":"2023-02-27T07:05:14","guid":{"rendered":"https:\/\/glowlinguistics.org\/46\/?page_id=515"},"modified":"2023-04-09T19:38:10","modified_gmt":"2023-04-09T19:38:10","slug":"main-session-day-1","status":"publish","type":"page","link":"https:\/\/glowlinguistics.org\/46\/main-session-day-1\/","title":{"rendered":"Main session day 1"},"content":{"rendered":"\n<h4 class=\"has-text-align-center wp-block-heading\"><br><strong>WEDnesday, April 12 [Vienna<\/strong>]<\/h4>\n\n\n\n<p class=\"has-text-align-center\">You can download the full program <a rel=\"noreferrer noopener\" href=\"https:\/\/glowlinguistics.org\/46\/wp-content\/uploads\/sites\/10\/2023\/03\/GLOW-46-Program.pdf\" data-type=\"URL\" data-id=\"https:\/\/glowlinguistics.org\/46\/wp-content\/uploads\/sites\/10\/2023\/03\/GLOW-46-Program.pdf\" target=\"_blank\">HERE<\/a><\/p>\n\n\n\n<p class=\"has-text-align-center\">All slides and posters can be found <a rel=\"noreferrer noopener\" href=\"https:\/\/ucloud.univie.ac.at\/index.php\/s\/YumaCJpJEG1bJY4\" data-type=\"URL\" data-id=\"https:\/\/ucloud.univie.ac.at\/index.php\/s\/YumaCJpJEG1bJY4\" target=\"_blank\">HERE<\/a><\/p>\n\n\n\n<figure class=\"wp-block-table is-style-stripes\"><table class=\"has-light-gray-background-color has-background\"><tbody><tr><td class=\"has-text-align-center\" data-align=\"center\">9:00-9:30<br><mark style=\"background-color:rgba(0, 0, 0, 0);color:#c6ae12\" class=\"has-inline-color\">REGISTRATION<\/mark><br><\/td><\/tr><tr><td class=\"has-text-align-center\" data-align=\"center\">9:30-10:00<br><mark style=\"background-color:rgba(0, 0, 0, 0);color:#c6ae12\" class=\"has-inline-color\">OPENING<\/mark><br><\/td><\/tr><tr><td class=\"has-text-align-center\" data-align=\"center\"><em>Chair: Iva Kova\u010d<\/em><\/td><\/tr><tr><td class=\"has-text-align-center\" data-align=\"center\">10:00-11:00<br><br><strong>Deniz Sat\u0131k <\/strong>(Harvard University)<br><em><mark style=\"background-color:rgba(0, 0, 0, 0);color:#0a466e\" class=\"has-inline-color\"><a href=\"https:\/\/glowlinguistics.org\/46\/wp-content\/uploads\/sites\/10\/2023\/03\/Satik.pdf\" data-type=\"URL\" data-id=\"https:\/\/glowlinguistics.org\/46\/wp-content\/uploads\/sites\/10\/2023\/03\/Satik.pdf\" target=\"_blank\" rel=\"noreferrer noopener\">An economy theory of PRO<\/a><\/mark><\/em><br><\/td><\/tr><tr><td class=\"has-text-align-center\" data-align=\"center\">11:00-11:30<br><mark style=\"background-color:rgba(0, 0, 0, 0);color:#c6ae12\" class=\"has-inline-color\">COFFEE <\/mark><br><\/td><\/tr><tr><td class=\"has-text-align-center\" data-align=\"center\"><em>Chair: Boban Arsenijevi\u0107<\/em><\/td><\/tr><tr><td class=\"has-text-align-center\" data-align=\"center\">11:30-12:30<br><br><strong>Marcin W\u0105giel <\/strong>(University of Wroc\u0142aw &amp; Masaryk University of Brno)<br><strong>Natalia Shlikuthka <\/strong>(University of Wroc\u0142aw)<br><em><mark style=\"background-color:rgba(0, 0, 0, 0);color:#0a466e\" class=\"has-inline-color\"><a rel=\"noreferrer noopener\" href=\"https:\/\/glowlinguistics.org\/46\/wp-content\/uploads\/sites\/10\/2023\/03\/Wagiel_Shlikhutka.pdf\" data-type=\"URL\" data-id=\"https:\/\/glowlinguistics.org\/46\/wp-content\/uploads\/sites\/10\/2023\/03\/Wagiel_Shlikhutka.pdf\" target=\"_blank\">Pluralities, clusters and singulatives: a view from Ukrainian<\/a><\/mark><\/em><br><\/td><\/tr><tr><td class=\"has-text-align-center\" data-align=\"center\">12:30-14:00<br><mark style=\"background-color:rgba(0, 0, 0, 0);color:#c6ae12\" class=\"has-inline-color\">LUNCH<\/mark><br><\/td><\/tr><tr><td class=\"has-text-align-center\" data-align=\"center\"><em>Chair: David Adger<\/em><\/td><\/tr><tr><td class=\"has-text-align-center\" data-align=\"center\">14:00-15:00<br><br><strong>Pavel Caha <\/strong>(Masaryk University of Brno)<br><em><mark style=\"background-color:rgba(0, 0, 0, 0);color:#0a466e\" class=\"has-inline-color\"><a href=\"https:\/\/glowlinguistics.org\/46\/wp-content\/uploads\/sites\/10\/2023\/04\/Caha.pdf\" data-type=\"URL\" data-id=\"https:\/\/glowlinguistics.org\/46\/wp-content\/uploads\/sites\/10\/2023\/04\/Caha.pdf\" target=\"_blank\" rel=\"noreferrer noopener\">A default theory of default case<\/a><\/mark><\/em><br><\/td><\/tr><tr><td class=\"has-text-align-center\" data-align=\"center\">15:00-16:00<br><br><strong>Kyle Gorman <\/strong>(City University of New York Graduate Center)<br><strong>&nbsp;Charles Reiss <\/strong>(Concordia University)<br><em><mark style=\"background-color:rgba(0, 0, 0, 0);color:#0a466e\" class=\"has-inline-color\"><a href=\"https:\/\/glowlinguistics.org\/46\/wp-content\/uploads\/sites\/10\/2023\/03\/Gorman_Reiss.pdf\" data-type=\"URL\" data-id=\"https:\/\/glowlinguistics.org\/46\/wp-content\/uploads\/sites\/10\/2023\/03\/Gorman_Reiss.pdf\" target=\"_blank\" rel=\"noreferrer noopener\">Maximal feature specification is feasible; minimal feature specification is not<\/a><\/mark><\/em><br><\/td><\/tr><tr><td class=\"has-text-align-center\" data-align=\"center\">16:00-16:30<br><mark style=\"background-color:rgba(0, 0, 0, 0);color:#c6ae12\" class=\"has-inline-color\">COFFEE <\/mark><br><\/td><\/tr><tr><td class=\"has-text-align-center\" data-align=\"center\"><em>Chair: Idan Landau<\/em><\/td><\/tr><tr><td class=\"has-text-align-center\" data-align=\"center\">16:30-17:30<br><br><strong>Andr\u00e1s B\u00e1r\u00e1ny <\/strong>(University of Bielefeld)<br><strong>Jutta Hartmann <\/strong>(University of Bielefeld)<br><mark style=\"background-color:rgba(0, 0, 0, 0);color:#0a466e\" class=\"has-inline-color\"><em><a href=\"https:\/\/glowlinguistics.org\/46\/wp-content\/uploads\/sites\/10\/2023\/03\/Barany_Hartmann.pdf\" data-type=\"URL\" data-id=\"https:\/\/glowlinguistics.org\/46\/wp-content\/uploads\/sites\/10\/2023\/03\/Barany_Hartmann.pdf\" target=\"_blank\" rel=\"noreferrer noopener\">Features or filters? On the relationship between syntax and information structure<\/a><\/em><br><\/mark><\/td><\/tr><tr><td class=\"has-text-align-center\" data-align=\"center\">17:30-18:30<br><br><strong>Anke Himmelreich <\/strong>(Goethe University Frankfurt)<br><strong>Johannes Mursell <\/strong>(Goethe University Frankfurt)<br><strong>&nbsp;Katharina Hartmann <\/strong>(Goethe University Frankfurt)<br><mark style=\"background-color:rgba(0, 0, 0, 0);color:#0a466e\" class=\"has-inline-color\"><em><a href=\"https:\/\/glowlinguistics.org\/46\/wp-content\/uploads\/sites\/10\/2023\/03\/Himmerlreich_et_al.pdf\" data-type=\"URL\" data-id=\"https:\/\/glowlinguistics.org\/46\/wp-content\/uploads\/sites\/10\/2023\/03\/Himmerlreich_et_al.pdf\" target=\"_blank\" rel=\"noreferrer noopener\">When long distance dependencies are actually short: the case of Mabia languages<\/a><\/em><br><\/mark><\/td><\/tr><\/tbody><\/table><\/figure>\n","protected":false},"excerpt":{"rendered":"<p>WEDnesday, April 12 [Vienna] You can download the full program HERE All slides and posters can be found HERE 9:00-9:30REGISTRATION 9:30-10:00OPENING Chair: Iva Kova\u010d 10:00-11:00 Deniz Sat\u0131k (Harvard University)An economy theory of PRO 11:00-11:30COFFEE Chair: Boban Arsenijevi\u0107 11:30-12:30 Marcin W\u0105giel (University of Wroc\u0142aw &amp; Masaryk University of Brno)Natalia Shlikuthka (University of Wroc\u0142aw)Pluralities, clusters and singulatives: &hellip; <a href=\"https:\/\/glowlinguistics.org\/46\/main-session-day-1\/\" class=\"more-link\">Continue reading<span class=\"screen-reader-text\"> &#8220;Main session day 1&#8221;<\/span><\/a><\/p>\n","protected":false},"author":19,"featured_media":0,"parent":0,"menu_order":0,"comment_status":"closed","ping_status":"closed","template":"","meta":{"footnotes":""},"class_list":["post-515","page","type-page","status-publish","hentry"],"_links":{"self":[{"href":"https:\/\/glowlinguistics.org\/46\/wp-json\/wp\/v2\/pages\/515","targetHints":{"allow":["GET"]}}],"collection":[{"href":"https:\/\/glowlinguistics.org\/46\/wp-json\/wp\/v2\/pages"}],"about":[{"href":"https:\/\/glowlinguistics.org\/46\/wp-json\/wp\/v2\/types\/page"}],"author":[{"embeddable":true,"href":"https:\/\/glowlinguistics.org\/46\/wp-json\/wp\/v2\/users\/19"}],"replies":[{"embeddable":true,"href":"https:\/\/glowlinguistics.org\/46\/wp-json\/wp\/v2\/comments?post=515"}],"version-history":[{"count":28,"href":"https:\/\/glowlinguistics.org\/46\/wp-json\/wp\/v2\/pages\/515\/revisions"}],"predecessor-version":[{"id":845,"href":"https:\/\/glowlinguistics.org\/46\/wp-json\/wp\/v2\/pages\/515\/revisions\/845"}],"wp:attachment":[{"href":"https:\/\/glowlinguistics.org\/46\/wp-json\/wp\/v2\/media?parent=515"}],"curies":[{"name":"wp","href":"https:\/\/api.w.org\/{rel}","templated":true}]}}