{"id":523,"date":"2023-02-27T07:05:25","date_gmt":"2023-02-27T07:05:25","guid":{"rendered":"https:\/\/glowlinguistics.org\/46\/?page_id=523"},"modified":"2023-04-09T19:38:24","modified_gmt":"2023-04-09T19:38:24","slug":"main-session-day-2","status":"publish","type":"page","link":"https:\/\/glowlinguistics.org\/46\/main-session-day-2\/","title":{"rendered":"Main session day 2"},"content":{"rendered":"\n<h4 class=\"has-text-align-center wp-block-heading\"><br><strong>Thursday, April 13 [Vienna]<\/strong><\/h4>\n\n\n\n<p class=\"has-text-align-center\">You can download the full program <a rel=\"noreferrer noopener\" href=\"https:\/\/glowlinguistics.org\/46\/wp-content\/uploads\/sites\/10\/2023\/03\/GLOW-46-Program.pdf\" data-type=\"URL\" data-id=\"https:\/\/glowlinguistics.org\/46\/wp-content\/uploads\/sites\/10\/2023\/03\/GLOW-46-Program.pdf\" target=\"_blank\">HERE<\/a><\/p>\n\n\n\n<p class=\"has-text-align-center\">All slides and posters can be found <a rel=\"noreferrer noopener\" href=\"https:\/\/ucloud.univie.ac.at\/index.php\/s\/YumaCJpJEG1bJY4\" data-type=\"URL\" data-id=\"https:\/\/ucloud.univie.ac.at\/index.php\/s\/YumaCJpJEG1bJY4\" target=\"_blank\">HERE<\/a><\/p>\n\n\n\n<figure class=\"wp-block-table is-style-stripes\"><table class=\"has-light-gray-background-color has-background\"><tbody><tr><td class=\"has-text-align-center\" data-align=\"center\">8:45-9:00<br><mark style=\"background-color:rgba(0, 0, 0, 0);color:#c6ae12\" class=\"has-inline-color\">REGISTRATION<\/mark><br><\/td><\/tr><tr><td class=\"has-text-align-center\" data-align=\"center\"><em>Chair: Jutta Hartmann<\/em><\/td><\/tr><tr><td class=\"has-text-align-center\" data-align=\"center\">09:00-10:00<br><br><strong>Zheng Shen <\/strong>(National University of Singapore)<br><strong>Nick Huang <\/strong>(National University of Singapore)<br><em><mark style=\"background-color:rgba(0, 0, 0, 0);color:#0a466e\" class=\"has-inline-color\"><a href=\"https:\/\/glowlinguistics.org\/46\/wp-content\/uploads\/sites\/10\/2023\/04\/Zheng_Huang.pdf\" data-type=\"URL\" data-id=\"https:\/\/glowlinguistics.org\/46\/wp-content\/uploads\/sites\/10\/2023\/04\/Zheng_Huang.pdf\" target=\"_blank\" rel=\"noreferrer noopener\">The definiteness effect in wh-fronting and wh-in situ languages<\/a><\/mark><\/em><br><\/td><\/tr><tr><td class=\"has-text-align-center\" data-align=\"center\">10:00-11:00<br><br><strong>Katie McCann <\/strong>(University of Leipzig)<br><em><mark style=\"background-color:rgba(0, 0, 0, 0);color:#0a466e\" class=\"has-inline-color\"><a href=\"https:\/\/glowlinguistics.org\/46\/wp-content\/uploads\/sites\/10\/2023\/03\/McCann.pdf\" data-type=\"URL\" data-id=\"https:\/\/glowlinguistics.org\/46\/wp-content\/uploads\/sites\/10\/2023\/03\/McCann.pdf\" target=\"_blank\" rel=\"noreferrer noopener\">Phonological exceptions are morphotactic exceptions given phonological underspecification<\/a><\/mark><\/em><br><\/td><\/tr><tr><td class=\"has-text-align-center\" data-align=\"center\">11:00-11:30<br><mark style=\"background-color:rgba(0, 0, 0, 0);color:#c6ae12\" class=\"has-inline-color\">COFFEE <\/mark><br><\/td><\/tr><tr><td class=\"has-text-align-center\" data-align=\"center\"><em>Chair: Magdalena Lohninger<\/em><\/td><\/tr><tr><td class=\"has-text-align-center\" data-align=\"center\">11:30-12:30<br><br><strong>Mike Berger <\/strong>(University of Leipzig)<br><em><mark style=\"background-color:rgba(0, 0, 0, 0);color:#0a466e\" class=\"has-inline-color\"><a href=\"https:\/\/glowlinguistics.org\/46\/wp-content\/uploads\/sites\/10\/2023\/03\/Berger.pdf\" data-type=\"URL\" data-id=\"https:\/\/glowlinguistics.org\/46\/wp-content\/uploads\/sites\/10\/2023\/03\/Berger.pdf\" target=\"_blank\" rel=\"noreferrer noopener\">Towards a typology of transitivity matching<\/a><\/mark><\/em><br><\/td><\/tr><tr><td class=\"has-text-align-center\" data-align=\"center\">12:30-14:00<br><mark style=\"background-color:rgba(0, 0, 0, 0);color:#c6ae12\" class=\"has-inline-color\">LUNCH &amp;<\/mark><mark style=\"background-color:rgba(0, 0, 0, 0);color:#c6ae12\" class=\"has-inline-color\"><a href=\"https:\/\/glowlinguistics.org\/46\/pumpglow\/\" data-type=\"URL\" data-id=\"https:\/\/glowlinguistics.org\/46\/pumpglow\/\">PUMP event<\/a><\/mark><br><\/td><\/tr><tr><td class=\"has-text-align-center\" data-align=\"center\"><em>Chair: Gillian Ramchand<\/em><\/td><\/tr><tr><td class=\"has-text-align-center\" data-align=\"center\">14:00-15:00<br><br><strong>David Adger <\/strong>(Queen Mary University of London)<br><em><mark style=\"background-color:rgba(0, 0, 0, 0);color:#0a466e\" class=\"has-inline-color\"><a href=\"https:\/\/glowlinguistics.org\/46\/wp-content\/uploads\/sites\/10\/2023\/03\/Adger.pdf\" data-type=\"URL\" data-id=\"https:\/\/glowlinguistics.org\/46\/wp-content\/uploads\/sites\/10\/2023\/03\/Adger.pdf\" target=\"_blank\" rel=\"noreferrer noopener\">Mereological syntax<\/a><\/mark><\/em><br><\/td><\/tr><tr><td class=\"has-text-align-center\" data-align=\"center\">15:00-16:00<br><br><strong>Marcin W\u0105giel <\/strong>(University of Wroc\u0142aw &amp; Masaryk University of Brno)<br><em><mark style=\"background-color:rgba(0, 0, 0, 0);color:#0a466e\" class=\"has-inline-color\"><a rel=\"noreferrer noopener\" href=\"https:\/\/glowlinguistics.org\/46\/wp-content\/uploads\/sites\/10\/2023\/03\/Wagiel.pdf\" data-type=\"URL\" data-id=\"https:\/\/glowlinguistics.org\/46\/wp-content\/uploads\/sites\/10\/2023\/03\/Wagiel.pdf\" target=\"_blank\">Event-external\/internal quantification: a mereotopological account<\/a><\/mark><\/em><br><\/td><\/tr><tr><td class=\"has-text-align-center\" data-align=\"center\">16:00-17:30<br><mark style=\"background-color:rgba(0, 0, 0, 0);color:#c6ae12\" class=\"has-inline-color\">COFFEE &amp; POSTER SESSION<\/mark><br>[list of posters below]<br><\/td><\/tr><tr><td class=\"has-text-align-center\" data-align=\"center\"><em>Chair: Daniel B\u00fcring<\/em><\/td><\/tr><tr><td class=\"has-text-align-center\" data-align=\"center\">17:30-18:30<br><br><strong>Idan Landau <\/strong>(Ben Gurion University)<br><em><mark style=\"background-color:rgba(0, 0, 0, 0);color:#0a466e\" class=\"has-inline-color\"><a href=\"https:\/\/glowlinguistics.org\/46\/wp-content\/uploads\/sites\/10\/2023\/03\/Landau.pdf\" data-type=\"URL\" data-id=\"https:\/\/glowlinguistics.org\/46\/wp-content\/uploads\/sites\/10\/2023\/03\/Landau.pdf\" target=\"_blank\" rel=\"noreferrer noopener\">Force mismatch in clausal ellipsis<\/a><\/mark><\/em><br><\/td><\/tr><tr><td class=\"has-text-align-center\" data-align=\"center\">18:30<br><mark style=\"background-color:rgba(0, 0, 0, 0);color:#c6ae12\" class=\"has-inline-color\">RECEPTION &amp; DRINKS<\/mark><br>musical interlude<\/td><\/tr><\/tbody><\/table><\/figure>\n\n\n<div class=\"wp-block-image\">\n<figure class=\"aligncenter size-full is-resized\"><img loading=\"lazy\" decoding=\"async\" src=\"https:\/\/glowlinguistics.org\/46\/wp-content\/uploads\/sites\/10\/2022\/07\/line2.png\" alt=\"\" class=\"wp-image-156\" width=\"344\" height=\"50\" srcset=\"https:\/\/glowlinguistics.org\/46\/wp-content\/uploads\/sites\/10\/2022\/07\/line2.png 512w, https:\/\/glowlinguistics.org\/46\/wp-content\/uploads\/sites\/10\/2022\/07\/line2-300x44.png 300w\" sizes=\"auto, (max-width: 344px) 85vw, 344px\" \/><\/figure>\n<\/div>\n\n\n<h4 class=\"has-text-align-center wp-block-heading\">Poster Session<\/h4>\n\n\n\n<figure class=\"wp-block-table is-style-stripes\"><table class=\"has-light-gray-background-color has-background\"><tbody><tr><td class=\"has-text-align-center\" data-align=\"center\"><strong>Akshay Aitha <\/strong>(University of Chicago)<br><em><mark style=\"background-color:rgba(0, 0, 0, 0);color:#0a466e\" class=\"has-inline-color\"><em><a href=\"https:\/\/glowlinguistics.org\/46\/wp-content\/uploads\/sites\/10\/2023\/03\/Aitha.pdf\" data-type=\"URL\" data-id=\"https:\/\/glowlinguistics.org\/46\/wp-content\/uploads\/sites\/10\/2023\/03\/Aitha.pdf\" target=\"_blank\" rel=\"noreferrer noopener\">A recipe for readjustment &#8211; the view from Telugu<\/a><\/em><\/mark><\/em><\/td><\/tr><tr><td class=\"has-text-align-center\" data-align=\"center\"><strong>Gary Thoms <\/strong>(New York University)<br><em><mark style=\"background-color:rgba(0, 0, 0, 0);color:#0a466e\" class=\"has-inline-color\"><a href=\"https:\/\/glowlinguistics.org\/46\/wp-content\/uploads\/sites\/10\/2023\/03\/Thoms.pdf\" data-type=\"URL\" data-id=\"https:\/\/glowlinguistics.org\/46\/wp-content\/uploads\/sites\/10\/2023\/03\/Thoms.pdf\" target=\"_blank\" rel=\"noreferrer noopener\">Getting out of the way in Icelandic (and beyond): a sideward movement approach<\/a><\/mark><\/em><\/td><\/tr><tr><td class=\"has-text-align-center\" data-align=\"center\"><strong>Danfeng Wu <\/strong>(University of Oxford)<br><em><mark style=\"background-color:rgba(0, 0, 0, 0);color:#0a466e\" class=\"has-inline-color\"><a href=\"https:\/\/glowlinguistics.org\/46\/wp-content\/uploads\/sites\/10\/2023\/03\/Wu.pdf\" data-type=\"URL\" data-id=\"https:\/\/glowlinguistics.org\/46\/wp-content\/uploads\/sites\/10\/2023\/03\/Wu.pdf\" target=\"_blank\" rel=\"noreferrer noopener\">Allomorphy of \u2018one\u2019 and \u2018two\u2019 in Mandarin Chinese<\/a><\/mark><\/em><\/td><\/tr><tr><td class=\"has-text-align-center\" data-align=\"center\"><strong>Adina Camelia Bleotu <\/strong>(University of Bucharest)<br><em><mark style=\"background-color:rgba(0, 0, 0, 0);color:#0a466e\" class=\"has-inline-color\"><a href=\"https:\/\/glowlinguistics.org\/46\/wp-content\/uploads\/sites\/10\/2023\/03\/Bleotu.pdf\" data-type=\"URL\" data-id=\"https:\/\/glowlinguistics.org\/46\/wp-content\/uploads\/sites\/10\/2023\/03\/Bleotu.pdf\" target=\"_blank\" rel=\"noreferrer noopener\">A meaning-first approach to denominal verbs in child language: compression is hard<\/a><\/mark><\/em><\/td><\/tr><tr><td class=\"has-text-align-center\" data-align=\"center\"><strong>Tue Trinh <\/strong>(Leibniz Centre for General Linguistics)<br><em><mark style=\"background-color:rgba(0, 0, 0, 0);color:#0a466e\" class=\"has-inline-color\">A constraint on performative prefixes<\/mark><\/em><\/td><\/tr><tr><td class=\"has-text-align-center\" data-align=\"center\"><strong>Ryan Walter Smith <\/strong>(University of Manchester)<br><strong>Andrew Koontz-Garboden <\/strong>(University of Manchester)<br><strong>Jens Hopperdietzel <\/strong>(University of Manchester)<br><em><mark style=\"background-color:rgba(0, 0, 0, 0);color:#0a466e\" class=\"has-inline-color\"><a href=\"https:\/\/glowlinguistics.org\/46\/wp-content\/uploads\/sites\/10\/2023\/04\/Smith_et_al.pdf\" data-type=\"URL\" data-id=\"https:\/\/glowlinguistics.org\/46\/wp-content\/uploads\/sites\/10\/2023\/04\/Smith_et_al.pdf\" target=\"_blank\" rel=\"noreferrer noopener\">From state to change of state by type-shift<\/a><\/mark><\/em><\/td><\/tr><tr><td class=\"has-text-align-center\" data-align=\"center\"><s><strong>Coppe van Urk <\/strong>(Queen Mary University of London)<br><em><mark style=\"background-color:rgba(0, 0, 0, 0);color:#0a466e\" class=\"has-inline-color\">A morphophonological conspiracy in Tigrinya<\/mark><\/em><\/s><\/td><\/tr><tr><td class=\"has-text-align-center\" data-align=\"center\"><strong>Jonathan Bobaljik <\/strong>(Harvard University)<br><em><mark style=\"background-color:rgba(0, 0, 0, 0);color:#0a466e\" class=\"has-inline-color\"><a href=\"https:\/\/glowlinguistics.org\/46\/wp-content\/uploads\/sites\/10\/2023\/03\/Bobaljik.pdf\" data-type=\"URL\" data-id=\"https:\/\/glowlinguistics.org\/46\/wp-content\/uploads\/sites\/10\/2023\/03\/Bobaljik.pdf\" target=\"_blank\" rel=\"noreferrer noopener\">Redundant coding is not a good account of OV\/VO alternations in Itelmen<\/a><\/mark><\/em><\/td><\/tr><tr><td class=\"has-text-align-center\" data-align=\"center\"><strong>Marcel den Dikken <\/strong>(E\u00f6tv\u00f6s Lor\u00e1nd University &amp; Hungarian Research Centre for Linguistics)<br><strong>Yue Xing (<\/strong>E\u00f6tv\u00f6s Lor\u00e1nd University &amp; Hungarian Research Centre for Linguistics)<br><em><mark style=\"background-color:rgba(0, 0, 0, 0);color:#0a466e\" class=\"has-inline-color\"><a rel=\"noreferrer noopener\" href=\"https:\/\/glowlinguistics.org\/46\/wp-content\/uploads\/sites\/10\/2023\/03\/denDikken_Xing.pdf\" data-type=\"URL\" data-id=\"https:\/\/glowlinguistics.org\/46\/wp-content\/uploads\/sites\/10\/2023\/03\/denDikken_Xing.pdf\" target=\"_blank\">When Simpson\u2019s law, themehood, and causation meet: the case of Mandarin resultatives<\/a><\/mark><\/em><\/td><\/tr><tr><td class=\"has-text-align-center\" data-align=\"center\"><strong>Zhuosi Luo <\/strong>(Georgetown University)<br><em><mark style=\"background-color:rgba(0, 0, 0, 0);color:#0a466e\" class=\"has-inline-color\"><a href=\"https:\/\/glowlinguistics.org\/46\/wp-content\/uploads\/sites\/10\/2023\/03\/Luo.pdf\" data-type=\"URL\" data-id=\"https:\/\/glowlinguistics.org\/46\/wp-content\/uploads\/sites\/10\/2023\/03\/Luo.pdf\" target=\"_blank\" rel=\"noreferrer noopener\">Taxonomy of implicit causees in Teochew causatives<\/a><\/mark><\/em><\/td><\/tr><tr><td class=\"has-text-align-center\" data-align=\"center\"><strong>Sander Nederveen <\/strong>(University of British Columbia)<br><em><mark style=\"background-color:rgba(0, 0, 0, 0);color:#0a466e\" class=\"has-inline-color\"><a href=\"https:\/\/glowlinguistics.org\/46\/wp-content\/uploads\/sites\/10\/2023\/03\/Nederveen.pdf\" data-type=\"URL\" data-id=\"https:\/\/glowlinguistics.org\/46\/wp-content\/uploads\/sites\/10\/2023\/03\/Nederveen.pdf\" target=\"_blank\" rel=\"noreferrer noopener\">\u0100-driven anti-agreement in Dutch inflectional morphology<\/a><\/mark><\/em><\/td><\/tr><tr><td class=\"has-text-align-center\" data-align=\"center\"><strong>Colin Davis <\/strong>(University of Konstanz)<br><strong>David Diem <\/strong>(University of Konstanz)<br><em><mark style=\"background-color:rgba(0, 0, 0, 0);color:#0a466e\" class=\"has-inline-color\"><a href=\"https:\/\/glowlinguistics.org\/46\/wp-content\/uploads\/sites\/10\/2023\/03\/Davis_Diem.pdf\" data-type=\"URL\" data-id=\"https:\/\/glowlinguistics.org\/46\/wp-content\/uploads\/sites\/10\/2023\/03\/Davis_Diem.pdf\" target=\"_blank\" rel=\"noreferrer noopener\">Doubling by movement within and from PP in Alemannic German<\/a><\/mark><\/em><\/td><\/tr><tr><td class=\"has-text-align-center\" data-align=\"center\"><s><strong>Johannes Rothert <\/strong>(University of Potsdam)<br><em><mark style=\"background-color:rgba(0, 0, 0, 0);color:#0a466e\" class=\"has-inline-color\">An investigation of the case matching requirement in Polish ATB movement and RNR<\/mark><\/em><\/s><\/td><\/tr><tr><td class=\"has-text-align-center\" data-align=\"center\"><strong>Johannes Hein <\/strong>(Humboldt University of Berlin)<br><strong>Imke Driemel <\/strong>(Humboldt University of Berlin)<br><strong>Fabienne Martin <\/strong>(Humboldt University of Berlin)<br><strong>Yining Nie <\/strong>(San Jos\u00e9 State University)<br><strong>Artemis Alexiadou <\/strong>(Leibniz Centre for General Linguistics)<br><em><mark style=\"background-color:rgba(0, 0, 0, 0);color:#0a466e\" class=\"has-inline-color\"><a href=\"https:\/\/glowlinguistics.org\/46\/wp-content\/uploads\/sites\/10\/2023\/03\/Hein_et_al.pdf\" data-type=\"URL\" data-id=\"https:\/\/glowlinguistics.org\/46\/wp-content\/uploads\/sites\/10\/2023\/03\/Hein_et_al.pdf\" target=\"_blank\" rel=\"noreferrer noopener\">Errors of redundancy in child English and beyond<\/a><\/mark><\/em><\/td><\/tr><tr><td class=\"has-text-align-center\" data-align=\"center\"><strong>Joseph Class <\/strong>(University of California Los Angeles)<br><em><mark style=\"background-color:rgba(0, 0, 0, 0);color:#0a466e\" class=\"has-inline-color\"><a href=\"https:\/\/glowlinguistics.org\/46\/wp-content\/uploads\/sites\/10\/2023\/03\/Class.pdf\" data-type=\"URL\" data-id=\"https:\/\/glowlinguistics.org\/46\/wp-content\/uploads\/sites\/10\/2023\/03\/Class.pdf\" target=\"_blank\" rel=\"noreferrer noopener\">Reanalyzing agreement and incorporation restrictions in Southern Tiwa: interaction\/satisfaction meets gluttony<\/a><\/mark><\/em><\/td><\/tr><tr><td class=\"has-text-align-center\" data-align=\"center\"><strong>David Blunier <\/strong>(University of Geneva)<br><strong>Evgeniia Khristoforova <\/strong>(University of Amsterdam)<br><em><mark style=\"background-color:rgba(0, 0, 0, 0);color:#0a466e\" class=\"has-inline-color\"><a href=\"https:\/\/glowlinguistics.org\/46\/wp-content\/uploads\/sites\/10\/2023\/04\/Blunier_Khristoforova.pdf\" data-type=\"URL\" data-id=\"https:\/\/glowlinguistics.org\/46\/wp-content\/uploads\/sites\/10\/2023\/04\/Blunier_Khristoforova.pdf\" target=\"_blank\" rel=\"noreferrer noopener\">Indexicals under role shift in Sign Language of the Netherlands: experimental insights<\/a><\/mark><\/em><\/td><\/tr><tr><td class=\"has-text-align-center\" data-align=\"center\"><strong>Angelica Hill <\/strong>(University of Massachusetts at Amherst)<br><mark style=\"background-color:rgba(0, 0, 0, 0);color:#0a466e\" class=\"has-inline-color\"><em>What about&nbsp;<\/em>about to<em>? A proposal for proximate future reference<\/em><\/mark><\/td><\/tr><tr><td class=\"has-text-align-center\" data-align=\"center\"><strong>Penelope Daniel <\/strong>(University of Connecticut)<br><em><mark style=\"background-color:rgba(0, 0, 0, 0);color:#0a466e\" class=\"has-inline-color\"><a href=\"https:\/\/glowlinguistics.org\/46\/wp-content\/uploads\/sites\/10\/2023\/03\/Daniel.pdf\" data-type=\"URL\" data-id=\"https:\/\/glowlinguistics.org\/46\/wp-content\/uploads\/sites\/10\/2023\/03\/Daniel.pdf\" target=\"_blank\" rel=\"noreferrer noopener\">A unified analysis of differential argument marking<\/a><\/mark><\/em><\/td><\/tr><\/tbody><\/table><\/figure>\n","protected":false},"excerpt":{"rendered":"<p>Thursday, April 13 [Vienna] You can download the full program HERE All slides and posters can be found HERE 8:45-9:00REGISTRATION Chair: Jutta Hartmann 09:00-10:00 Zheng Shen (National University of Singapore)Nick Huang (National University of Singapore)The definiteness effect in wh-fronting and wh-in situ languages 10:00-11:00 Katie McCann (University of Leipzig)Phonological exceptions are morphotactic exceptions given phonological &hellip; <a href=\"https:\/\/glowlinguistics.org\/46\/main-session-day-2\/\" class=\"more-link\">Continue reading<span class=\"screen-reader-text\"> &#8220;Main session day 2&#8221;<\/span><\/a><\/p>\n","protected":false},"author":19,"featured_media":0,"parent":0,"menu_order":0,"comment_status":"closed","ping_status":"closed","template":"","meta":{"footnotes":""},"class_list":["post-523","page","type-page","status-publish","hentry"],"_links":{"self":[{"href":"https:\/\/glowlinguistics.org\/46\/wp-json\/wp\/v2\/pages\/523","targetHints":{"allow":["GET"]}}],"collection":[{"href":"https:\/\/glowlinguistics.org\/46\/wp-json\/wp\/v2\/pages"}],"about":[{"href":"https:\/\/glowlinguistics.org\/46\/wp-json\/wp\/v2\/types\/page"}],"author":[{"embeddable":true,"href":"https:\/\/glowlinguistics.org\/46\/wp-json\/wp\/v2\/users\/19"}],"replies":[{"embeddable":true,"href":"https:\/\/glowlinguistics.org\/46\/wp-json\/wp\/v2\/comments?post=523"}],"version-history":[{"count":43,"href":"https:\/\/glowlinguistics.org\/46\/wp-json\/wp\/v2\/pages\/523\/revisions"}],"predecessor-version":[{"id":846,"href":"https:\/\/glowlinguistics.org\/46\/wp-json\/wp\/v2\/pages\/523\/revisions\/846"}],"wp:attachment":[{"href":"https:\/\/glowlinguistics.org\/46\/wp-json\/wp\/v2\/media?parent=523"}],"curies":[{"name":"wp","href":"https:\/\/api.w.org\/{rel}","templated":true}]}}