{"id":540,"date":"2023-02-27T07:05:00","date_gmt":"2023-02-27T07:05:00","guid":{"rendered":"https:\/\/glowlinguistics.org\/46\/?page_id=540"},"modified":"2023-04-14T15:28:52","modified_gmt":"2023-04-14T15:28:52","slug":"program-phonology-workshop","status":"publish","type":"page","link":"https:\/\/glowlinguistics.org\/46\/program-phonology-workshop\/","title":{"rendered":"Workshop II: Non-automatic Alternations in Phonology"},"content":{"rendered":"\n<h4 class=\"has-text-align-center wp-block-heading\"><br><strong>Saturday, April 15 [Vienna]<\/strong><\/h4>\n\n\n\n<p class=\"has-text-align-center\">You can download the full program <a rel=\"noreferrer noopener\" href=\"https:\/\/glowlinguistics.org\/46\/wp-content\/uploads\/sites\/10\/2023\/03\/GLOW-46-Program.pdf\" data-type=\"URL\" data-id=\"https:\/\/glowlinguistics.org\/46\/wp-content\/uploads\/sites\/10\/2023\/03\/GLOW-46-Program.pdf\" target=\"_blank\">HERE<\/a><\/p>\n\n\n\n<p class=\"has-text-align-center\">All slides and posters can be found <a rel=\"noreferrer noopener\" href=\"https:\/\/ucloud.univie.ac.at\/index.php\/s\/YumaCJpJEG1bJY4\" data-type=\"URL\" data-id=\"https:\/\/ucloud.univie.ac.at\/index.php\/s\/YumaCJpJEG1bJY4\" target=\"_blank\">HERE<\/a><\/p>\n\n\n\n<figure class=\"wp-block-table is-style-stripes\"><table class=\"has-light-gray-background-color has-background\"><tbody><tr><td class=\"has-text-align-center\" data-align=\"center\">09:50-10:00<br><mark style=\"background-color:rgba(0, 0, 0, 0);color:#c6ae12\" class=\"has-inline-color\">OPENING<\/mark><br><\/td><\/tr><tr><td class=\"has-text-align-center\" data-align=\"center\"><em>Chair: Sabrina Bendjaballah<\/em><\/td><\/tr><tr><td class=\"has-text-align-center\" data-align=\"center\">10:00-11:00<br><br><strong>P\u00e9ter Szigetv\u00e1ri <\/strong>(E\u00f6tv\u00f6s Lor\u00e1nd University)<br><em><mark style=\"background-color:rgba(0, 0, 0, 0);color:#0a466e\" class=\"has-inline-color\"><a href=\"https:\/\/glowlinguistics.org\/46\/wp-content\/uploads\/sites\/10\/2023\/03\/Szigetvari.pdf\" data-type=\"URL\" data-id=\"https:\/\/glowlinguistics.org\/46\/wp-content\/uploads\/sites\/10\/2023\/03\/Szigetvari.pdf\" target=\"_blank\" rel=\"noreferrer noopener\">Is vowel reduction in English phonological?<\/a><\/mark><\/em><br><\/td><\/tr><tr><td class=\"has-text-align-center\" data-align=\"center\"><br><br><s><strong>Coppe van Urk <\/strong>(Queen Mary University of London)<br><strong>Adam Chong <\/strong>(Queen Mary University of London)<br><em><mark style=\"background-color:rgba(0, 0, 0, 0);color:#0a466e\" class=\"has-inline-color\">A concatenative view of nonconcatenative morphology in Dinka<\/mark><\/em><\/s><br><\/td><\/tr><tr><td class=\"has-text-align-center\" data-align=\"center\">11:00-11:30<br><mark style=\"background-color:rgba(0, 0, 0, 0);color:#c6ae12\" class=\"has-inline-color\">COFFEE<\/mark><br><\/td><\/tr><tr><td class=\"has-text-align-center\" data-align=\"center\"><em>Chair: P\u00e9ter Szigetv\u00e1ri<\/em><\/td><\/tr><tr><td class=\"has-text-align-center\" data-align=\"center\">11.30-12:30<br><br><strong>Edoardo Cavirani <\/strong>(KU Leuven)<br><em><mark style=\"background-color:rgba(0, 0, 0, 0);color:#0a466e\" class=\"has-inline-color\"><a href=\"https:\/\/glowlinguistics.org\/46\/wp-content\/uploads\/sites\/10\/2023\/03\/Cavirani.pdf\" data-type=\"URL\" data-id=\"https:\/\/glowlinguistics.org\/46\/wp-content\/uploads\/sites\/10\/2023\/03\/Cavirani.pdf\" target=\"_blank\" rel=\"noreferrer noopener\">Dittongo mobile: no allomorphy, just phonology<\/a><\/mark><\/em><br><\/td><\/tr><tr><td class=\"has-text-align-center\" data-align=\"center\">12:30-14:00<br><mark style=\"background-color:rgba(0, 0, 0, 0);color:#c6ae12\" class=\"has-inline-color\">LUNCH<\/mark><br><\/td><\/tr><tr><td class=\"has-text-align-center\" data-align=\"center\"><em>Chair: Markus P\u00f6chtrager<\/em><\/td><\/tr><tr><td class=\"has-text-align-center\" data-align=\"center\">14:00-15:00<br><br><strong>INVITED SPEAKER<\/strong><br><strong>&nbsp;Sabrina Bendjaballah <\/strong>(CNRS &amp; Nantes Universit\u00e9)<br><em><mark style=\"background-color:rgba(0, 0, 0, 0);color:#0a466e\" class=\"has-inline-color\">Rules are exceptional. Exceptions are rule governed: on the scope of rules, and the memorization of their output.<\/mark><br><\/em><\/td><\/tr><tr><td class=\"has-text-align-center\" data-align=\"center\">15:00-16:00<br><br><strong>Giorgos Markopoulos <\/strong>(University of the Aegean)<br><strong>Anthi Revithiadou <\/strong>(Aristotle University of Thessaloniki)<strong><br><\/strong><em><mark style=\"background-color:rgba(0, 0, 0, 0);color:#0a466e\" class=\"has-inline-color\"><a href=\"https:\/\/glowlinguistics.org\/46\/wp-content\/uploads\/sites\/10\/2023\/03\/Markopoulos_Revithiadou.pdf\" data-type=\"URL\" data-id=\"https:\/\/glowlinguistics.org\/46\/wp-content\/uploads\/sites\/10\/2023\/03\/Markopoulos_Revithiadou.pdf\" target=\"_blank\" rel=\"noreferrer noopener\">F as in fricative or as in fortis? Or both?<\/a><\/mark><\/em><br><\/td><\/tr><tr><td class=\"has-text-align-center\" data-align=\"center\">16:00-16:30<br><mark style=\"background-color:rgba(0, 0, 0, 0);color:#c6ae12\" class=\"has-inline-color\">COFFEE<\/mark><br><\/td><\/tr><tr><td class=\"has-text-align-center\" data-align=\"center\"><em>Chair: Anthi Revithiadou<\/em><\/td><\/tr><tr><td class=\"has-text-align-center\" data-align=\"center\">16:30-17:30<br><br><strong>Adeline Tan <\/strong>(University of California Los Angeles)<br><em><mark style=\"background-color:rgba(0, 0, 0, 0);color:#0a466e\" class=\"has-inline-color\"><a href=\"https:\/\/glowlinguistics.org\/46\/wp-content\/uploads\/sites\/10\/2023\/03\/Tan.pdf\" data-type=\"URL\" data-id=\"https:\/\/glowlinguistics.org\/46\/wp-content\/uploads\/sites\/10\/2023\/03\/Tan.pdf\" target=\"_blank\" rel=\"noreferrer noopener\">Modeling inter-speaker variation in velar softening<\/a><\/mark><\/em><br><\/td><\/tr><tr><td class=\"has-text-align-center\" data-align=\"center\">17:30-18:30<br><br><strong>P\u00e9ter Rebrus <\/strong>(E\u00f6tv\u00f6s Lor\u00e1nd University &amp; Hungarian Research Centre for Linguistics)<br><strong>Mikl\u00f3s T\u00f6rkenczy <\/strong>(E\u00f6tv\u00f6s Lor\u00e1nd University &amp; Hungarian Research Centre for Linguistics)<br><strong>P\u00e9ter Szigetv\u00e1ri <\/strong>(E\u00f6tv\u00f6s Lor\u00e1nd University)<br><em><mark style=\"background-color:rgba(0, 0, 0, 0);color:#0a466e\" class=\"has-inline-color\"><a href=\"https:\/\/glowlinguistics.org\/46\/wp-content\/uploads\/sites\/10\/2023\/03\/Rebrus_Szigetvari_Toerkenczy.pdf\" data-type=\"URL\" data-id=\"https:\/\/glowlinguistics.org\/46\/wp-content\/uploads\/sites\/10\/2023\/03\/Rebrus_Szigetvari_Toerkenczy.pdf\">Paradigmatic conservatism: a case of defectiveness<\/a><\/mark><\/em><\/td><\/tr><\/tbody><\/table><\/figure>\n","protected":false},"excerpt":{"rendered":"<p>Saturday, April 15 [Vienna] You can download the full program HERE All slides and posters can be found HERE 09:50-10:00OPENING Chair: Sabrina Bendjaballah 10:00-11:00 P\u00e9ter Szigetv\u00e1ri (E\u00f6tv\u00f6s Lor\u00e1nd University)Is vowel reduction in English phonological? Coppe van Urk (Queen Mary University of London)Adam Chong (Queen Mary University of London)A concatenative view of nonconcatenative morphology in Dinka &hellip; <a href=\"https:\/\/glowlinguistics.org\/46\/program-phonology-workshop\/\" class=\"more-link\">Continue reading<span class=\"screen-reader-text\"> &#8220;Workshop II: Non-automatic Alternations in Phonology&#8221;<\/span><\/a><\/p>\n","protected":false},"author":19,"featured_media":0,"parent":0,"menu_order":0,"comment_status":"closed","ping_status":"closed","template":"","meta":{"footnotes":""},"class_list":["post-540","page","type-page","status-publish","hentry"],"_links":{"self":[{"href":"https:\/\/glowlinguistics.org\/46\/wp-json\/wp\/v2\/pages\/540","targetHints":{"allow":["GET"]}}],"collection":[{"href":"https:\/\/glowlinguistics.org\/46\/wp-json\/wp\/v2\/pages"}],"about":[{"href":"https:\/\/glowlinguistics.org\/46\/wp-json\/wp\/v2\/types\/page"}],"author":[{"embeddable":true,"href":"https:\/\/glowlinguistics.org\/46\/wp-json\/wp\/v2\/users\/19"}],"replies":[{"embeddable":true,"href":"https:\/\/glowlinguistics.org\/46\/wp-json\/wp\/v2\/comments?post=540"}],"version-history":[{"count":24,"href":"https:\/\/glowlinguistics.org\/46\/wp-json\/wp\/v2\/pages\/540\/revisions"}],"predecessor-version":[{"id":858,"href":"https:\/\/glowlinguistics.org\/46\/wp-json\/wp\/v2\/pages\/540\/revisions\/858"}],"wp:attachment":[{"href":"https:\/\/glowlinguistics.org\/46\/wp-json\/wp\/v2\/media?parent=540"}],"curies":[{"name":"wp","href":"https:\/\/api.w.org\/{rel}","templated":true}]}}