{"id":23,"date":"2019-03-09T01:33:26","date_gmt":"2019-03-08T16:33:26","guid":{"rendered":"http:\/\/sicogg.or.kr\/?page_id=23"},"modified":"2020-07-03T18:11:28","modified_gmt":"2020-07-03T18:11:28","slug":"home","status":"publish","type":"page","link":"https:\/\/glowlinguistics.org\/asia12\/","title":{"rendered":""},"content":{"rendered":"\n<figure class=\"wp-block-image size-large\"><img loading=\"lazy\" decoding=\"async\" width=\"894\" height=\"502\" src=\"https:\/\/glowlinguistics.org\/asia12\/wp-content\/uploads\/sites\/7\/2019\/03\/e1552193271728.jpg\" alt=\"\" class=\"wp-image-178\" srcset=\"https:\/\/glowlinguistics.org\/asia12\/wp-content\/uploads\/sites\/7\/2019\/03\/e1552193271728.jpg 894w, https:\/\/glowlinguistics.org\/asia12\/wp-content\/uploads\/sites\/7\/2019\/03\/e1552193271728-300x168.jpg 300w, https:\/\/glowlinguistics.org\/asia12\/wp-content\/uploads\/sites\/7\/2019\/03\/e1552193271728-768x431.jpg 768w\" sizes=\"auto, (max-width: 894px) 100vw, 894px\" \/><\/figure>\n\n\n\n<h4 class=\"wp-block-heading\"><strong>Generative Linguistics in the Old World in Asia 12 in Seoul<\/strong><br><\/h4>\n\n\n\n<h4 class=\"wp-block-heading\"><strong> Seoul International Conference on Generative Grammar 21 <\/strong><\/h4>\n\n\n\n<p>The 12th Generative Linguistics in the Old World in Asia (GLOW in Asia 12) and the 21st Seoul International Conference on Generative Grammar (SICOGG 21) will take place as a joint conference <strong>on August 7-9 at Dongguk University in Seoul, Korea<\/strong>. The main conference will be preceded by a one-day workshop on \u201c(Non-)Complementation\u201d <strong>on August 6 at Dongguk University<\/strong>. <\/p>\n\n\n\n<p><br><strong>Invited Speakers<\/strong><\/p>\n\n\n\n<figure class=\"wp-block-table\"><table><tbody><tr><td><strong>Main session:<\/strong><\/td><\/tr><tr><td><a rel=\"noreferrer noopener\" href=\"http:\/\/web.uconn.edu\/boskovic\/\" target=\"_blank\"><strong>&nbsp; \u017deljko Bo\u0161kovi\u0107&nbsp;<\/strong><\/a>(University of Connecticut)<\/td><\/tr><tr><td><a rel=\"noreferrer noopener\" href=\"https:\/\/linguistics.ubc.ca\/person\/martina-wiltschko\/\" target=\"_blank\"><strong>&nbsp; Martina Wiltschko&nbsp;<\/strong><\/a>(University of British Columbia)<\/td><\/tr><tr><td><a rel=\"noreferrer noopener\" href=\"http:\/\/ling.cuhk.edu.hk\/people\/victor\/\" target=\"_blank\"><strong>&nbsp; Victor Pan&nbsp;<\/strong><\/a>(Chinese University of Hong Kong)<\/td><\/tr><tr><td><strong>Workshop:<\/strong><\/td><\/tr><tr><td><a rel=\"noreferrer noopener\" href=\"http:\/\/individual.utoronto.ca\/keirmoulton\/\" target=\"_blank\"><strong>&nbsp; Keir Moulton&nbsp;<\/strong><\/a>(University of Toronto)<\/td><\/tr><\/tbody><\/table><\/figure>\n\n\n\n<p><br><strong>Organizers<\/strong><\/p>\n\n\n\n<figure class=\"wp-block-table\"><table><tbody><tr><td>  <strong>Duk-Ho An<\/strong> (Konkuk University) (<strong>andukho@konkuk.ac.kr<\/strong>)<br><\/td><\/tr><tr><td>  <strong>Michael Barrie<\/strong> (Sogang University)<\/td><\/tr><tr><td>  <strong>Rhanghyeyun Kim<\/strong> (Korea University) <\/td><\/tr><tr><td>  <strong>Jong Kun Lee<\/strong> (Mokpo National University)<\/td><\/tr><tr><td>   <strong>Myung-Kwan Park<\/strong> (Dongguk University) <\/td><\/tr><\/tbody><\/table><\/figure>\n\n\n\n<p><br><strong>Hosted by <\/strong><br> The Korean Generative Grammar Circle<\/p>\n\n\n\n<p><strong>Supervised by <\/strong><br> [Center for Korean Studies, Korea University] <br> &amp; [Dongguk University Humanities Research Institute &amp; Research Institute for East-West Thought]<\/p>\n\n\n\n<p><strong>Funded by <\/strong><br> [National Research Foundation of Korea], <br> [Center for Korean Studies, Korea University], <br> &amp; [Dongguk University Humanities Research Institute &amp; Research Institute for East-West Thought]<\/p>\n\n\n\n<p><br><strong>Important Dates<\/strong><\/p>\n\n\n\n<figure class=\"wp-block-table is-style-stripes\"><table><tbody><tr><td><strong>Abstract submission deadline:<\/strong><\/td><td><del>March 28 <\/del> <br><strong>April 4<\/strong> , 2019<\/td><\/tr><tr><td><strong>Notification of acceptance:<\/strong><\/td><td>early May, 2019 (tentative)<\/td><\/tr><tr><td><strong>Workshop date:<\/strong><\/td><td>August 6, 2019<\/td><\/tr><tr><td><strong>Main Conference dates:<\/strong><\/td><td>August 7-9, 2019<\/td><\/tr><\/tbody><\/table><\/figure>\n","protected":false},"excerpt":{"rendered":"<p>Generative Linguistics in the Old World in Asia 12 in Seoul Seoul International Conference on Generative Grammar 21 The 12th Generative Linguistics in the Old World in Asia (GLOW in Asia 12) and the 21st Seoul International Conference on Generative Grammar (SICOGG 21) will take place as a joint conference on August 7-9 at Dongguk [&hellip;]<\/p>\n","protected":false},"author":14,"featured_media":0,"parent":0,"menu_order":0,"comment_status":"closed","ping_status":"closed","template":"","meta":{"site-sidebar-layout":"default","site-content-layout":"default","ast-site-content-layout":"default","site-content-style":"default","site-sidebar-style":"default","ast-global-header-display":"","ast-banner-title-visibility":"","ast-main-header-display":"","ast-hfb-above-header-display":"","ast-hfb-below-header-display":"","ast-hfb-mobile-header-display":"","site-post-title":"","ast-breadcrumbs-content":"","ast-featured-img":"","footer-sml-layout":"","ast-disable-related-posts":"","theme-transparent-header-meta":"default","adv-header-id-meta":"","stick-header-meta":"","header-above-stick-meta":"","header-main-stick-meta":"","header-below-stick-meta":"","astra-migrate-meta-layouts":"default","ast-page-background-enabled":"default","ast-page-background-meta":{"desktop":{"background-color":"","background-image":"","background-repeat":"repeat","background-position":"center center","background-size":"auto","background-attachment":"scroll","background-type":"","background-media":"","overlay-type":"","overlay-color":"","overlay-opacity":"","overlay-gradient":""},"tablet":{"background-color":"","background-image":"","background-repeat":"repeat","background-position":"center center","background-size":"auto","background-attachment":"scroll","background-type":"","background-media":"","overlay-type":"","overlay-color":"","overlay-opacity":"","overlay-gradient":""},"mobile":{"background-color":"","background-image":"","background-repeat":"repeat","background-position":"center center","background-size":"auto","background-attachment":"scroll","background-type":"","background-media":"","overlay-type":"","overlay-color":"","overlay-opacity":"","overlay-gradient":""}},"ast-content-background-meta":{"desktop":{"background-color":"var(--ast-global-color-5)","background-image":"","background-repeat":"repeat","background-position":"center center","background-size":"auto","background-attachment":"scroll","background-type":"","background-media":"","overlay-type":"","overlay-color":"","overlay-opacity":"","overlay-gradient":""},"tablet":{"background-color":"var(--ast-global-color-5)","background-image":"","background-repeat":"repeat","background-position":"center center","background-size":"auto","background-attachment":"scroll","background-type":"","background-media":"","overlay-type":"","overlay-color":"","overlay-opacity":"","overlay-gradient":""},"mobile":{"background-color":"var(--ast-global-color-5)","background-image":"","background-repeat":"repeat","background-position":"center center","background-size":"auto","background-attachment":"scroll","background-type":"","background-media":"","overlay-type":"","overlay-color":"","overlay-opacity":"","overlay-gradient":""}},"footnotes":""},"class_list":["post-23","page","type-page","status-publish","hentry"],"_links":{"self":[{"href":"https:\/\/glowlinguistics.org\/asia12\/wp-json\/wp\/v2\/pages\/23","targetHints":{"allow":["GET"]}}],"collection":[{"href":"https:\/\/glowlinguistics.org\/asia12\/wp-json\/wp\/v2\/pages"}],"about":[{"href":"https:\/\/glowlinguistics.org\/asia12\/wp-json\/wp\/v2\/types\/page"}],"author":[{"embeddable":true,"href":"https:\/\/glowlinguistics.org\/asia12\/wp-json\/wp\/v2\/users\/14"}],"replies":[{"embeddable":true,"href":"https:\/\/glowlinguistics.org\/asia12\/wp-json\/wp\/v2\/comments?post=23"}],"version-history":[{"count":1,"href":"https:\/\/glowlinguistics.org\/asia12\/wp-json\/wp\/v2\/pages\/23\/revisions"}],"predecessor-version":[{"id":1894,"href":"https:\/\/glowlinguistics.org\/asia12\/wp-json\/wp\/v2\/pages\/23\/revisions\/1894"}],"wp:attachment":[{"href":"https:\/\/glowlinguistics.org\/asia12\/wp-json\/wp\/v2\/media?parent=23"}],"curies":[{"name":"wp","href":"https:\/\/api.w.org\/{rel}","templated":true}]}}